{"id":11663,"date":"2015-05-26T10:16:41","date_gmt":"2015-05-26T10:16:41","guid":{"rendered":"https:\/\/www.easydaykhaolak.com\/?page_id=11663"},"modified":"2024-06-21T20:32:22","modified_gmt":"2024-06-21T13:32:22","slug":"escursioni-a-phuket","status":"publish","type":"page","link":"https:\/\/www.easydaykhaolak.com\/it\/khao-lak-escursioni-attivita\/escursioni-a-phuket\/","title":{"rendered":"Escursioni a Phuket"},"content":{"rendered":"\n<p>Escursioni da Khao Lak a Phuket &#8211; Giri turistici, Shopping, Spettacoli, Vita notturna, Cultura e molto altro vi aspettano sull&#8217;isola di Phuket.<\/p>\n\n\n\n<p>Giro turistico di Phuket<\/p>\n\n\n\n<h2 class=\"wp-block-heading\"><a title=\"Phuket Sightseeing Tour\" href=\"https:\/\/www.easydaykhaolak.com\/khao-lak-tours\/phuket-tours\/phuket-sightseeing-tour\/\">Giro turistico di Phuket<\/a><\/h2>\n\n\n\n<p>L&#8217;isola di Phuket \u00e8 ricca di storia. Phuket una volta era una delle principali vie commerciali tra l&#8217;India e la Cina. In passato le principali industrie riguardavano la gomma e il commercio della latta (pellicola di ferro stagnato), tuttavia, al giorno d&#8217;oggi il principale introito dell&#8217;isola \u00e8 costituito dal turismo.<br><strong><strong>Prezzo in Thai Baht per persona: 8,700 | Bambini&nbsp;(4-10 anni)&nbsp;<strong>1,000<\/strong><\/strong><\/strong><\/p>\n\n\n\n<p class=\"has-text-align-right\"><a title=\"Phuket Sightseeing Tour\" href=\"https:\/\/www.easydaykhaolak.com\/khao-lak-tours\/phuket-tours\/phuket-sightseeing-tour\/\"><strong>Maggiori informazioni&#8230;<\/strong><\/a><\/p>\n\n\n<div class=\"divider\"><\/div>\n\n\n<div class=\"wp-block-image\">\n<figure class=\"alignleft\"><a href=\"https:\/\/www.easydaykhaolak.com\/khao-lak-tours\/phuket-tours\/phuket-fantasea-tour\/\"><img data-recalc-dims=\"1\" loading=\"lazy\" decoding=\"async\" width=\"150\" height=\"150\" src=\"https:\/\/i0.wp.com\/www.easydaykhaolak.com\/wp-content\/uploads\/2014\/04\/fantasea.jpg?resize=150%2C150&#038;ssl=1\" alt=\"Fantasea Phuket Tour\" class=\"wp-image-160\"\/><\/a><figcaption class=\"wp-element-caption\">Fantasea Phuket.<\/figcaption><\/figure>\n<\/div>\n\n\n<h2 class=\"wp-block-heading\"><a title=\"Phuket Fantasea Tour\" href=\"https:\/\/www.easydaykhaolak.com\/khao-lak-tours\/phuket-tours\/phuket-fantasea-tour\/\">Fantasea Show a Phuket<\/a><\/h2>\n\n\n\n<p>Il Fantasea \u00e8 il pi\u00f9 chiacchierato show di Phuket. E&#8217; adatto a qualsiasi et\u00e0 e risulta godibile da persone di qualsiasi nazionalit\u00e0. Fantasea \u00e8 una combinazione di effetti speciali high tech e tradizione culturale, musicale e animale Thai.<br><strong>Prezzo in Thai Baht per persona: 2,250 | Bambini&nbsp;(4-12year) 2,050<\/strong><\/p>\n\n\n\n<p class=\"has-text-align-right\"><a title=\"Phuket Fantasea Tour\" href=\"https:\/\/www.easydaykhaolak.com\/khao-lak-tours\/phuket-tours\/phuket-fantasea-tour\/\"><strong>Maggiori informazioni&#8230;<\/strong><\/a><\/p>\n\n\n<div class=\"divider\"><\/div>\n\n\n<div class=\"wp-block-image\">\n<figure class=\"alignleft\"><a href=\"https:\/\/www.easydaykhaolak.com\/khao-lak-tours\/phuket-tours\/khao-lak-shopping\/\"><img data-recalc-dims=\"1\" loading=\"lazy\" decoding=\"async\" width=\"150\" height=\"150\" src=\"https:\/\/i0.wp.com\/www.easydaykhaolak.com\/wp-content\/uploads\/2014\/05\/Jung-Ceylon-Shopping-Mall.jpg?resize=150%2C150&#038;ssl=1\" alt=\"Jung Ceylon - Centro commerciale\" class=\"wp-image-414\" srcset=\"https:\/\/i0.wp.com\/www.easydaykhaolak.com\/wp-content\/uploads\/2014\/05\/Jung-Ceylon-Shopping-Mall.jpg?resize=150%2C150&amp;ssl=1 150w, https:\/\/i0.wp.com\/www.easydaykhaolak.com\/wp-content\/uploads\/2014\/05\/Jung-Ceylon-Shopping-Mall.jpg?zoom=2&amp;resize=150%2C150&amp;ssl=1 300w\" sizes=\"(max-width: 150px) 100vw, 150px\" \/><\/a><figcaption class=\"wp-element-caption\">Jung Ceylon &#8211; Centro commerciale<\/figcaption><\/figure>\n<\/div>\n\n\n<h2 class=\"wp-block-heading\"><a title=\"Khao Lak Shopping Tour\" href=\"https:\/\/www.easydaykhaolak.com\/khao-lak-tours\/phuket-tours\/khao-lak-shopping\/\">Shopping Tour a Phuket<\/a><\/h2>\n\n\n\n<p>La visita&nbsp;al centro commerciale&nbsp;Jung Ceylon a Patong, isola di Phuket, soddisfer\u00e0 i vostri desideri di shopping. Jung Ceylon&nbsp;\u00e8 la capitale dello shopping qui a Phuket, desiderosa di servire ogni turista e metterlo a proprio agio mentre fa compere.<br>Jung Ceylon offre tutti gli ultimi prodotti delle pi\u00f9 famose marche e assicura l&#8217;autenticit\u00e0 delle merci.<br><strong><strong><strong>Prezzo in Thai Baht per persona:<\/strong><\/strong> [eds_jungcylon] | Bambini&nbsp;(4- 11 anni) [eds_jungcylon_kids] <\/strong><\/p>\n\n\n\n<p class=\"has-text-align-right\"><strong><a title=\"Khao Lak Shopping Tour to Phuket\" href=\"https:\/\/www.easydaykhaolak.com\/khao-lak-tours\/phuket-tours\/khao-lak-shopping\/\">Maggiori informazioni&#8230;<\/a><\/strong><\/p>\n\n\n<div class=\"divider\"><\/div>\n\n\n\n<h2 class=\"wp-block-heading\">Contattateci per la vostra escursione da Khao Lak a Phuket<\/h2>\n\n\n\n\t\t\t\t\t\t<script>\n\t\t\t\t\t\t\twindow.hsFormsOnReady = window.hsFormsOnReady || [];\n\t\t\t\t\t\t\twindow.hsFormsOnReady.push(()=>{\n\t\t\t\t\t\t\t\thbspt.forms.create({\n\t\t\t\t\t\t\t\t\tportalId: 3413662,\n\t\t\t\t\t\t\t\t\tformId: \"6d19941b-f6ab-487e-bebe-897a0ccb6621\",\n\t\t\t\t\t\t\t\t\ttarget: \"#hbspt-form-1778692734000-5732189235\",\n\t\t\t\t\t\t\t\t\tregion: \"na1\",\n\t\t\t\t\t\t\t\t\t\n\t\t\t\t\t\t\t})});\n\t\t\t\t\t\t<\/script>\n\t\t\t\t\t\t<div class=\"hbspt-form\" id=\"hbspt-form-1778692734000-5732189235\"><\/div>\n","protected":false},"excerpt":{"rendered":"<p>Escursioni da Khao Lak a Phuket &#8211; Giri turistici, Shopping, Spettacoli, Vita notturna, Cultura e molto altro vi aspettano sull&#8217;isola di Phuket. Giro turistico di Phuket Giro turistico di Phuket [&hellip;]<\/p>\n","protected":false},"author":2,"featured_media":0,"parent":11653,"menu_order":0,"comment_status":"closed","ping_status":"open","template":"","meta":{"_et_pb_use_builder":"","_et_pb_old_content":"","_et_gb_content_width":"","content-type":"","footnotes":""},"class_list":["post-11663","page","type-page","status-publish","hentry"],"yoast_head":"<!-- This site is optimized with the Yoast SEO plugin v27.6 - https:\/\/yoast.com\/product\/yoast-seo-wordpress\/ -->\n<title>Escursioni a Phuket - Easy Day Khao Lak<\/title>\n<meta name=\"description\" content=\"Escursioni a Phuket - Easy Day Khao Lak\" \/>\n<meta name=\"robots\" content=\"index, follow, max-snippet:-1, max-image-preview:large, max-video-preview:-1\" \/>\n<link rel=\"canonical\" href=\"https:\/\/www.easydaykhaolak.com\/it\/khao-lak-escursioni-attivita\/escursioni-a-phuket\/\" \/>\n<meta property=\"og:locale\" content=\"it_IT\" \/>\n<meta property=\"og:type\" content=\"article\" \/>\n<meta property=\"og:title\" content=\"Escursioni a Phuket - Easy Day Khao Lak\" \/>\n<meta property=\"og:description\" content=\"Escursioni a Phuket - Easy Day Khao Lak\" \/>\n<meta property=\"og:url\" content=\"https:\/\/www.easydaykhaolak.com\/it\/khao-lak-escursioni-attivita\/escursioni-a-phuket\/\" \/>\n<meta property=\"og:site_name\" content=\"Easy Day Khao Lak\" \/>\n<meta property=\"article:modified_time\" content=\"2024-06-21T13:32:22+00:00\" \/>\n<meta property=\"og:image\" content=\"https:\/\/www.easydaykhaolak.com\/wp-content\/uploads\/2014\/04\/fantasea-150x150.jpg\" \/>\n<meta name=\"twitter:label1\" content=\"Tempo di lettura stimato\" \/>\n\t<meta name=\"twitter:data1\" content=\"2 minuti\" \/>\n<script type=\"application\/ld+json\" class=\"yoast-schema-graph\">{\"@context\":\"https:\\\/\\\/schema.org\",\"@graph\":[{\"@type\":\"WebPage\",\"@id\":\"https:\\\/\\\/www.easydaykhaolak.com\\\/it\\\/khao-lak-escursioni-attivita\\\/escursioni-a-phuket\\\/\",\"url\":\"https:\\\/\\\/www.easydaykhaolak.com\\\/it\\\/khao-lak-escursioni-attivita\\\/escursioni-a-phuket\\\/\",\"name\":\"Escursioni a Phuket - Easy Day Khao Lak\",\"isPartOf\":{\"@id\":\"https:\\\/\\\/www.easydaykhaolak.com\\\/#website\"},\"primaryImageOfPage\":{\"@id\":\"https:\\\/\\\/www.easydaykhaolak.com\\\/it\\\/khao-lak-escursioni-attivita\\\/escursioni-a-phuket\\\/#primaryimage\"},\"image\":{\"@id\":\"https:\\\/\\\/www.easydaykhaolak.com\\\/it\\\/khao-lak-escursioni-attivita\\\/escursioni-a-phuket\\\/#primaryimage\"},\"thumbnailUrl\":\"https:\\\/\\\/www.easydaykhaolak.com\\\/wp-content\\\/uploads\\\/2014\\\/04\\\/fantasea-150x150.jpg\",\"datePublished\":\"2015-05-26T10:16:41+00:00\",\"dateModified\":\"2024-06-21T13:32:22+00:00\",\"description\":\"Escursioni a Phuket - Easy Day Khao Lak\",\"breadcrumb\":{\"@id\":\"https:\\\/\\\/www.easydaykhaolak.com\\\/it\\\/khao-lak-escursioni-attivita\\\/escursioni-a-phuket\\\/#breadcrumb\"},\"inLanguage\":\"it-IT\",\"potentialAction\":[{\"@type\":\"ReadAction\",\"target\":[\"https:\\\/\\\/www.easydaykhaolak.com\\\/it\\\/khao-lak-escursioni-attivita\\\/escursioni-a-phuket\\\/\"]}]},{\"@type\":\"ImageObject\",\"inLanguage\":\"it-IT\",\"@id\":\"https:\\\/\\\/www.easydaykhaolak.com\\\/it\\\/khao-lak-escursioni-attivita\\\/escursioni-a-phuket\\\/#primaryimage\",\"url\":\"https:\\\/\\\/www.easydaykhaolak.com\\\/wp-content\\\/uploads\\\/2014\\\/04\\\/fantasea-150x150.jpg\",\"contentUrl\":\"https:\\\/\\\/www.easydaykhaolak.com\\\/wp-content\\\/uploads\\\/2014\\\/04\\\/fantasea-150x150.jpg\"},{\"@type\":\"BreadcrumbList\",\"@id\":\"https:\\\/\\\/www.easydaykhaolak.com\\\/it\\\/khao-lak-escursioni-attivita\\\/escursioni-a-phuket\\\/#breadcrumb\",\"itemListElement\":[{\"@type\":\"ListItem\",\"position\":1,\"name\":\"Home\",\"item\":\"https:\\\/\\\/www.easydaykhaolak.com\\\/\"},{\"@type\":\"ListItem\",\"position\":2,\"name\":\"Khao Lak Escursioni &#038; Attivit\u00e0\",\"item\":\"https:\\\/\\\/www.easydaykhaolak.com\\\/it\\\/khao-lak-escursioni-attivita\\\/\"},{\"@type\":\"ListItem\",\"position\":3,\"name\":\"Escursioni a Phuket\"}]},{\"@type\":\"WebSite\",\"@id\":\"https:\\\/\\\/www.easydaykhaolak.com\\\/#website\",\"url\":\"https:\\\/\\\/www.easydaykhaolak.com\\\/\",\"name\":\"Easy Day Khao Lak\",\"description\":\"Your Khao Lak Tour &amp; Travel Partner\",\"publisher\":{\"@id\":\"https:\\\/\\\/www.easydaykhaolak.com\\\/#organization\"},\"potentialAction\":[{\"@type\":\"SearchAction\",\"target\":{\"@type\":\"EntryPoint\",\"urlTemplate\":\"https:\\\/\\\/www.easydaykhaolak.com\\\/?s={search_term_string}\"},\"query-input\":{\"@type\":\"PropertyValueSpecification\",\"valueRequired\":true,\"valueName\":\"search_term_string\"}}],\"inLanguage\":\"it-IT\"},{\"@type\":\"Organization\",\"@id\":\"https:\\\/\\\/www.easydaykhaolak.com\\\/#organization\",\"name\":\"ED1 Ltd., Part.\",\"url\":\"https:\\\/\\\/www.easydaykhaolak.com\\\/\",\"logo\":{\"@type\":\"ImageObject\",\"inLanguage\":\"it-IT\",\"@id\":\"https:\\\/\\\/www.easydaykhaolak.com\\\/#\\\/schema\\\/logo\\\/image\\\/\",\"url\":\"https:\\\/\\\/www.easydaykhaolak.com\\\/wp-content\\\/uploads\\\/2016\\\/04\\\/Easy-Day-Thailand-Site-Icon.png\",\"contentUrl\":\"https:\\\/\\\/www.easydaykhaolak.com\\\/wp-content\\\/uploads\\\/2016\\\/04\\\/Easy-Day-Thailand-Site-Icon.png\",\"width\":512,\"height\":512,\"caption\":\"ED1 Ltd., Part.\"},\"image\":{\"@id\":\"https:\\\/\\\/www.easydaykhaolak.com\\\/#\\\/schema\\\/logo\\\/image\\\/\"}}]}<\/script>\n<!-- \/ Yoast SEO plugin. -->","yoast_head_json":{"title":"Escursioni a Phuket - Easy Day Khao Lak","description":"Escursioni a Phuket - Easy Day Khao Lak","robots":{"index":"index","follow":"follow","max-snippet":"max-snippet:-1","max-image-preview":"max-image-preview:large","max-video-preview":"max-video-preview:-1"},"canonical":"https:\/\/www.easydaykhaolak.com\/it\/khao-lak-escursioni-attivita\/escursioni-a-phuket\/","og_locale":"it_IT","og_type":"article","og_title":"Escursioni a Phuket - Easy Day Khao Lak","og_description":"Escursioni a Phuket - Easy Day Khao Lak","og_url":"https:\/\/www.easydaykhaolak.com\/it\/khao-lak-escursioni-attivita\/escursioni-a-phuket\/","og_site_name":"Easy Day Khao Lak","article_modified_time":"2024-06-21T13:32:22+00:00","og_image":[{"url":"https:\/\/www.easydaykhaolak.com\/wp-content\/uploads\/2014\/04\/fantasea-150x150.jpg","type":"","width":"","height":""}],"twitter_misc":{"Tempo di lettura stimato":"2 minuti"},"schema":{"@context":"https:\/\/schema.org","@graph":[{"@type":"WebPage","@id":"https:\/\/www.easydaykhaolak.com\/it\/khao-lak-escursioni-attivita\/escursioni-a-phuket\/","url":"https:\/\/www.easydaykhaolak.com\/it\/khao-lak-escursioni-attivita\/escursioni-a-phuket\/","name":"Escursioni a Phuket - Easy Day Khao Lak","isPartOf":{"@id":"https:\/\/www.easydaykhaolak.com\/#website"},"primaryImageOfPage":{"@id":"https:\/\/www.easydaykhaolak.com\/it\/khao-lak-escursioni-attivita\/escursioni-a-phuket\/#primaryimage"},"image":{"@id":"https:\/\/www.easydaykhaolak.com\/it\/khao-lak-escursioni-attivita\/escursioni-a-phuket\/#primaryimage"},"thumbnailUrl":"https:\/\/www.easydaykhaolak.com\/wp-content\/uploads\/2014\/04\/fantasea-150x150.jpg","datePublished":"2015-05-26T10:16:41+00:00","dateModified":"2024-06-21T13:32:22+00:00","description":"Escursioni a Phuket - Easy Day Khao Lak","breadcrumb":{"@id":"https:\/\/www.easydaykhaolak.com\/it\/khao-lak-escursioni-attivita\/escursioni-a-phuket\/#breadcrumb"},"inLanguage":"it-IT","potentialAction":[{"@type":"ReadAction","target":["https:\/\/www.easydaykhaolak.com\/it\/khao-lak-escursioni-attivita\/escursioni-a-phuket\/"]}]},{"@type":"ImageObject","inLanguage":"it-IT","@id":"https:\/\/www.easydaykhaolak.com\/it\/khao-lak-escursioni-attivita\/escursioni-a-phuket\/#primaryimage","url":"https:\/\/www.easydaykhaolak.com\/wp-content\/uploads\/2014\/04\/fantasea-150x150.jpg","contentUrl":"https:\/\/www.easydaykhaolak.com\/wp-content\/uploads\/2014\/04\/fantasea-150x150.jpg"},{"@type":"BreadcrumbList","@id":"https:\/\/www.easydaykhaolak.com\/it\/khao-lak-escursioni-attivita\/escursioni-a-phuket\/#breadcrumb","itemListElement":[{"@type":"ListItem","position":1,"name":"Home","item":"https:\/\/www.easydaykhaolak.com\/"},{"@type":"ListItem","position":2,"name":"Khao Lak Escursioni &#038; Attivit\u00e0","item":"https:\/\/www.easydaykhaolak.com\/it\/khao-lak-escursioni-attivita\/"},{"@type":"ListItem","position":3,"name":"Escursioni a Phuket"}]},{"@type":"WebSite","@id":"https:\/\/www.easydaykhaolak.com\/#website","url":"https:\/\/www.easydaykhaolak.com\/","name":"Easy Day Khao Lak","description":"Your Khao Lak Tour &amp; Travel Partner","publisher":{"@id":"https:\/\/www.easydaykhaolak.com\/#organization"},"potentialAction":[{"@type":"SearchAction","target":{"@type":"EntryPoint","urlTemplate":"https:\/\/www.easydaykhaolak.com\/?s={search_term_string}"},"query-input":{"@type":"PropertyValueSpecification","valueRequired":true,"valueName":"search_term_string"}}],"inLanguage":"it-IT"},{"@type":"Organization","@id":"https:\/\/www.easydaykhaolak.com\/#organization","name":"ED1 Ltd., Part.","url":"https:\/\/www.easydaykhaolak.com\/","logo":{"@type":"ImageObject","inLanguage":"it-IT","@id":"https:\/\/www.easydaykhaolak.com\/#\/schema\/logo\/image\/","url":"https:\/\/www.easydaykhaolak.com\/wp-content\/uploads\/2016\/04\/Easy-Day-Thailand-Site-Icon.png","contentUrl":"https:\/\/www.easydaykhaolak.com\/wp-content\/uploads\/2016\/04\/Easy-Day-Thailand-Site-Icon.png","width":512,"height":512,"caption":"ED1 Ltd., Part."},"image":{"@id":"https:\/\/www.easydaykhaolak.com\/#\/schema\/logo\/image\/"}}]}},"jetpack_shortlink":"https:\/\/wp.me\/Pg4etg-327","jetpack-related-posts":[],"jetpack_sharing_enabled":true,"_links":{"self":[{"href":"https:\/\/www.easydaykhaolak.com\/it\/wp-json\/wp\/v2\/pages\/11663","targetHints":{"allow":["GET"]}}],"collection":[{"href":"https:\/\/www.easydaykhaolak.com\/it\/wp-json\/wp\/v2\/pages"}],"about":[{"href":"https:\/\/www.easydaykhaolak.com\/it\/wp-json\/wp\/v2\/types\/page"}],"author":[{"embeddable":true,"href":"https:\/\/www.easydaykhaolak.com\/it\/wp-json\/wp\/v2\/users\/2"}],"replies":[{"embeddable":true,"href":"https:\/\/www.easydaykhaolak.com\/it\/wp-json\/wp\/v2\/comments?post=11663"}],"version-history":[{"count":0,"href":"https:\/\/www.easydaykhaolak.com\/it\/wp-json\/wp\/v2\/pages\/11663\/revisions"}],"up":[{"embeddable":true,"href":"https:\/\/www.easydaykhaolak.com\/it\/wp-json\/wp\/v2\/pages\/11653"}],"wp:attachment":[{"href":"https:\/\/www.easydaykhaolak.com\/it\/wp-json\/wp\/v2\/media?parent=11663"}],"curies":[{"name":"wp","href":"https:\/\/api.w.org\/{rel}","templated":true}]}}