{"id":14647,"date":"2018-07-16T11:42:22","date_gmt":"2018-07-16T04:42:22","guid":{"rendered":"https:\/\/www.easydaykhaolak.com\/?page_id=14647"},"modified":"2024-06-21T18:11:27","modified_gmt":"2024-06-21T11:11:27","slug":"phi-phi-island-james-bond-island-tour","status":"publish","type":"page","link":"https:\/\/www.easydaykhaolak.com\/de\/phi-phi-island-james-bond-island-tour\/","title":{"rendered":"Phi Phi Island &#038; James Bond Island Tour"},"content":{"rendered":"<div class=\"wp-block-image\">\n<figure class=\"alignright\"><a href=\"https:\/\/i0.wp.com\/www.easydaykhaolak.com\/wp-content\/uploads\/2018\/07\/Phang-Nga-Bay-Caves-Sea-Canoe-Tour-Views.jpg?ssl=1\"><img data-recalc-dims=\"1\" loading=\"lazy\" decoding=\"async\" width=\"300\" height=\"225\" data-attachment-id=\"14712\" data-permalink=\"https:\/\/www.easydaykhaolak.com\/de\/phi-phi-island-james-bond-island-tour\/phang-nga-bay-caves-sea-canoe-tour-views\/\" data-orig-file=\"https:\/\/i0.wp.com\/www.easydaykhaolak.com\/wp-content\/uploads\/2018\/07\/Phang-Nga-Bay-Caves-Sea-Canoe-Tour-Views.jpg?fit=300%2C225&amp;ssl=1\" data-orig-size=\"300,225\" data-comments-opened=\"1\" data-image-meta=\"{&quot;aperture&quot;:&quot;0&quot;,&quot;credit&quot;:&quot;&quot;,&quot;camera&quot;:&quot;&quot;,&quot;caption&quot;:&quot;Phang Nga Bay Caves \\u0026amp; Sea Canoe Tour - Views&quot;,&quot;created_timestamp&quot;:&quot;0&quot;,&quot;copyright&quot;:&quot;&quot;,&quot;focal_length&quot;:&quot;0&quot;,&quot;iso&quot;:&quot;0&quot;,&quot;shutter_speed&quot;:&quot;0&quot;,&quot;title&quot;:&quot;Phang Nga Bay Caves \\u0026amp; Sea Canoe Tour - Views&quot;,&quot;orientation&quot;:&quot;1&quot;}\" data-image-title=\"Phang Nga Bay Caves &amp;amp; Sea Canoe Tour &amp;#8211; Views\" data-image-description=\"\" data-image-caption=\"&lt;p&gt;Phang Nga Bay Caves &amp;amp; Sea Canoe Tour &amp;#8211; Views&lt;\/p&gt;\n\" data-large-file=\"https:\/\/i0.wp.com\/www.easydaykhaolak.com\/wp-content\/uploads\/2018\/07\/Phang-Nga-Bay-Caves-Sea-Canoe-Tour-Views.jpg?fit=300%2C225&amp;ssl=1\" src=\"https:\/\/i0.wp.com\/www.easydaykhaolak.com\/wp-content\/uploads\/2018\/07\/Phang-Nga-Bay-Caves-Sea-Canoe-Tour-Views.jpg?resize=300%2C225&#038;ssl=1\" alt=\"\" class=\"wp-image-14712\" srcset=\"https:\/\/i0.wp.com\/www.easydaykhaolak.com\/wp-content\/uploads\/2018\/07\/Phang-Nga-Bay-Caves-Sea-Canoe-Tour-Views.jpg?w=300&amp;ssl=1 300w, https:\/\/i0.wp.com\/www.easydaykhaolak.com\/wp-content\/uploads\/2018\/07\/Phang-Nga-Bay-Caves-Sea-Canoe-Tour-Views.jpg?resize=73%2C55&amp;ssl=1 73w\" sizes=\"(max-width: 300px) 100vw, 300px\" \/><\/a><figcaption class=\"wp-element-caption\">Phang Nga Bay Caves &amp; Sea Canoe Tour &#8211; Views<\/figcaption><\/figure>\n<\/div>\n\n\n<p><strong>Phi Phi Island &amp; James Bond Island Tour<\/strong> in einem Ausflug kombiniert. Diese Khao Lak Tour ist mit \u00dcbernachtung in Phi Phi Island verbindet s\u00e4mtliche Sehensw\u00fcrdigkeiten der beiden Regionen miteinander.<\/p>\n\n\n<div class=\"shortcode-unorderedlist star\"><\/p>\n<ul>\n<li>Kanufahren Phang Nga Bay<\/li>\n<li>James Bond Island!<\/li>\n<li>\u00dcbernachtung in Phi Phi !<\/li>\n<li>T\u00e4gliches Mittagessen am Wasser.<\/li>\n<li>Sch\u00f6nsten Sehensw\u00fcrdigkeiten!<\/li>\n<li>Abseits der Massen!<\/li>\n<\/ul>\n<p style=\"text-align: center;\"><span style=\"color: #ff0000;\"><strong>Jeden Dienstag &amp; Donnerstag!<\/strong><\/span><\/p>\n<p><\/div>\n\n\n\n<p> <strong>Peise in Thai Baht pro Person: 7,500 | <\/strong>Kinder (4-12 Jahren)\u00a05,500 <a title=\"Easy Day Contact Form\" href=\"#form\"><strong>&gt;&gt; Ihr unverbindliches Angebot!<\/strong> <\/a><\/p>\n\n\n\n<p><strong>James Bond &amp; Phi Phi Iskand Tour inklusive:<\/strong><br><\/p>\n\n\n<div class=\"shortcode-unorderedlist tick\"><\/p>\n<ul>\n<li>Hoteltransfer von &amp; zum Khao Lak Hotel.<\/li>\n<li><strong>Kanufahren<\/strong> und James Bond island<\/li>\n<li>Englischsprachiger Guide.<\/li>\n<li>2 x Mittagessen &amp; 1 x Abend Buffet.<\/li>\n<li>Zweibett Bungalow im <a href=\"https:\/\/www.easydayphuket.com\/de\/phuket-hotels\/insel-resorts-phuket\/phi-phi-bay-view-resort\/\"><strong>Phi Phi Bay View Resort<\/strong><\/a> mit Fr\u00fchst\u00fcck.<\/li>\n<li>Softdrinks, Wasser, Fr\u00fcchte &amp; Snacks.<\/li>\n<li>Schnorchel Ausr\u00fcstung.<\/li>\n<li>Steuern &amp; Unfallversicherung.<\/li>\n<\/ul>\n<p>Die <strong>Nationalpark-Geb\u00fchr<\/strong> ist im Preis <strong>nicht enthalten<\/strong> und kann direkt auf den Boot gezahlt werden. Der Preis f\u00fcr <strong>Erwachsene betr\u00e4gt 1,000 Thai Baht pro Person <\/strong>und<strong> Kinder 500 Thai Baht pro Person.<\/strong><\/p>\n<p><\/div>\n\n\n\n\n<p class=\"has-text-align-right\"><a href=\"#form\"class=\"wpz-sc-button\" style=\"\"><span class=\"wpz-\">Kontakt<\/span><\/a><\/p>\n\n\n\n<h2 class=\"wp-block-heading\">Phi Phi Island &amp; James Bond Island Tour &#8211; Galerie<\/h2>\n\n\n\n<figure class=\"wp-block-gallery has-nested-images columns-3 is-cropped wp-block-gallery-1 is-layout-flex wp-block-gallery-is-layout-flex\">\n\n\n\n\n\n\n\n\n\n\n\n\n\n\n\n\n\n\n\n\n\n\n\n\n\n\n\n<\/figure>\n\n\n\n<h2 class=\"wp-block-heading\"><strong>Phi Phi Island &amp; James Bond Island Tour &#8211;&nbsp;<\/strong> Tourplan<\/h2>\n\n\n\n<p><strong>1.Tag &#8211; James Bond Island &amp; Railay Beach<\/strong><\/p>\n\n\n\n<ul class=\"wp-block-list\">\n<li>07:00 &#8211; Abholung vom Khao Lak Hotel und Transfer zur Royal Phuket Marina<\/li>\n\n\n\n<li>08:30 &#8211; Abfahrt zur Registrierung und Erkl\u00e4rung in der Boot Lounge.<\/li>\n\n\n\n<li>09:30 &#8211; Start des Abenteuers zur komfortablen Speedboot Tour in die\u00a0<strong>Phang Nga Bay<\/strong>\n<ul class=\"wp-block-list\">\n<li>Genie\u00dfen Sie das Kanufahren entlang der Inseln und durch fantastische H\u00f6hlen.<\/li>\n\n\n\n<li>Besuch der Bekannten\u00a0<strong>James Bond Island\u00a0<\/strong><\/li>\n\n\n\n<li>Dann \u00dcberfahrt zum\u00a0<strong>Railay Beach<\/strong> zu einem leckeren Mittagessen und Entspannung am Strand.<\/li>\n\n\n\n<li>Anschlie\u00dfend r\u00fcber nach Phi Phi Island zum schwimmen, schnorcheln &amp; relaxen.<\/li>\n<\/ul>\n<\/li>\n\n\n\n<li>17:00 &#8211; Abfahrt zum Phi Phi Tonsai Village, einchecken im\u00a0<a href=\"https:\/\/www.easydayphuket.com\/de\/phuket-hotels\/insel-resorts-phuket\/phi-phi-bay-view-resort\/\"><strong>Phi Phi Bay View Resort<\/strong><\/a><\/li>\n\n\n\n<li>19:00 &#8211; Abend Buffet mit Aussicht \u00fcber die Phi Phi Tonsai Bay und Freizeit zum erkunden des Nachtlebens.<\/li>\n<\/ul>\n\n\n\n<p><strong>2.Tag &#8211; Phi Phi Island, Maya Bay &amp; Bamboo Island<\/strong><\/p>\n\n\n\n<ul class=\"wp-block-list\">\n<li>06:30 &#8211; Aufstehen, Fr\u00fchst\u00fcck im Restaurant mit Meerblick.<\/li>\n\n\n\n<li>07:30 &#8211;\u00a0 Zur\u00fcck aufs Speedboot und auf zum\u00a0<strong>Maya Beach**<\/strong>\u00a0Ankunft vor den anderen Touristen.\n<ul class=\"wp-block-list\">\n<li>Zeit zum schnorcheln und Besuch am\u00a0<strong>Monkey Beach.<\/strong><\/li>\n\n\n\n<li>Entspannen am Strand, schwimmen &amp; schnorcheln.<\/li>\n\n\n\n<li>Mittagessen im\u00a0<strong>Phi Phi Natural Resort<\/strong> mit abwechslungsreichen Buffet und Aussicht auf\u00a0<strong>Laemthong Beach<\/strong><\/li>\n\n\n\n<li>Nach einem Kaffee oder einem Eis geht es dann zu einer kurzen \u00dcberfahrt nach\u00a0<strong>Bamboo Island\u00a0<\/strong><\/li>\n<\/ul>\n<\/li>\n\n\n\n<li>15:00 &#8211; Abfahrt von Bamboo Island und zur\u00fcck nach Phuket.<\/li>\n\n\n\n<li>16:30 &#8211; Ankunft in der Royal Phuket Marina und R\u00fccktransfer zu Ihrem Khao Lak Hotel.<\/li>\n<\/ul>\n\n\n\n<p>*&nbsp;Der hier aufgef\u00fchrte Tourplan ist ein Beispiel und kann je nach Wetter und Meeresbedingungen, Logistik usw. \u00e4ndern. Abholzeit im Hotel ist abh\u00e4ngig vom jeweiligen Standort.<\/p>\n\n\n\n<p>** <strong>Maya Beach<\/strong>&nbsp;ist von Juni bis Ende September nicht zug\u00e4nglich!<\/p>\n\n\n\n<p class=\"has-text-align-right\"><a href=\"#form\"class=\"wpz-sc-button\" style=\"\"><span class=\"wpz-\">Buchen \/ Kontakt<\/span><\/a><\/p>\n\n\n\n<p>Die&nbsp;<strong>Phi Phi Island &amp; James Bond Island Tour<\/strong>&nbsp;ist die Beste Khao Lak Tour mit \u00dcbernachtung, welche in zwei Tagen alles beinhaltet was es in der Region zu sehen gibt. Am ersten Tag geht es in die Phang Nga Bay zum Kanuing rund um die Panak Insel oder <strong>Koh Hong Island<\/strong>. Danach zur bekannten<strong> James Bond Insel<\/strong> mit einer Rundfahrt der Phang Nga Bay<\/p>\n\n\n\n<p>\u00dcberfahrt zum&nbsp;<strong>Railay Beach<\/strong>&nbsp;zum entspannen und Mittagessen. Nachmittag weiter nach&nbsp;<strong>Phi Phi Island<\/strong>&nbsp;zum schwimmen und schnorcheln. Sp\u00e4ter dann einchecken im Phi Phi Bay View Resort. Freizeit zum erkunden des&nbsp;<strong>Tonsai Village<\/strong> vor dem Sonnenuntergang und anschlie\u00dfendem Abend Buffet mit Meerblick. Wenn Sie m\u00f6chten haben Sie dann genug Zeit sich dem Nachtleben von Phi Phi Island zu stellen.<\/p>\n\n\n\n<p>Am zweiten Tag geht es fr\u00fch raus zum Fr\u00fchst\u00fccksbuffet und dann zur Erkundung von <strong>Phi Phi Island<\/strong>. Sie Besuchen die <strong>Phi Ley Lagoon<\/strong>, Maya Bay und schnorcheln an drei verschiedenen Str\u00e4nden <strong>Monkey Beach<\/strong>. Mittagsbuffet am Phi Phi&nbsp;<strong>Laemthong Beach <\/strong>und dann nach<strong> Bamboo Island <\/strong>zur letzten Insel mit Schnorchelplatz und schwimmen bevor es wieder nach Khao Lak zur\u00fcck geht.<\/p>\n\n\n\n<h2 class=\"wp-block-heading\" id=\"form\">Schreiben Sie uns &#8211; Phi Phi Island &amp; James Bond Island Tour<\/h2>\n\n\n\n\t\t\t\t\t\t<script>\n\t\t\t\t\t\t\twindow.hsFormsOnReady = window.hsFormsOnReady || [];\n\t\t\t\t\t\t\twindow.hsFormsOnReady.push(()=>{\n\t\t\t\t\t\t\t\thbspt.forms.create({\n\t\t\t\t\t\t\t\t\tportalId: 3413662,\n\t\t\t\t\t\t\t\t\tformId: \"51775174-3b69-4a05-9e8f-ce47dfab9464\",\n\t\t\t\t\t\t\t\t\ttarget: \"#hbspt-form-1776252423000-5976534831\",\n\t\t\t\t\t\t\t\t\tregion: \"na1\",\n\t\t\t\t\t\t\t\t\t\n\t\t\t\t\t\t\t})});\n\t\t\t\t\t\t<\/script>\n\t\t\t\t\t\t<div class=\"hbspt-form\" id=\"hbspt-form-1776252423000-5976534831\"><\/div>\n\n\n\n<p><strong>Vergleichbare Ausfl\u00fcge in anderen Easy Day Destinationen<\/strong><\/p>\n\n\n\n<ul class=\"wp-block-list\">\n<li><a href=\"https:\/\/www.easydaykhaolak.com\/de\/private-khao-lak-touren\/phang-nga-bay-caves-sea-canoe-tour\/\">Beste private Sea Canoe Tour von Khao Lak!\u00a0<\/a><\/li>\n\n\n\n<li><a href=\"https:\/\/www.easydaykhaolak.com\/de\/khao-lak-ausfluge\/phi-phi-island-touren\/phi-phi-islands-overnight\/\">Phi Phi Island Tour mit \u00dcbernachtung auf dem Schiff!<\/a><\/li>\n<\/ul>\n","protected":false},"excerpt":{"rendered":"<p>Phi Phi Island &amp; James Bond Island Tour in einem Ausflug kombiniert. Diese Khao Lak Tour ist mit \u00dcbernachtung in Phi Phi Island verbindet s\u00e4mtliche Sehensw\u00fcrdigkeiten der beiden Regionen miteinander. [&hellip;]<\/p>\n","protected":false},"author":3,"featured_media":0,"parent":0,"menu_order":0,"comment_status":"closed","ping_status":"closed","template":"","meta":{"_et_pb_use_builder":"","_et_pb_old_content":"","_et_gb_content_width":"","content-type":"","footnotes":""},"class_list":["post-14647","page","type-page","status-publish","hentry"],"yoast_head":"<!-- This site is optimized with the Yoast SEO plugin v27.4 - https:\/\/yoast.com\/product\/yoast-seo-wordpress\/ -->\n<title>Phi Phi Island &amp; James Bond Island Tour mit Easy Day Khao Lak.<\/title>\n<meta name=\"description\" content=\"Von Khao Lak aus zur Phi Phi Island &amp; James Bond Island Tour mit \u00dcbernachtung. Ein fantastischer Ausflug zu den sch\u00f6nsten Sehensw\u00fcrdigkeiten der Region.\" \/>\n<meta name=\"robots\" content=\"index, follow, max-snippet:-1, max-image-preview:large, max-video-preview:-1\" \/>\n<link rel=\"canonical\" href=\"https:\/\/www.easydaykhaolak.com\/de\/phi-phi-island-james-bond-island-tour\/\" \/>\n<meta property=\"og:locale\" content=\"de_DE\" \/>\n<meta property=\"og:type\" content=\"article\" \/>\n<meta property=\"og:title\" content=\"Phi Phi Island &amp; James Bond Island Tour mit Easy Day Khao Lak.\" \/>\n<meta property=\"og:description\" content=\"Von Khao Lak aus zur Phi Phi Island &amp; James Bond Island Tour mit \u00dcbernachtung. Ein fantastischer Ausflug zu den sch\u00f6nsten Sehensw\u00fcrdigkeiten der Region.\" \/>\n<meta property=\"og:url\" content=\"https:\/\/www.easydaykhaolak.com\/de\/phi-phi-island-james-bond-island-tour\/\" \/>\n<meta property=\"og:site_name\" content=\"Easy Day Khao Lak\" \/>\n<meta property=\"article:modified_time\" content=\"2024-06-21T11:11:27+00:00\" \/>\n<meta property=\"og:image\" content=\"https:\/\/www.easydaykhaolak.com\/wp-content\/uploads\/2018\/07\/Phang-Nga-Bay-Caves-Sea-Canoe-Tour-Views-300x225.jpg\" \/>\n<meta name=\"twitter:label1\" content=\"Gesch\u00e4tzte Lesezeit\" \/>\n\t<meta name=\"twitter:data1\" content=\"7\u00a0Minuten\" \/>\n<script type=\"application\/ld+json\" class=\"yoast-schema-graph\">{\"@context\":\"https:\\\/\\\/schema.org\",\"@graph\":[{\"@type\":\"WebPage\",\"@id\":\"https:\\\/\\\/www.easydaykhaolak.com\\\/de\\\/phi-phi-island-james-bond-island-tour\\\/\",\"url\":\"https:\\\/\\\/www.easydaykhaolak.com\\\/de\\\/phi-phi-island-james-bond-island-tour\\\/\",\"name\":\"Phi Phi Island & James Bond Island Tour mit Easy Day Khao Lak.\",\"isPartOf\":{\"@id\":\"https:\\\/\\\/www.easydaykhaolak.com\\\/#website\"},\"primaryImageOfPage\":{\"@id\":\"https:\\\/\\\/www.easydaykhaolak.com\\\/de\\\/phi-phi-island-james-bond-island-tour\\\/#primaryimage\"},\"image\":{\"@id\":\"https:\\\/\\\/www.easydaykhaolak.com\\\/de\\\/phi-phi-island-james-bond-island-tour\\\/#primaryimage\"},\"thumbnailUrl\":\"https:\\\/\\\/www.easydaykhaolak.com\\\/wp-content\\\/uploads\\\/2018\\\/07\\\/Phang-Nga-Bay-Caves-Sea-Canoe-Tour-Views-300x225.jpg\",\"datePublished\":\"2018-07-16T04:42:22+00:00\",\"dateModified\":\"2024-06-21T11:11:27+00:00\",\"description\":\"Von Khao Lak aus zur Phi Phi Island & James Bond Island Tour mit \u00dcbernachtung. Ein fantastischer Ausflug zu den sch\u00f6nsten Sehensw\u00fcrdigkeiten der Region.\",\"breadcrumb\":{\"@id\":\"https:\\\/\\\/www.easydaykhaolak.com\\\/de\\\/phi-phi-island-james-bond-island-tour\\\/#breadcrumb\"},\"inLanguage\":\"de\",\"potentialAction\":[{\"@type\":\"ReadAction\",\"target\":[\"https:\\\/\\\/www.easydaykhaolak.com\\\/de\\\/phi-phi-island-james-bond-island-tour\\\/\"]}]},{\"@type\":\"ImageObject\",\"inLanguage\":\"de\",\"@id\":\"https:\\\/\\\/www.easydaykhaolak.com\\\/de\\\/phi-phi-island-james-bond-island-tour\\\/#primaryimage\",\"url\":\"https:\\\/\\\/www.easydaykhaolak.com\\\/wp-content\\\/uploads\\\/2018\\\/07\\\/Phang-Nga-Bay-Caves-Sea-Canoe-Tour-Views-300x225.jpg\",\"contentUrl\":\"https:\\\/\\\/www.easydaykhaolak.com\\\/wp-content\\\/uploads\\\/2018\\\/07\\\/Phang-Nga-Bay-Caves-Sea-Canoe-Tour-Views-300x225.jpg\"},{\"@type\":\"BreadcrumbList\",\"@id\":\"https:\\\/\\\/www.easydaykhaolak.com\\\/de\\\/phi-phi-island-james-bond-island-tour\\\/#breadcrumb\",\"itemListElement\":[{\"@type\":\"ListItem\",\"position\":1,\"name\":\"Home\",\"item\":\"https:\\\/\\\/www.easydaykhaolak.com\\\/\"},{\"@type\":\"ListItem\",\"position\":2,\"name\":\"Phi Phi Island &#038; James Bond Island Tour\"}]},{\"@type\":\"WebSite\",\"@id\":\"https:\\\/\\\/www.easydaykhaolak.com\\\/#website\",\"url\":\"https:\\\/\\\/www.easydaykhaolak.com\\\/\",\"name\":\"Easy Day Khao Lak\",\"description\":\"Ihr Partner in Khao Lak f\u00fcr Ausfl\u00fcge & Touren\",\"publisher\":{\"@id\":\"https:\\\/\\\/www.easydaykhaolak.com\\\/#organization\"},\"potentialAction\":[{\"@type\":\"SearchAction\",\"target\":{\"@type\":\"EntryPoint\",\"urlTemplate\":\"https:\\\/\\\/www.easydaykhaolak.com\\\/?s={search_term_string}\"},\"query-input\":{\"@type\":\"PropertyValueSpecification\",\"valueRequired\":true,\"valueName\":\"search_term_string\"}}],\"inLanguage\":\"de\"},{\"@type\":\"Organization\",\"@id\":\"https:\\\/\\\/www.easydaykhaolak.com\\\/#organization\",\"name\":\"ED1 Ltd., Part.\",\"url\":\"https:\\\/\\\/www.easydaykhaolak.com\\\/\",\"logo\":{\"@type\":\"ImageObject\",\"inLanguage\":\"de\",\"@id\":\"https:\\\/\\\/www.easydaykhaolak.com\\\/#\\\/schema\\\/logo\\\/image\\\/\",\"url\":\"https:\\\/\\\/www.easydaykhaolak.com\\\/wp-content\\\/uploads\\\/2016\\\/04\\\/Easy-Day-Thailand-Site-Icon.png\",\"contentUrl\":\"https:\\\/\\\/www.easydaykhaolak.com\\\/wp-content\\\/uploads\\\/2016\\\/04\\\/Easy-Day-Thailand-Site-Icon.png\",\"width\":512,\"height\":512,\"caption\":\"ED1 Ltd., Part.\"},\"image\":{\"@id\":\"https:\\\/\\\/www.easydaykhaolak.com\\\/#\\\/schema\\\/logo\\\/image\\\/\"}}]}<\/script>\n<!-- \/ Yoast SEO plugin. -->","yoast_head_json":{"title":"Phi Phi Island & James Bond Island Tour mit Easy Day Khao Lak.","description":"Von Khao Lak aus zur Phi Phi Island & James Bond Island Tour mit \u00dcbernachtung. Ein fantastischer Ausflug zu den sch\u00f6nsten Sehensw\u00fcrdigkeiten der Region.","robots":{"index":"index","follow":"follow","max-snippet":"max-snippet:-1","max-image-preview":"max-image-preview:large","max-video-preview":"max-video-preview:-1"},"canonical":"https:\/\/www.easydaykhaolak.com\/de\/phi-phi-island-james-bond-island-tour\/","og_locale":"de_DE","og_type":"article","og_title":"Phi Phi Island & James Bond Island Tour mit Easy Day Khao Lak.","og_description":"Von Khao Lak aus zur Phi Phi Island & James Bond Island Tour mit \u00dcbernachtung. Ein fantastischer Ausflug zu den sch\u00f6nsten Sehensw\u00fcrdigkeiten der Region.","og_url":"https:\/\/www.easydaykhaolak.com\/de\/phi-phi-island-james-bond-island-tour\/","og_site_name":"Easy Day Khao Lak","article_modified_time":"2024-06-21T11:11:27+00:00","og_image":[{"url":"https:\/\/www.easydaykhaolak.com\/wp-content\/uploads\/2018\/07\/Phang-Nga-Bay-Caves-Sea-Canoe-Tour-Views-300x225.jpg","type":"","width":"","height":""}],"twitter_misc":{"Gesch\u00e4tzte Lesezeit":"7\u00a0Minuten"},"schema":{"@context":"https:\/\/schema.org","@graph":[{"@type":"WebPage","@id":"https:\/\/www.easydaykhaolak.com\/de\/phi-phi-island-james-bond-island-tour\/","url":"https:\/\/www.easydaykhaolak.com\/de\/phi-phi-island-james-bond-island-tour\/","name":"Phi Phi Island & James Bond Island Tour mit Easy Day Khao Lak.","isPartOf":{"@id":"https:\/\/www.easydaykhaolak.com\/#website"},"primaryImageOfPage":{"@id":"https:\/\/www.easydaykhaolak.com\/de\/phi-phi-island-james-bond-island-tour\/#primaryimage"},"image":{"@id":"https:\/\/www.easydaykhaolak.com\/de\/phi-phi-island-james-bond-island-tour\/#primaryimage"},"thumbnailUrl":"https:\/\/www.easydaykhaolak.com\/wp-content\/uploads\/2018\/07\/Phang-Nga-Bay-Caves-Sea-Canoe-Tour-Views-300x225.jpg","datePublished":"2018-07-16T04:42:22+00:00","dateModified":"2024-06-21T11:11:27+00:00","description":"Von Khao Lak aus zur Phi Phi Island & James Bond Island Tour mit \u00dcbernachtung. Ein fantastischer Ausflug zu den sch\u00f6nsten Sehensw\u00fcrdigkeiten der Region.","breadcrumb":{"@id":"https:\/\/www.easydaykhaolak.com\/de\/phi-phi-island-james-bond-island-tour\/#breadcrumb"},"inLanguage":"de","potentialAction":[{"@type":"ReadAction","target":["https:\/\/www.easydaykhaolak.com\/de\/phi-phi-island-james-bond-island-tour\/"]}]},{"@type":"ImageObject","inLanguage":"de","@id":"https:\/\/www.easydaykhaolak.com\/de\/phi-phi-island-james-bond-island-tour\/#primaryimage","url":"https:\/\/www.easydaykhaolak.com\/wp-content\/uploads\/2018\/07\/Phang-Nga-Bay-Caves-Sea-Canoe-Tour-Views-300x225.jpg","contentUrl":"https:\/\/www.easydaykhaolak.com\/wp-content\/uploads\/2018\/07\/Phang-Nga-Bay-Caves-Sea-Canoe-Tour-Views-300x225.jpg"},{"@type":"BreadcrumbList","@id":"https:\/\/www.easydaykhaolak.com\/de\/phi-phi-island-james-bond-island-tour\/#breadcrumb","itemListElement":[{"@type":"ListItem","position":1,"name":"Home","item":"https:\/\/www.easydaykhaolak.com\/"},{"@type":"ListItem","position":2,"name":"Phi Phi Island &#038; James Bond Island Tour"}]},{"@type":"WebSite","@id":"https:\/\/www.easydaykhaolak.com\/#website","url":"https:\/\/www.easydaykhaolak.com\/","name":"Easy Day Khao Lak","description":"Ihr Partner in Khao Lak f\u00fcr Ausfl\u00fcge & Touren","publisher":{"@id":"https:\/\/www.easydaykhaolak.com\/#organization"},"potentialAction":[{"@type":"SearchAction","target":{"@type":"EntryPoint","urlTemplate":"https:\/\/www.easydaykhaolak.com\/?s={search_term_string}"},"query-input":{"@type":"PropertyValueSpecification","valueRequired":true,"valueName":"search_term_string"}}],"inLanguage":"de"},{"@type":"Organization","@id":"https:\/\/www.easydaykhaolak.com\/#organization","name":"ED1 Ltd., Part.","url":"https:\/\/www.easydaykhaolak.com\/","logo":{"@type":"ImageObject","inLanguage":"de","@id":"https:\/\/www.easydaykhaolak.com\/#\/schema\/logo\/image\/","url":"https:\/\/www.easydaykhaolak.com\/wp-content\/uploads\/2016\/04\/Easy-Day-Thailand-Site-Icon.png","contentUrl":"https:\/\/www.easydaykhaolak.com\/wp-content\/uploads\/2016\/04\/Easy-Day-Thailand-Site-Icon.png","width":512,"height":512,"caption":"ED1 Ltd., Part."},"image":{"@id":"https:\/\/www.easydaykhaolak.com\/#\/schema\/logo\/image\/"}}]}},"jetpack_shortlink":"https:\/\/wp.me\/Pg4etg-3Of","jetpack-related-posts":[],"jetpack_sharing_enabled":true,"_links":{"self":[{"href":"https:\/\/www.easydaykhaolak.com\/de\/wp-json\/wp\/v2\/pages\/14647","targetHints":{"allow":["GET"]}}],"collection":[{"href":"https:\/\/www.easydaykhaolak.com\/de\/wp-json\/wp\/v2\/pages"}],"about":[{"href":"https:\/\/www.easydaykhaolak.com\/de\/wp-json\/wp\/v2\/types\/page"}],"author":[{"embeddable":true,"href":"https:\/\/www.easydaykhaolak.com\/de\/wp-json\/wp\/v2\/users\/3"}],"replies":[{"embeddable":true,"href":"https:\/\/www.easydaykhaolak.com\/de\/wp-json\/wp\/v2\/comments?post=14647"}],"version-history":[{"count":0,"href":"https:\/\/www.easydaykhaolak.com\/de\/wp-json\/wp\/v2\/pages\/14647\/revisions"}],"wp:attachment":[{"href":"https:\/\/www.easydaykhaolak.com\/de\/wp-json\/wp\/v2\/media?parent=14647"}],"curies":[{"name":"wp","href":"https:\/\/api.w.org\/{rel}","templated":true}]}}