{"id":13988,"date":"2017-06-18T15:32:15","date_gmt":"2017-06-18T08:32:15","guid":{"rendered":"https:\/\/www.easydaykhaolak.com\/khao-lak-ausfluge\/krabi-hong-island-ausflug\/"},"modified":"2024-06-21T16:51:31","modified_gmt":"2024-06-21T09:51:31","slug":"krabi-hong-island-ausflug","status":"publish","type":"page","link":"https:\/\/www.easydaykhaolak.com\/de\/khao-lak-ausfluge\/krabi-hong-island-ausflug\/","title":{"rendered":"Krabi Hong Island Ausflug"},"content":{"rendered":"<div class=\"wp-block-image wp-image-13838 size-medium\">\n<figure class=\"alignright\"><img data-recalc-dims=\"1\" loading=\"lazy\" decoding=\"async\" width=\"300\" height=\"169\" src=\"https:\/\/i0.wp.com\/www.easydaykhaolak.com\/wp-content\/uploads\/2017\/05\/Hong-Island-Krabi-1.jpg?resize=300%2C169&#038;ssl=1\" alt=\"Krabi Hong Island\u00a0Ausflug - Koh Hong (Krabi)\" class=\"wp-image-13838\" srcset=\"https:\/\/i0.wp.com\/www.easydaykhaolak.com\/wp-content\/uploads\/2017\/05\/Hong-Island-Krabi-1.jpg?resize=300%2C169&amp;ssl=1 300w, https:\/\/i0.wp.com\/www.easydaykhaolak.com\/wp-content\/uploads\/2017\/05\/Hong-Island-Krabi-1.jpg?resize=768%2C432&amp;ssl=1 768w, https:\/\/i0.wp.com\/www.easydaykhaolak.com\/wp-content\/uploads\/2017\/05\/Hong-Island-Krabi-1.jpg?resize=1024%2C576&amp;ssl=1 1024w, https:\/\/i0.wp.com\/www.easydaykhaolak.com\/wp-content\/uploads\/2017\/05\/Hong-Island-Krabi-1.jpg?resize=98%2C55&amp;ssl=1 98w, https:\/\/i0.wp.com\/www.easydaykhaolak.com\/wp-content\/uploads\/2017\/05\/Hong-Island-Krabi-1.jpg?w=1080&amp;ssl=1 1080w\" sizes=\"(max-width: 300px) 100vw, 300px\" \/><figcaption class=\"wp-element-caption\">Krabi Hong Island&nbsp;Ausflug von Khao Lak<\/figcaption><\/figure>\n<\/div>\n\n\n<p><strong>Krabi Hong Island&nbsp;Ausflug&nbsp;&#8211;&nbsp;<\/strong>Ein Ausflug der mit einem schnellen Katamaran angeboten wird und somit die beste M\u00f6glichkeit ist, Hong Island <strong>(Krabi)<\/strong> und die sch\u00f6nen Nachbarinseln zu entdecken.<\/p>\n\n\n\n<ul class=\"wp-block-list\">\n<li>Besuch von&nbsp;Koh Hong Krabi!<\/li>\n\n\n\n<li>Abseits der Massen!<\/li>\n\n\n\n<li>Kayaking &amp; Strand Ausflug!<\/li>\n\n\n\n<li>Schnelles &amp; stabiles Boot!<\/li>\n\n\n\n<li>Top Service&nbsp;&amp; Komfort!<\/li>\n\n\n\n<li><span style=\"color: #ff0000;\"><span style=\"color: #000000;\">Jeden Tag<\/span><b style=\"color: #ff0000;\">&nbsp;<\/b><span style=\"color: #ff0000;\"><b>au\u00dfer<\/b><\/span><b style=\"color: #ff0000;\">&nbsp;Freitag! &nbsp;<\/b><\/span><\/li>\n<\/ul>\n\n\n\n<p>Viele kleine Inseln die in der n\u00e4heren Umgebung liegen, sind ebenfalls Ziel dieser Tagestour von Khao Lak.<\/p>\n\n\n<p> <strong>Preise in Thai Baht pro Person: 3,900 | <\/strong>Kinder (4-12 Jahren) 3,500 <a title=\"Easy Day Contact Form\" href=\"#form\"><strong>&gt;&gt; Ihr unverbindliches Angebot!<\/strong> <\/a><\/p>\n\n\n\n<p><strong>Krabi Hong Island&nbsp;Ausflug inklusive:<\/strong><\/p>\n\n\n\n<ul class=\"wp-block-list\">\n<li>Hin &amp; R\u00fcckfahrt vom Hotel Khao Lak im klimat. Minivan!<\/li>\n\n\n\n<li>\u00dcberfahrt mit einem&nbsp;Aluminium Katamaran.<\/li>\n\n\n\n<li>Frischwasser Dusche an Bord.<\/li>\n\n\n\n<li>Englischsprachiger Guide.<\/li>\n\n\n\n<li>Deutschsprechender Guide (Mon &amp; Sat).<\/li>\n\n\n\n<li>Alkoholfreie Getr\u00e4nke, Wasser, Obst &amp; Snacks.<\/li>\n\n\n\n<li>Mittagessen.<\/li>\n\n\n\n<li>Schnorchel Ausr\u00fcstung, Strandschuhe und Sarong<\/li>\n\n\n\n<li>Koh Hong Island &#8211; Nationalpark-Geb\u00fchr, Steuern &amp; Unfallversicherung.<\/li>\n<\/ul>\n\n\n\n<p class=\"has-text-align-right\"><a href=\"#form\"class=\"wpz-sc-button\" style=\"\"><span class=\"wpz-\">Kontakt<\/span><\/a><\/p>\n\n\n\n<h2 class=\"wp-block-heading\">Krabi Hong Island&nbsp;Ausflug &#8211; Galerie<\/h2>\n\n\n\n<figure class=\"wp-block-gallery has-nested-images columns-3 is-cropped wp-block-gallery-1 is-layout-flex wp-block-gallery-is-layout-flex\">\n\n\n\n\n\n\n\n\n\n\n\n\n\n\n\n\n\n\n\n<\/figure>\n\n\n\n<h2 class=\"wp-block-heading\">Krabi Hong Island&nbsp;Ausflug &#8211; Tourplan<\/h2>\n\n\n\n<ul class=\"wp-block-list\">\n<li>08:00 &#8211; Abholung vom Hotel Khao Lak und Transfer zur&nbsp;Ao Po Grand Marina.<\/li>\n\n\n\n<li>09:00 &#8211; Eintreffen im Office und leichtes Fr\u00fchst\u00fcck.<\/li>\n\n\n\n<li>10:00 &#8211; Start&nbsp;des Abenteuers auf dem&nbsp;High-Speed-Katamaran in Phang Nga Bay.\n<ul class=\"wp-block-list\">\n<li>Genie\u00dfen Sie Kajakfahren entlang der Kalkstein Felsen, H\u00f6hlen und Mangroven.<\/li>\n\n\n\n<li>Leckeres Mittagessen im schwimmenden Restaurant und Zeit zum Entspannen.<\/li>\n\n\n\n<li>Besuch der beliebten Hong Island (Krabi) mit sch\u00f6nem Strand, Zeit zum Schwimmen und Schnorcheln.<\/li>\n\n\n\n<li>Letzter Stop bei der fantastischen Insel&nbsp;Koh Pak Bia Island.<\/li>\n<\/ul>\n<\/li>\n\n\n\n<li>18:00 &#8211; Zur\u00fcck in Ao Po Grand Marina und Transfer zur\u00fcck zum Hotel in Khao Lak.<\/li>\n<\/ul>\n\n\n\n<p>*Der hier angegebene Tour und Zeitplan ist nur ein Beispiel wie die Hong Island&nbsp;Tour durchgef\u00fchrt werden kann. Aufgrund der Lage des Phuket&nbsp;Hotels, Gezeiten, Wetter und Logistik kann sich Zeitplan nat\u00fcrlich etwas \u00e4ndern.<\/p>\n\n\n\n<p class=\"has-text-align-right\"><a href=\"#form\"class=\"wpz-sc-button\" style=\"\"><span class=\"wpz-\">Kontakt<\/span><\/a><\/p>\n\n\n\n<p>Der Hong Island Ausflug ist die beste M\u00f6glichkeit&nbsp;zum Besuch der Krabi Inseln mit&nbsp;einem Tagesausflug von Khao Lak. Der High-Speed-Katamaran (Australien gebaut) erlaubt es, eine lange Strecke in relativ kurzer Zeit zur\u00fcckzulegen. Perfekt f\u00fcr eine eine Rundfahrt in der Phang Nga Bay und dem Vorteil von max Stabilit\u00e4t, was gut gegen Seekrankheit ist. Genie\u00dfen Sie einen wirklich aufregenden Ausflug zur sch\u00f6nen Insel Hong Island (Krabi) und Koh Pak Bia Island.. Die Lage der&nbsp;Ao Po Marina ist f\u00fcr diese Tour optimal und speziell f\u00fcr unsere G\u00e4ste&nbsp;von Khao Lak. Auch f\u00fcr die in Phuket liegenden Orte wie Nai Yang, Nai Thong oder der Flughafen Gegend, ist es keine gro\u00dfe Anfahrt wie die zu den anderen Ausfl\u00fcgen startenden Touren in den S\u00fcden von Phuket.<\/p>\n\n\n\n<h2 class=\"wp-block-heading\" id=\"form\">Kontakt f\u00fcr Ihren Koh Hong Island Ausflug<\/h2>\n\n\n\n\t\t\t\t\t\t<script>\n\t\t\t\t\t\t\twindow.hsFormsOnReady = window.hsFormsOnReady || [];\n\t\t\t\t\t\t\twindow.hsFormsOnReady.push(()=>{\n\t\t\t\t\t\t\t\thbspt.forms.create({\n\t\t\t\t\t\t\t\t\tportalId: 3413662,\n\t\t\t\t\t\t\t\t\tformId: \"51775174-3b69-4a05-9e8f-ce47dfab9464\",\n\t\t\t\t\t\t\t\t\ttarget: \"#hbspt-form-1776245570000-2320763254\",\n\t\t\t\t\t\t\t\t\tregion: \"na1\",\n\t\t\t\t\t\t\t\t\t\n\t\t\t\t\t\t\t})});\n\t\t\t\t\t\t<\/script>\n\t\t\t\t\t\t<div class=\"hbspt-form\" id=\"hbspt-form-1776245570000-2320763254\"><\/div>\n\n\n\n<p><strong>Vergleichbare Ausfl\u00fcge von anderen Easy Day&nbsp;Reisezielen<\/strong><\/p>\n\n\n\n<ul class=\"wp-block-list\">\n<li><a href=\"https:\/\/www.easydaythailand.com\/krabi\/tours\/krabi-hong-island-tour\/\" target=\"_blank\" rel=\"noopener noreferrer\">Hong Island Tour from Krabi \/ Aonang by Speedboat<\/a><\/li>\n\n\n\n<li>Hong Island Tour from Khaolak by fast catamaran<\/li>\n<\/ul>\n","protected":false},"excerpt":{"rendered":"<p>Krabi Hong Island&nbsp;Ausflug&nbsp;&#8211;&nbsp;Ein Ausflug der mit einem schnellen Katamaran angeboten wird und somit die beste M\u00f6glichkeit ist, Hong Island (Krabi) und die sch\u00f6nen Nachbarinseln zu entdecken. Viele kleine Inseln die [&hellip;]<\/p>\n","protected":false},"author":4,"featured_media":13839,"parent":1063,"menu_order":0,"comment_status":"closed","ping_status":"closed","template":"","meta":{"_et_pb_use_builder":"","_et_pb_old_content":"","_et_gb_content_width":"","content-type":"","footnotes":""},"class_list":["post-13988","page","type-page","status-publish","has-post-thumbnail","hentry"],"yoast_head":"<!-- This site is optimized with the Yoast SEO plugin v27.4 - https:\/\/yoast.com\/product\/yoast-seo-wordpress\/ -->\n<title>Krabi Hong Island\u00a0Ausflug t\u00e4glich mit Easy Day Khao Lak<\/title>\n<meta name=\"description\" content=\"Krabi Hong Island\u00a0Ausflug\u00a0mit einem schnellen Katamaran ist die beste M\u00f6glichkeit Koh Hong Island (Krabi) von Khao Lak aus zu erkunden.\" \/>\n<meta name=\"robots\" content=\"index, follow, max-snippet:-1, max-image-preview:large, max-video-preview:-1\" \/>\n<link rel=\"canonical\" href=\"https:\/\/www.easydaykhaolak.com\/de\/khao-lak-ausfluge\/krabi-hong-island-ausflug\/\" \/>\n<meta property=\"og:locale\" content=\"de_DE\" \/>\n<meta property=\"og:type\" content=\"article\" \/>\n<meta property=\"og:title\" content=\"Krabi Hong Island\u00a0Ausflug t\u00e4glich mit Easy Day Khao Lak\" \/>\n<meta property=\"og:description\" content=\"Krabi Hong Island\u00a0Ausflug\u00a0mit einem schnellen Katamaran ist die beste M\u00f6glichkeit Koh Hong Island (Krabi) von Khao Lak aus zu erkunden.\" \/>\n<meta property=\"og:url\" content=\"https:\/\/www.easydaykhaolak.com\/de\/khao-lak-ausfluge\/krabi-hong-island-ausflug\/\" \/>\n<meta property=\"og:site_name\" content=\"Easy Day Khao Lak\" \/>\n<meta property=\"article:modified_time\" content=\"2024-06-21T09:51:31+00:00\" \/>\n<meta property=\"og:image\" content=\"https:\/\/www.easydaykhaolak.com\/wp-content\/uploads\/2017\/05\/Hong-Island-Krabi-1.jpg\" \/>\n\t<meta property=\"og:image:width\" content=\"1080\" \/>\n\t<meta property=\"og:image:height\" content=\"608\" \/>\n\t<meta property=\"og:image:type\" content=\"image\/jpeg\" \/>\n<meta name=\"twitter:label1\" content=\"Gesch\u00e4tzte Lesezeit\" \/>\n\t<meta name=\"twitter:data1\" content=\"5\u00a0Minuten\" \/>\n<script type=\"application\/ld+json\" class=\"yoast-schema-graph\">{\"@context\":\"https:\\\/\\\/schema.org\",\"@graph\":[{\"@type\":\"WebPage\",\"@id\":\"https:\\\/\\\/www.easydaykhaolak.com\\\/de\\\/khao-lak-ausfluge\\\/krabi-hong-island-ausflug\\\/\",\"url\":\"https:\\\/\\\/www.easydaykhaolak.com\\\/de\\\/khao-lak-ausfluge\\\/krabi-hong-island-ausflug\\\/\",\"name\":\"Krabi Hong Island\u00a0Ausflug t\u00e4glich mit Easy Day Khao Lak\",\"isPartOf\":{\"@id\":\"https:\\\/\\\/www.easydaykhaolak.com\\\/#website\"},\"primaryImageOfPage\":{\"@id\":\"https:\\\/\\\/www.easydaykhaolak.com\\\/de\\\/khao-lak-ausfluge\\\/krabi-hong-island-ausflug\\\/#primaryimage\"},\"image\":{\"@id\":\"https:\\\/\\\/www.easydaykhaolak.com\\\/de\\\/khao-lak-ausfluge\\\/krabi-hong-island-ausflug\\\/#primaryimage\"},\"thumbnailUrl\":\"https:\\\/\\\/i0.wp.com\\\/www.easydaykhaolak.com\\\/wp-content\\\/uploads\\\/2017\\\/05\\\/Hong-Island-Krabi-1.jpg?fit=1080%2C608&ssl=1\",\"datePublished\":\"2017-06-18T08:32:15+00:00\",\"dateModified\":\"2024-06-21T09:51:31+00:00\",\"description\":\"Krabi Hong Island\u00a0Ausflug\u00a0mit einem schnellen Katamaran ist die beste M\u00f6glichkeit Koh Hong Island (Krabi) von Khao Lak aus zu erkunden.\",\"breadcrumb\":{\"@id\":\"https:\\\/\\\/www.easydaykhaolak.com\\\/de\\\/khao-lak-ausfluge\\\/krabi-hong-island-ausflug\\\/#breadcrumb\"},\"inLanguage\":\"de\",\"potentialAction\":[{\"@type\":\"ReadAction\",\"target\":[\"https:\\\/\\\/www.easydaykhaolak.com\\\/de\\\/khao-lak-ausfluge\\\/krabi-hong-island-ausflug\\\/\"]}]},{\"@type\":\"ImageObject\",\"inLanguage\":\"de\",\"@id\":\"https:\\\/\\\/www.easydaykhaolak.com\\\/de\\\/khao-lak-ausfluge\\\/krabi-hong-island-ausflug\\\/#primaryimage\",\"url\":\"https:\\\/\\\/i0.wp.com\\\/www.easydaykhaolak.com\\\/wp-content\\\/uploads\\\/2017\\\/05\\\/Hong-Island-Krabi-1.jpg?fit=1080%2C608&ssl=1\",\"contentUrl\":\"https:\\\/\\\/i0.wp.com\\\/www.easydaykhaolak.com\\\/wp-content\\\/uploads\\\/2017\\\/05\\\/Hong-Island-Krabi-1.jpg?fit=1080%2C608&ssl=1\",\"width\":1080,\"height\":608,\"caption\":\"Hong Island Ausflug - Koh Hong (Krabi)\"},{\"@type\":\"BreadcrumbList\",\"@id\":\"https:\\\/\\\/www.easydaykhaolak.com\\\/de\\\/khao-lak-ausfluge\\\/krabi-hong-island-ausflug\\\/#breadcrumb\",\"itemListElement\":[{\"@type\":\"ListItem\",\"position\":1,\"name\":\"Home\",\"item\":\"https:\\\/\\\/www.easydaykhaolak.com\\\/\"},{\"@type\":\"ListItem\",\"position\":2,\"name\":\"Khao Lak Ausfl\u00fcge &#038; Touren\",\"item\":\"https:\\\/\\\/www.easydaykhaolak.com\\\/de\\\/khao-lak-ausfluge\\\/\"},{\"@type\":\"ListItem\",\"position\":3,\"name\":\"Krabi Hong Island Ausflug\"}]},{\"@type\":\"WebSite\",\"@id\":\"https:\\\/\\\/www.easydaykhaolak.com\\\/#website\",\"url\":\"https:\\\/\\\/www.easydaykhaolak.com\\\/\",\"name\":\"Easy Day Khao Lak\",\"description\":\"Ihr Partner in Khao Lak f\u00fcr Ausfl\u00fcge & Touren\",\"publisher\":{\"@id\":\"https:\\\/\\\/www.easydaykhaolak.com\\\/#organization\"},\"potentialAction\":[{\"@type\":\"SearchAction\",\"target\":{\"@type\":\"EntryPoint\",\"urlTemplate\":\"https:\\\/\\\/www.easydaykhaolak.com\\\/?s={search_term_string}\"},\"query-input\":{\"@type\":\"PropertyValueSpecification\",\"valueRequired\":true,\"valueName\":\"search_term_string\"}}],\"inLanguage\":\"de\"},{\"@type\":\"Organization\",\"@id\":\"https:\\\/\\\/www.easydaykhaolak.com\\\/#organization\",\"name\":\"ED1 Ltd., Part.\",\"url\":\"https:\\\/\\\/www.easydaykhaolak.com\\\/\",\"logo\":{\"@type\":\"ImageObject\",\"inLanguage\":\"de\",\"@id\":\"https:\\\/\\\/www.easydaykhaolak.com\\\/#\\\/schema\\\/logo\\\/image\\\/\",\"url\":\"https:\\\/\\\/www.easydaykhaolak.com\\\/wp-content\\\/uploads\\\/2016\\\/04\\\/Easy-Day-Thailand-Site-Icon.png\",\"contentUrl\":\"https:\\\/\\\/www.easydaykhaolak.com\\\/wp-content\\\/uploads\\\/2016\\\/04\\\/Easy-Day-Thailand-Site-Icon.png\",\"width\":512,\"height\":512,\"caption\":\"ED1 Ltd., Part.\"},\"image\":{\"@id\":\"https:\\\/\\\/www.easydaykhaolak.com\\\/#\\\/schema\\\/logo\\\/image\\\/\"}}]}<\/script>\n<!-- \/ Yoast SEO plugin. -->","yoast_head_json":{"title":"Krabi Hong Island\u00a0Ausflug t\u00e4glich mit Easy Day Khao Lak","description":"Krabi Hong Island\u00a0Ausflug\u00a0mit einem schnellen Katamaran ist die beste M\u00f6glichkeit Koh Hong Island (Krabi) von Khao Lak aus zu erkunden.","robots":{"index":"index","follow":"follow","max-snippet":"max-snippet:-1","max-image-preview":"max-image-preview:large","max-video-preview":"max-video-preview:-1"},"canonical":"https:\/\/www.easydaykhaolak.com\/de\/khao-lak-ausfluge\/krabi-hong-island-ausflug\/","og_locale":"de_DE","og_type":"article","og_title":"Krabi Hong Island\u00a0Ausflug t\u00e4glich mit Easy Day Khao Lak","og_description":"Krabi Hong Island\u00a0Ausflug\u00a0mit einem schnellen Katamaran ist die beste M\u00f6glichkeit Koh Hong Island (Krabi) von Khao Lak aus zu erkunden.","og_url":"https:\/\/www.easydaykhaolak.com\/de\/khao-lak-ausfluge\/krabi-hong-island-ausflug\/","og_site_name":"Easy Day Khao Lak","article_modified_time":"2024-06-21T09:51:31+00:00","og_image":[{"width":1080,"height":608,"url":"https:\/\/www.easydaykhaolak.com\/wp-content\/uploads\/2017\/05\/Hong-Island-Krabi-1.jpg","type":"image\/jpeg"}],"twitter_misc":{"Gesch\u00e4tzte Lesezeit":"5\u00a0Minuten"},"schema":{"@context":"https:\/\/schema.org","@graph":[{"@type":"WebPage","@id":"https:\/\/www.easydaykhaolak.com\/de\/khao-lak-ausfluge\/krabi-hong-island-ausflug\/","url":"https:\/\/www.easydaykhaolak.com\/de\/khao-lak-ausfluge\/krabi-hong-island-ausflug\/","name":"Krabi Hong Island\u00a0Ausflug t\u00e4glich mit Easy Day Khao Lak","isPartOf":{"@id":"https:\/\/www.easydaykhaolak.com\/#website"},"primaryImageOfPage":{"@id":"https:\/\/www.easydaykhaolak.com\/de\/khao-lak-ausfluge\/krabi-hong-island-ausflug\/#primaryimage"},"image":{"@id":"https:\/\/www.easydaykhaolak.com\/de\/khao-lak-ausfluge\/krabi-hong-island-ausflug\/#primaryimage"},"thumbnailUrl":"https:\/\/i0.wp.com\/www.easydaykhaolak.com\/wp-content\/uploads\/2017\/05\/Hong-Island-Krabi-1.jpg?fit=1080%2C608&ssl=1","datePublished":"2017-06-18T08:32:15+00:00","dateModified":"2024-06-21T09:51:31+00:00","description":"Krabi Hong Island\u00a0Ausflug\u00a0mit einem schnellen Katamaran ist die beste M\u00f6glichkeit Koh Hong Island (Krabi) von Khao Lak aus zu erkunden.","breadcrumb":{"@id":"https:\/\/www.easydaykhaolak.com\/de\/khao-lak-ausfluge\/krabi-hong-island-ausflug\/#breadcrumb"},"inLanguage":"de","potentialAction":[{"@type":"ReadAction","target":["https:\/\/www.easydaykhaolak.com\/de\/khao-lak-ausfluge\/krabi-hong-island-ausflug\/"]}]},{"@type":"ImageObject","inLanguage":"de","@id":"https:\/\/www.easydaykhaolak.com\/de\/khao-lak-ausfluge\/krabi-hong-island-ausflug\/#primaryimage","url":"https:\/\/i0.wp.com\/www.easydaykhaolak.com\/wp-content\/uploads\/2017\/05\/Hong-Island-Krabi-1.jpg?fit=1080%2C608&ssl=1","contentUrl":"https:\/\/i0.wp.com\/www.easydaykhaolak.com\/wp-content\/uploads\/2017\/05\/Hong-Island-Krabi-1.jpg?fit=1080%2C608&ssl=1","width":1080,"height":608,"caption":"Hong Island Ausflug - Koh Hong (Krabi)"},{"@type":"BreadcrumbList","@id":"https:\/\/www.easydaykhaolak.com\/de\/khao-lak-ausfluge\/krabi-hong-island-ausflug\/#breadcrumb","itemListElement":[{"@type":"ListItem","position":1,"name":"Home","item":"https:\/\/www.easydaykhaolak.com\/"},{"@type":"ListItem","position":2,"name":"Khao Lak Ausfl\u00fcge &#038; Touren","item":"https:\/\/www.easydaykhaolak.com\/de\/khao-lak-ausfluge\/"},{"@type":"ListItem","position":3,"name":"Krabi Hong Island Ausflug"}]},{"@type":"WebSite","@id":"https:\/\/www.easydaykhaolak.com\/#website","url":"https:\/\/www.easydaykhaolak.com\/","name":"Easy Day Khao Lak","description":"Ihr Partner in Khao Lak f\u00fcr Ausfl\u00fcge & Touren","publisher":{"@id":"https:\/\/www.easydaykhaolak.com\/#organization"},"potentialAction":[{"@type":"SearchAction","target":{"@type":"EntryPoint","urlTemplate":"https:\/\/www.easydaykhaolak.com\/?s={search_term_string}"},"query-input":{"@type":"PropertyValueSpecification","valueRequired":true,"valueName":"search_term_string"}}],"inLanguage":"de"},{"@type":"Organization","@id":"https:\/\/www.easydaykhaolak.com\/#organization","name":"ED1 Ltd., Part.","url":"https:\/\/www.easydaykhaolak.com\/","logo":{"@type":"ImageObject","inLanguage":"de","@id":"https:\/\/www.easydaykhaolak.com\/#\/schema\/logo\/image\/","url":"https:\/\/www.easydaykhaolak.com\/wp-content\/uploads\/2016\/04\/Easy-Day-Thailand-Site-Icon.png","contentUrl":"https:\/\/www.easydaykhaolak.com\/wp-content\/uploads\/2016\/04\/Easy-Day-Thailand-Site-Icon.png","width":512,"height":512,"caption":"ED1 Ltd., Part."},"image":{"@id":"https:\/\/www.easydaykhaolak.com\/#\/schema\/logo\/image\/"}}]}},"jetpack_shortlink":"https:\/\/wp.me\/Pg4etg-3DC","jetpack-related-posts":[],"jetpack_sharing_enabled":true,"_links":{"self":[{"href":"https:\/\/www.easydaykhaolak.com\/de\/wp-json\/wp\/v2\/pages\/13988","targetHints":{"allow":["GET"]}}],"collection":[{"href":"https:\/\/www.easydaykhaolak.com\/de\/wp-json\/wp\/v2\/pages"}],"about":[{"href":"https:\/\/www.easydaykhaolak.com\/de\/wp-json\/wp\/v2\/types\/page"}],"author":[{"embeddable":true,"href":"https:\/\/www.easydaykhaolak.com\/de\/wp-json\/wp\/v2\/users\/4"}],"replies":[{"embeddable":true,"href":"https:\/\/www.easydaykhaolak.com\/de\/wp-json\/wp\/v2\/comments?post=13988"}],"version-history":[{"count":0,"href":"https:\/\/www.easydaykhaolak.com\/de\/wp-json\/wp\/v2\/pages\/13988\/revisions"}],"up":[{"embeddable":true,"href":"https:\/\/www.easydaykhaolak.com\/de\/wp-json\/wp\/v2\/pages\/1063"}],"wp:featuredmedia":[{"embeddable":true,"href":"https:\/\/www.easydaykhaolak.com\/de\/wp-json\/wp\/v2\/media\/13839"}],"wp:attachment":[{"href":"https:\/\/www.easydaykhaolak.com\/de\/wp-json\/wp\/v2\/media?parent=13988"}],"curies":[{"name":"wp","href":"https:\/\/api.w.org\/{rel}","templated":true}]}}