{"id":13751,"date":"2017-05-15T09:54:49","date_gmt":"2017-05-15T02:54:49","guid":{"rendered":"https:\/\/www.easydaykhaolak.com\/private-khao-lak-touren\/"},"modified":"2024-06-21T18:13:32","modified_gmt":"2024-06-21T11:13:32","slug":"private-khao-lak-touren","status":"publish","type":"page","link":"https:\/\/www.easydaykhaolak.com\/de\/private-khao-lak-touren\/","title":{"rendered":"Private Khao Lak Touren"},"content":{"rendered":"\n<p><strong>Private Khao Lak Touren<\/strong> mit&nbsp;Easy Day Thailand &#8211; Tages &amp; Halbtages Touren zu den Interessantesten Sehensw\u00fcrdigkeiten und Aktivit\u00e4ten rund um Khao Lak. Private Khao Lak Touren mit pers\u00f6nlichem Guide und \u00e4u\u00dferst flexiblen Zeitplan.<\/p>\n\n\n<div class=\"wp-block-image\">\n<figure class=\"alignleft\"><a href=\"https:\/\/www.easydaykhaolak.com\/de\/khao-lak-ausfluge\/phang-nga-bay-tour\/\"><img data-recalc-dims=\"1\" loading=\"lazy\" decoding=\"async\" width=\"150\" height=\"150\" src=\"https:\/\/i0.wp.com\/www.easydaykhaolak.com\/wp-content\/uploads\/2014\/06\/phang-nga-bay-james-bond-island.jpg?resize=150%2C150&#038;ssl=1\" alt=\"James Bond Island - Private Phang Nga Bay Tours by Easy Day Thailand \" class=\"wp-image-822\" srcset=\"https:\/\/i0.wp.com\/www.easydaykhaolak.com\/wp-content\/uploads\/2014\/06\/phang-nga-bay-james-bond-island.jpg?resize=150%2C150&amp;ssl=1 150w, https:\/\/i0.wp.com\/www.easydaykhaolak.com\/wp-content\/uploads\/2014\/06\/phang-nga-bay-james-bond-island.jpg?zoom=2&amp;resize=150%2C150&amp;ssl=1 300w, https:\/\/i0.wp.com\/www.easydaykhaolak.com\/wp-content\/uploads\/2014\/06\/phang-nga-bay-james-bond-island.jpg?zoom=3&amp;resize=150%2C150&amp;ssl=1 450w\" sizes=\"(max-width: 150px) 100vw, 150px\" \/><\/a><figcaption class=\"wp-element-caption\">James Bond Island<\/figcaption><\/figure>\n<\/div>\n\n\n<h2 class=\"wp-block-heading\"><a href=\"https:\/\/www.easydaykhaolak.com\/de\/khao-lak-ausfluge\/phang-nga-bay-tour\/\">Phang Nga Bay Rundfahrt<\/a><\/h2>\n\n\n\n<p>Entdecken Sie die Faszination und Sch\u00f6nheit der Phang Nga Bay, s\u00fcd\u00f6stlich von Khao Lak. T\u00e4glich private Touren mit Besuch der James Bond Insel und einer von Easy Day veranstaltete Rundfahrt der Phang Nga Bay.<\/p>\n\n\n\n<p><strong>Preise in Thai Baht pro Gruppe: 1-3 Erwachsene&nbsp;12,900 <\/strong>| Extra Person&nbsp;2,900<\/p>\n\n\n\n<p class=\"has-text-align-right\"><strong><a href=\"https:\/\/www.easydaykhaolak.com\/de\/private-khao-lak-touren\/private-khao-lak-ausfluge-elefanten\/\">Mehr Infos&#8230;<\/a><\/strong><\/p>\n\n\n<div class=\"divider\"><\/div>\n\n\n<div class=\"wp-block-image\">\n<figure class=\"alignleft\"><a href=\"https:\/\/www.easydaykhaolak.com\/de\/private-khao-lak-touren\/phang-nga-bay-caves-sea-canoe-tour\/\"><img data-recalc-dims=\"1\" loading=\"lazy\" decoding=\"async\" width=\"150\" height=\"150\" src=\"https:\/\/i0.wp.com\/www.easydaykhaolak.com\/wp-content\/uploads\/2017\/05\/Khao-Lak-Phang-Nga-Bay-Caves-Sea-Canoe-Tour-Khao-Lak.jpg?resize=150%2C150&#038;ssl=1\" alt=\"Khao Lak Phang-Nga-Bay-Caves-Sea-Canoe-Tour-Khao Lak\" class=\"wp-image-13708\" srcset=\"https:\/\/i0.wp.com\/www.easydaykhaolak.com\/wp-content\/uploads\/2017\/05\/Khao-Lak-Phang-Nga-Bay-Caves-Sea-Canoe-Tour-Khao-Lak.jpg?resize=150%2C150&amp;ssl=1 150w, https:\/\/i0.wp.com\/www.easydaykhaolak.com\/wp-content\/uploads\/2017\/05\/Khao-Lak-Phang-Nga-Bay-Caves-Sea-Canoe-Tour-Khao-Lak.jpg?zoom=2&amp;resize=150%2C150&amp;ssl=1 300w, https:\/\/i0.wp.com\/www.easydaykhaolak.com\/wp-content\/uploads\/2017\/05\/Khao-Lak-Phang-Nga-Bay-Caves-Sea-Canoe-Tour-Khao-Lak.jpg?zoom=3&amp;resize=150%2C150&amp;ssl=1 450w\" sizes=\"(max-width: 150px) 100vw, 150px\" \/><\/a><figcaption class=\"wp-element-caption\">Sea Canoe Tour<\/figcaption><\/figure>\n<\/div>\n\n\n<h2 class=\"wp-block-heading\"><a href=\"https:\/\/www.easydaykhaolak.com\/de\/private-khao-lak-touren\/phang-nga-bay-caves-sea-canoe-tour\/\">Private Sea Canoe Tour in&nbsp;der Phang Nga Bay<\/a><\/h2>\n\n\n\n<p>Easy Day\u2019s PRIVATE Khao Lak Tour \u201cPhang Nga Bay Caves &amp; Sea Canoe\u201d mit dem Longtailboot. Wenn Sie ein Abenteuer suchen was etwas au\u00dferhalb der Touristen Routen in der Phang Nga Bay liegt, dann Willkommen an Bord!<\/p>\n\n\n\n<p><strong>Preise in Thai Baht pro Gruppe:<\/strong><strong>&nbsp;1-2 Erwachsene 9,900 <\/strong>| Extra Person&nbsp;2,900<\/p>\n\n\n\n<p class=\"has-text-align-right\"><a href=\"https:\/\/www.easydaykhaolak.com\/de\/private-khao-lak-touren\/phang-nga-bay-caves-sea-canoe-tour\/\"><strong>Mehr Infos&#8230;<\/strong><\/a><\/p>\n\n\n<div class=\"divider\"><\/div>\n\n\n<div class=\"wp-block-image\">\n<figure class=\"alignleft\"><a href=\"https:\/\/www.easydaykhaolak.com\/de\/private-khao-lak-touren\/takuapa-little-amazone-touren\/\"><img data-recalc-dims=\"1\" loading=\"lazy\" decoding=\"async\" width=\"150\" height=\"150\" src=\"https:\/\/i0.wp.com\/www.easydaykhaolak.com\/wp-content\/uploads\/2017\/05\/Little-Amazon-Takuapa.jpg?resize=150%2C150&#038;ssl=1\" alt=\"Little Amazon, Takuapa\" class=\"wp-image-13641\" srcset=\"https:\/\/i0.wp.com\/www.easydaykhaolak.com\/wp-content\/uploads\/2017\/05\/Little-Amazon-Takuapa.jpg?resize=150%2C150&amp;ssl=1 150w, https:\/\/i0.wp.com\/www.easydaykhaolak.com\/wp-content\/uploads\/2017\/05\/Little-Amazon-Takuapa.jpg?zoom=2&amp;resize=150%2C150&amp;ssl=1 300w, https:\/\/i0.wp.com\/www.easydaykhaolak.com\/wp-content\/uploads\/2017\/05\/Little-Amazon-Takuapa.jpg?zoom=3&amp;resize=150%2C150&amp;ssl=1 450w\" sizes=\"(max-width: 150px) 100vw, 150px\" \/><\/a><figcaption class=\"wp-element-caption\">Little Amazon, Takuapa<\/figcaption><\/figure>\n<\/div>\n\n\n<h2 class=\"wp-block-heading\"><a href=\"https:\/\/www.easydaykhaolak.com\/de\/private-khao-lak-touren\/takuapa-little-amazone-touren\/\">Little Amazon &amp; Altstadt TakuaPa<\/a><\/h2>\n\n\n\n<p>Bewundern Sie alte Banyan-B\u00e4ume, beobachten exotische Tiere und andere Sch\u00f6nheiten was die Mangroven vom&nbsp;&#8222;Little Amazon&#8220; zu bieten haben.<strong>&nbsp;<\/strong>Danach&nbsp;ein Besuch in der Altstadt von TakuaPa, mit ihrem&nbsp;Charme alter thail\u00e4ndischer Kultur, wie man Sie leider nicht mehr oft findet.<strong>&nbsp;<\/strong><\/p>\n\n\n\n<p><strong>Preise in Thai Baht pro Gruppe:<\/strong><strong>&nbsp;1-2 Erwachsene 9,000&nbsp;<\/strong>| Extra Person 4,000<\/p>\n\n\n\n<p class=\"has-text-align-right\"><a href=\"https:\/\/www.easydaykhaolak.com\/de\/private-khao-lak-touren\/takuapa-little-amazone-touren\/\"><strong>Mehr Infos&#8230;<\/strong><\/a><\/p>\n\n\n<div class=\"divider\"><\/div>\n\n\n<div class=\"wp-block-image\">\n<figure class=\"alignleft\"><a href=\"https:\/\/www.easydaykhaolak.com\/de\/private-khao-lak-touren\/privater-khao-sok-ausflug\/\"><img data-recalc-dims=\"1\" loading=\"lazy\" decoding=\"async\" width=\"150\" height=\"150\" src=\"https:\/\/i0.wp.com\/www.easydaykhaolak.com\/wp-content\/uploads\/2014\/05\/Khao-Sok-Pure-Beauty.jpg?resize=150%2C150&#038;ssl=1\" alt=\"Khao Sok - Pure Beauty\" class=\"wp-image-386\" srcset=\"https:\/\/i0.wp.com\/www.easydaykhaolak.com\/wp-content\/uploads\/2014\/05\/Khao-Sok-Pure-Beauty.jpg?resize=150%2C150&amp;ssl=1 150w, https:\/\/i0.wp.com\/www.easydaykhaolak.com\/wp-content\/uploads\/2014\/05\/Khao-Sok-Pure-Beauty.jpg?zoom=2&amp;resize=150%2C150&amp;ssl=1 300w, https:\/\/i0.wp.com\/www.easydaykhaolak.com\/wp-content\/uploads\/2014\/05\/Khao-Sok-Pure-Beauty.jpg?zoom=3&amp;resize=150%2C150&amp;ssl=1 450w\" sizes=\"(max-width: 150px) 100vw, 150px\" \/><\/a><figcaption class=\"wp-element-caption\">Khao Sok &#8211; Pure Beauty<\/figcaption><\/figure>\n<\/div>\n\n\n<h2 class=\"wp-block-heading\"><a href=\"https:\/\/www.easydaykhaolak.com\/de\/private-khao-lak-touren\/privater-khao-sok-ausflug\/\">Private Khao Sok Touren<\/a><\/h2>\n\n\n\n<p>Entdecken Sie den Khao Sok Nationalpark mit einer privaten Tour von Khao Lak. Mit einem Flo\u00df&nbsp;entlang des Sok Flusses und einer Bootsfahrt auf Cheow Lan See. Eine sehr beeindruckende Natur mit Besuch von H\u00f6hlen und abgelegenen Orten.<\/p>\n\n\n\n<p><strong>Preise in Thai Baht pro Gruppe:<\/strong><strong>&nbsp;1-2 Erwachsene 8,700&nbsp;<\/strong>| Extra Person 4,100<\/p>\n\n\n\n<p class=\"has-text-align-right\"><a href=\"https:\/\/www.easydaykhaolak.com\/de\/private-khao-lak-touren\/privater-khao-sok-ausflug\/\"><strong>Mehr Infos&#8230;<\/strong><\/a><\/p>\n\n\n<div class=\"divider\"><\/div>\n\n\n<div class=\"wp-block-image\">\n<figure class=\"alignleft\"><a href=\"https:\/\/www.easydaykhaolak.com\/de\/private-khao-lak-touren\/private-khao-lak-ausfluge-elefanten\/\"><img data-recalc-dims=\"1\" loading=\"lazy\" decoding=\"async\" width=\"150\" height=\"150\" src=\"https:\/\/i0.wp.com\/www.easydaykhaolak.com\/wp-content\/uploads\/2014\/06\/Elephant-Trekking-Khao-Lak.jpg?resize=150%2C150&#038;ssl=1\" alt=\"Elephant Trekking Khao Lak\" class=\"wp-image-13321\" srcset=\"https:\/\/i0.wp.com\/www.easydaykhaolak.com\/wp-content\/uploads\/2014\/06\/Elephant-Trekking-Khao-Lak.jpg?resize=150%2C150&amp;ssl=1 150w, https:\/\/i0.wp.com\/www.easydaykhaolak.com\/wp-content\/uploads\/2014\/06\/Elephant-Trekking-Khao-Lak.jpg?zoom=2&amp;resize=150%2C150&amp;ssl=1 300w, https:\/\/i0.wp.com\/www.easydaykhaolak.com\/wp-content\/uploads\/2014\/06\/Elephant-Trekking-Khao-Lak.jpg?zoom=3&amp;resize=150%2C150&amp;ssl=1 450w\" sizes=\"(max-width: 150px) 100vw, 150px\" \/><\/a><figcaption class=\"wp-element-caption\">Elephant Trekking<\/figcaption><\/figure>\n<\/div>\n\n\n<h2 class=\"wp-block-heading\"><a href=\"https:\/\/www.easydaykhaolak.com\/de\/private-khao-lak-touren\/private-khao-lak-ausfluge-elefanten\/\">Private Tour zum Elefanten Reiten<\/a><\/h2>\n\n\n\n<p>Private Khao Lak Touren zum Elefanten Reiten &amp; Elefanten Baden<strong>&nbsp;<\/strong>finden t\u00e4glich&nbsp;als Tages und als Halbtages Tour&nbsp;statt. Verbinden Sie den Ausflug zu den Elefanten mit Besuch des Wasserfalls von Khao Lak &nbsp;und der Schildkr\u00f6ten Farm.<strong>&nbsp;<\/strong><\/p>\n\n\n\n<p><strong>Preise in Thai Baht pro Gruppe ab:<\/strong><strong>&nbsp;1-2 Erwachsene 8,700<\/strong> | Extra Person 4,100<\/p>\n\n\n\n<p class=\"has-text-align-right\"><strong><a href=\"https:\/\/www.easydaykhaolak.com\/de\/private-khao-lak-touren\/private-khao-lak-ausfluge-elefanten\/\">Mehr Infos&#8230;<\/a><\/strong><\/p>\n\n\n<div class=\"divider\"><\/div>\n\n\n<div class=\"wp-block-image\">\n<figure class=\"alignleft\"><a href=\"https:\/\/www.easydaykhaolak.com\/de\/khao-lak-ausfluge\/ausfluge-nach-phuket\/private-phuket-inselrundfahrt\/\"><img data-recalc-dims=\"1\" loading=\"lazy\" decoding=\"async\" width=\"150\" height=\"150\" src=\"https:\/\/i0.wp.com\/www.easydaykhaolak.com\/wp-content\/uploads\/2014\/04\/Phuket-Town.jpg?resize=150%2C150&#038;ssl=1\" alt=\"Phuket Town\" class=\"wp-image-131\"\/><\/a><figcaption class=\"wp-element-caption\">Phuket Town<\/figcaption><\/figure>\n<\/div>\n\n\n<h2 class=\"wp-block-heading\"><a href=\"https:\/\/www.easydaykhaolak.com\/de\/khao-lak-ausfluge\/ausfluge-nach-phuket\/private-phuket-inselrundfahrt\/\">Private Khao Lak Touren nach Phuket<\/a><\/h2>\n\n\n\n<p>T\u00e4glich private Khao Lak Touren nach Phuket mit einer Rundfahrt zu s\u00e4mtlichen Sehensw\u00fcrdigkeiten&nbsp;und Orten die nicht so bekannt sind. Kombinieren l\u00e4sst sich der Ausflug sehr gut mit einer der Abendveranstaltungen im&nbsp;<a href=\"https:\/\/www.easydaykhaolak.com\/de\/khao-lak-ausfluge\/ausfluge-nach-phuket\/phuket-fantasea\/\">Phuket Fantasea<\/a> oder <a href=\"https:\/\/www.easydayphuket.com\/phuket-tours\/phuket-shows\/siam-niramit-show\/\" target=\"_blank\" rel=\"noopener noreferrer\">Siam Niramit Show<\/a>.<\/p>\n\n\n\n<p><strong>Preise in Thai Baht pro Gruppe:<\/strong><strong>&nbsp;1-3 Erwachsene 8,700 <\/strong>| Extra Person 1,800<\/p>\n\n\n\n<p class=\"has-text-align-right\"><a href=\"https:\/\/www.easydaykhaolak.com\/de\/khao-lak-ausfluge\/ausfluge-nach-phuket\/private-phuket-inselrundfahrt\/\"><strong>Mehr Infos&#8230;<\/strong><\/a><\/p>\n\n\n<div class=\"divider\"><\/div>\n\n\n<div class=\"wp-block-image\">\n<figure class=\"alignleft\"><a href=\"https:\/\/www.easydaykhaolak.com\/de\/private-khao-lak-touren\/private-elefanten-tour-wildwasser\/\"><img data-recalc-dims=\"1\" loading=\"lazy\" decoding=\"async\" width=\"150\" height=\"150\" src=\"https:\/\/i0.wp.com\/www.easydaykhaolak.com\/wp-content\/uploads\/2014\/05\/img_bestrafting019.jpg?resize=150%2C150&#038;ssl=1\" alt=\"\" class=\"wp-image-798\" srcset=\"https:\/\/i0.wp.com\/www.easydaykhaolak.com\/wp-content\/uploads\/2014\/05\/img_bestrafting019.jpg?resize=150%2C150&amp;ssl=1 150w, https:\/\/i0.wp.com\/www.easydaykhaolak.com\/wp-content\/uploads\/2014\/05\/img_bestrafting019.jpg?zoom=2&amp;resize=150%2C150&amp;ssl=1 300w, https:\/\/i0.wp.com\/www.easydaykhaolak.com\/wp-content\/uploads\/2014\/05\/img_bestrafting019.jpg?zoom=3&amp;resize=150%2C150&amp;ssl=1 450w\" sizes=\"(max-width: 150px) 100vw, 150px\" \/><\/a><figcaption class=\"wp-element-caption\">Rafting Fun Khao Lak<\/figcaption><\/figure>\n<\/div>\n\n\n<h2 class=\"wp-block-heading\"><a href=\"https:\/\/www.easydaykhaolak.com\/de\/private-khao-lak-touren\/private-elefanten-tour-wildwasser\/\">Private Wildwasser Rafting &amp; Elefanten Tour<\/a><\/h2>\n\n\n\n<p>Private Wildwasser Rafting &amp; Elefanten Tour von Khao Lak zum Song Prag Fluss in den Bergen der Provinz Phang Nga. Kombiniert mit Elefanten Reiten und Besuch beim Wasserfall.<\/p>\n\n\n\n<p><strong>Preise in Thai Baht pro Gruppe:<\/strong><strong>&nbsp;1-2 Erwachsene 9,300&nbsp;<\/strong>| Extra Person 4,300<\/p>\n\n\n\n<p class=\"has-text-align-right\"><a href=\"https:\/\/www.easydaykhaolak.com\/de\/private-khao-lak-touren\/private-elefanten-tour-wildwasser\/\"><strong>Mehr Infos&#8230;<\/strong><\/a><\/p>\n\n\n<div class=\"divider\"><\/div>\n\n\n\n<h3 class=\"wp-block-heading\" id=\"form\">Kontakt&nbsp;&#8211; Private Khao Lak Touren<\/h3>\n\n\n\n<p>Schreiben\u00a0Sie uns f\u00fcr Ihre private Tour von Khao Lak. Wenn Sie andere Vorstellungen haben, welche hier vielleicht nicht aufgef\u00fchrt sind, kein Problem. Lassen Sie es uns einfach wissen und wir werden es dann in die Tat umsetzen.<\/p>\n\n\n\n\t\t\t\t\t\t<script>\n\t\t\t\t\t\t\twindow.hsFormsOnReady = window.hsFormsOnReady || [];\n\t\t\t\t\t\t\twindow.hsFormsOnReady.push(()=>{\n\t\t\t\t\t\t\t\thbspt.forms.create({\n\t\t\t\t\t\t\t\t\tportalId: 3413662,\n\t\t\t\t\t\t\t\t\tformId: \"51775174-3b69-4a05-9e8f-ce47dfab9464\",\n\t\t\t\t\t\t\t\t\ttarget: \"#hbspt-form-1776265679000-5646527864\",\n\t\t\t\t\t\t\t\t\tregion: \"na1\",\n\t\t\t\t\t\t\t\t\t\n\t\t\t\t\t\t\t})});\n\t\t\t\t\t\t<\/script>\n\t\t\t\t\t\t<div class=\"hbspt-form\" id=\"hbspt-form-1776265679000-5646527864\"><\/div>\n","protected":false},"excerpt":{"rendered":"<p>Private Khao Lak Touren mit&nbsp;Easy Day Thailand &#8211; Tages &amp; Halbtages Touren zu den Interessantesten Sehensw\u00fcrdigkeiten und Aktivit\u00e4ten rund um Khao Lak. Private Khao Lak Touren mit pers\u00f6nlichem Guide und [&hellip;]<\/p>\n","protected":false},"author":4,"featured_media":1054,"parent":0,"menu_order":0,"comment_status":"closed","ping_status":"closed","template":"template-fullwidth.php","meta":{"_et_pb_use_builder":"","_et_pb_old_content":"","_et_gb_content_width":"","content-type":"","footnotes":""},"class_list":["post-13751","page","type-page","status-publish","has-post-thumbnail","hentry"],"yoast_head":"<!-- This site is optimized with the Yoast SEO plugin v27.4 - https:\/\/yoast.com\/product\/yoast-seo-wordpress\/ -->\n<title>T\u00e4glich Private Khao Lak Touren von Easy Day Khao Lak<\/title>\n<meta name=\"description\" content=\"T\u00e4glich Private Khao Lak Touren von Easy Day Thailand - Besuchen Sie Khao Sok, Phang Nga Bay und Phuket mit einem unserer privaten Khao Lak Ausfl\u00fcge.\" \/>\n<meta name=\"robots\" content=\"index, follow, max-snippet:-1, max-image-preview:large, max-video-preview:-1\" \/>\n<link rel=\"canonical\" href=\"https:\/\/www.easydaykhaolak.com\/de\/private-khao-lak-touren\/\" \/>\n<meta property=\"og:locale\" content=\"de_DE\" \/>\n<meta property=\"og:type\" content=\"article\" \/>\n<meta property=\"og:title\" content=\"T\u00e4glich Private Khao Lak Touren von Easy Day Khao Lak\" \/>\n<meta property=\"og:description\" content=\"T\u00e4glich Private Khao Lak Touren von Easy Day Thailand - Besuchen Sie Khao Sok, Phang Nga Bay und Phuket mit einem unserer privaten Khao Lak Ausfl\u00fcge.\" \/>\n<meta property=\"og:url\" content=\"https:\/\/www.easydaykhaolak.com\/de\/private-khao-lak-touren\/\" \/>\n<meta property=\"og:site_name\" content=\"Easy Day Khao Lak\" \/>\n<meta property=\"article:modified_time\" content=\"2024-06-21T11:13:32+00:00\" \/>\n<meta property=\"og:image\" content=\"https:\/\/www.easydaykhaolak.com\/wp-content\/uploads\/2014\/06\/phang-nga-bay-james-bond-island.jpg\" \/>\n\t<meta property=\"og:image:width\" content=\"730\" \/>\n\t<meta property=\"og:image:height\" content=\"547\" \/>\n\t<meta property=\"og:image:type\" content=\"image\/jpeg\" \/>\n<meta name=\"twitter:label1\" content=\"Gesch\u00e4tzte Lesezeit\" \/>\n\t<meta name=\"twitter:data1\" content=\"4\u00a0Minuten\" \/>\n<script type=\"application\/ld+json\" class=\"yoast-schema-graph\">{\"@context\":\"https:\\\/\\\/schema.org\",\"@graph\":[{\"@type\":\"WebPage\",\"@id\":\"https:\\\/\\\/www.easydaykhaolak.com\\\/de\\\/private-khao-lak-touren\\\/\",\"url\":\"https:\\\/\\\/www.easydaykhaolak.com\\\/de\\\/private-khao-lak-touren\\\/\",\"name\":\"T\u00e4glich Private Khao Lak Touren von Easy Day Khao Lak\",\"isPartOf\":{\"@id\":\"https:\\\/\\\/www.easydaykhaolak.com\\\/#website\"},\"primaryImageOfPage\":{\"@id\":\"https:\\\/\\\/www.easydaykhaolak.com\\\/de\\\/private-khao-lak-touren\\\/#primaryimage\"},\"image\":{\"@id\":\"https:\\\/\\\/www.easydaykhaolak.com\\\/de\\\/private-khao-lak-touren\\\/#primaryimage\"},\"thumbnailUrl\":\"https:\\\/\\\/i0.wp.com\\\/www.easydaykhaolak.com\\\/wp-content\\\/uploads\\\/2014\\\/06\\\/phang-nga-bay-james-bond-island.jpg?fit=730%2C547&ssl=1\",\"datePublished\":\"2017-05-15T02:54:49+00:00\",\"dateModified\":\"2024-06-21T11:13:32+00:00\",\"description\":\"T\u00e4glich Private Khao Lak Touren von Easy Day Thailand - Besuchen Sie Khao Sok, Phang Nga Bay und Phuket mit einem unserer privaten Khao Lak Ausfl\u00fcge.\",\"breadcrumb\":{\"@id\":\"https:\\\/\\\/www.easydaykhaolak.com\\\/de\\\/private-khao-lak-touren\\\/#breadcrumb\"},\"inLanguage\":\"de\",\"potentialAction\":[{\"@type\":\"ReadAction\",\"target\":[\"https:\\\/\\\/www.easydaykhaolak.com\\\/de\\\/private-khao-lak-touren\\\/\"]}]},{\"@type\":\"ImageObject\",\"inLanguage\":\"de\",\"@id\":\"https:\\\/\\\/www.easydaykhaolak.com\\\/de\\\/private-khao-lak-touren\\\/#primaryimage\",\"url\":\"https:\\\/\\\/i0.wp.com\\\/www.easydaykhaolak.com\\\/wp-content\\\/uploads\\\/2014\\\/06\\\/phang-nga-bay-james-bond-island.jpg?fit=730%2C547&ssl=1\",\"contentUrl\":\"https:\\\/\\\/i0.wp.com\\\/www.easydaykhaolak.com\\\/wp-content\\\/uploads\\\/2014\\\/06\\\/phang-nga-bay-james-bond-island.jpg?fit=730%2C547&ssl=1\",\"width\":730,\"height\":547},{\"@type\":\"BreadcrumbList\",\"@id\":\"https:\\\/\\\/www.easydaykhaolak.com\\\/de\\\/private-khao-lak-touren\\\/#breadcrumb\",\"itemListElement\":[{\"@type\":\"ListItem\",\"position\":1,\"name\":\"Home\",\"item\":\"https:\\\/\\\/www.easydaykhaolak.com\\\/\"},{\"@type\":\"ListItem\",\"position\":2,\"name\":\"Private Khao Lak Touren\"}]},{\"@type\":\"WebSite\",\"@id\":\"https:\\\/\\\/www.easydaykhaolak.com\\\/#website\",\"url\":\"https:\\\/\\\/www.easydaykhaolak.com\\\/\",\"name\":\"Easy Day Khao Lak\",\"description\":\"Ihr Partner in Khao Lak f\u00fcr Ausfl\u00fcge & Touren\",\"publisher\":{\"@id\":\"https:\\\/\\\/www.easydaykhaolak.com\\\/#organization\"},\"potentialAction\":[{\"@type\":\"SearchAction\",\"target\":{\"@type\":\"EntryPoint\",\"urlTemplate\":\"https:\\\/\\\/www.easydaykhaolak.com\\\/?s={search_term_string}\"},\"query-input\":{\"@type\":\"PropertyValueSpecification\",\"valueRequired\":true,\"valueName\":\"search_term_string\"}}],\"inLanguage\":\"de\"},{\"@type\":\"Organization\",\"@id\":\"https:\\\/\\\/www.easydaykhaolak.com\\\/#organization\",\"name\":\"ED1 Ltd., Part.\",\"url\":\"https:\\\/\\\/www.easydaykhaolak.com\\\/\",\"logo\":{\"@type\":\"ImageObject\",\"inLanguage\":\"de\",\"@id\":\"https:\\\/\\\/www.easydaykhaolak.com\\\/#\\\/schema\\\/logo\\\/image\\\/\",\"url\":\"https:\\\/\\\/www.easydaykhaolak.com\\\/wp-content\\\/uploads\\\/2016\\\/04\\\/Easy-Day-Thailand-Site-Icon.png\",\"contentUrl\":\"https:\\\/\\\/www.easydaykhaolak.com\\\/wp-content\\\/uploads\\\/2016\\\/04\\\/Easy-Day-Thailand-Site-Icon.png\",\"width\":512,\"height\":512,\"caption\":\"ED1 Ltd., Part.\"},\"image\":{\"@id\":\"https:\\\/\\\/www.easydaykhaolak.com\\\/#\\\/schema\\\/logo\\\/image\\\/\"}}]}<\/script>\n<!-- \/ Yoast SEO plugin. -->","yoast_head_json":{"title":"T\u00e4glich Private Khao Lak Touren von Easy Day Khao Lak","description":"T\u00e4glich Private Khao Lak Touren von Easy Day Thailand - Besuchen Sie Khao Sok, Phang Nga Bay und Phuket mit einem unserer privaten Khao Lak Ausfl\u00fcge.","robots":{"index":"index","follow":"follow","max-snippet":"max-snippet:-1","max-image-preview":"max-image-preview:large","max-video-preview":"max-video-preview:-1"},"canonical":"https:\/\/www.easydaykhaolak.com\/de\/private-khao-lak-touren\/","og_locale":"de_DE","og_type":"article","og_title":"T\u00e4glich Private Khao Lak Touren von Easy Day Khao Lak","og_description":"T\u00e4glich Private Khao Lak Touren von Easy Day Thailand - Besuchen Sie Khao Sok, Phang Nga Bay und Phuket mit einem unserer privaten Khao Lak Ausfl\u00fcge.","og_url":"https:\/\/www.easydaykhaolak.com\/de\/private-khao-lak-touren\/","og_site_name":"Easy Day Khao Lak","article_modified_time":"2024-06-21T11:13:32+00:00","og_image":[{"width":730,"height":547,"url":"https:\/\/www.easydaykhaolak.com\/wp-content\/uploads\/2014\/06\/phang-nga-bay-james-bond-island.jpg","type":"image\/jpeg"}],"twitter_misc":{"Gesch\u00e4tzte Lesezeit":"4\u00a0Minuten"},"schema":{"@context":"https:\/\/schema.org","@graph":[{"@type":"WebPage","@id":"https:\/\/www.easydaykhaolak.com\/de\/private-khao-lak-touren\/","url":"https:\/\/www.easydaykhaolak.com\/de\/private-khao-lak-touren\/","name":"T\u00e4glich Private Khao Lak Touren von Easy Day Khao Lak","isPartOf":{"@id":"https:\/\/www.easydaykhaolak.com\/#website"},"primaryImageOfPage":{"@id":"https:\/\/www.easydaykhaolak.com\/de\/private-khao-lak-touren\/#primaryimage"},"image":{"@id":"https:\/\/www.easydaykhaolak.com\/de\/private-khao-lak-touren\/#primaryimage"},"thumbnailUrl":"https:\/\/i0.wp.com\/www.easydaykhaolak.com\/wp-content\/uploads\/2014\/06\/phang-nga-bay-james-bond-island.jpg?fit=730%2C547&ssl=1","datePublished":"2017-05-15T02:54:49+00:00","dateModified":"2024-06-21T11:13:32+00:00","description":"T\u00e4glich Private Khao Lak Touren von Easy Day Thailand - Besuchen Sie Khao Sok, Phang Nga Bay und Phuket mit einem unserer privaten Khao Lak Ausfl\u00fcge.","breadcrumb":{"@id":"https:\/\/www.easydaykhaolak.com\/de\/private-khao-lak-touren\/#breadcrumb"},"inLanguage":"de","potentialAction":[{"@type":"ReadAction","target":["https:\/\/www.easydaykhaolak.com\/de\/private-khao-lak-touren\/"]}]},{"@type":"ImageObject","inLanguage":"de","@id":"https:\/\/www.easydaykhaolak.com\/de\/private-khao-lak-touren\/#primaryimage","url":"https:\/\/i0.wp.com\/www.easydaykhaolak.com\/wp-content\/uploads\/2014\/06\/phang-nga-bay-james-bond-island.jpg?fit=730%2C547&ssl=1","contentUrl":"https:\/\/i0.wp.com\/www.easydaykhaolak.com\/wp-content\/uploads\/2014\/06\/phang-nga-bay-james-bond-island.jpg?fit=730%2C547&ssl=1","width":730,"height":547},{"@type":"BreadcrumbList","@id":"https:\/\/www.easydaykhaolak.com\/de\/private-khao-lak-touren\/#breadcrumb","itemListElement":[{"@type":"ListItem","position":1,"name":"Home","item":"https:\/\/www.easydaykhaolak.com\/"},{"@type":"ListItem","position":2,"name":"Private Khao Lak Touren"}]},{"@type":"WebSite","@id":"https:\/\/www.easydaykhaolak.com\/#website","url":"https:\/\/www.easydaykhaolak.com\/","name":"Easy Day Khao Lak","description":"Ihr Partner in Khao Lak f\u00fcr Ausfl\u00fcge & Touren","publisher":{"@id":"https:\/\/www.easydaykhaolak.com\/#organization"},"potentialAction":[{"@type":"SearchAction","target":{"@type":"EntryPoint","urlTemplate":"https:\/\/www.easydaykhaolak.com\/?s={search_term_string}"},"query-input":{"@type":"PropertyValueSpecification","valueRequired":true,"valueName":"search_term_string"}}],"inLanguage":"de"},{"@type":"Organization","@id":"https:\/\/www.easydaykhaolak.com\/#organization","name":"ED1 Ltd., Part.","url":"https:\/\/www.easydaykhaolak.com\/","logo":{"@type":"ImageObject","inLanguage":"de","@id":"https:\/\/www.easydaykhaolak.com\/#\/schema\/logo\/image\/","url":"https:\/\/www.easydaykhaolak.com\/wp-content\/uploads\/2016\/04\/Easy-Day-Thailand-Site-Icon.png","contentUrl":"https:\/\/www.easydaykhaolak.com\/wp-content\/uploads\/2016\/04\/Easy-Day-Thailand-Site-Icon.png","width":512,"height":512,"caption":"ED1 Ltd., Part."},"image":{"@id":"https:\/\/www.easydaykhaolak.com\/#\/schema\/logo\/image\/"}}]}},"jetpack_shortlink":"https:\/\/wp.me\/Pg4etg-3zN","jetpack-related-posts":[],"jetpack_sharing_enabled":true,"_links":{"self":[{"href":"https:\/\/www.easydaykhaolak.com\/de\/wp-json\/wp\/v2\/pages\/13751","targetHints":{"allow":["GET"]}}],"collection":[{"href":"https:\/\/www.easydaykhaolak.com\/de\/wp-json\/wp\/v2\/pages"}],"about":[{"href":"https:\/\/www.easydaykhaolak.com\/de\/wp-json\/wp\/v2\/types\/page"}],"author":[{"embeddable":true,"href":"https:\/\/www.easydaykhaolak.com\/de\/wp-json\/wp\/v2\/users\/4"}],"replies":[{"embeddable":true,"href":"https:\/\/www.easydaykhaolak.com\/de\/wp-json\/wp\/v2\/comments?post=13751"}],"version-history":[{"count":0,"href":"https:\/\/www.easydaykhaolak.com\/de\/wp-json\/wp\/v2\/pages\/13751\/revisions"}],"wp:featuredmedia":[{"embeddable":true,"href":"https:\/\/www.easydaykhaolak.com\/de\/wp-json\/wp\/v2\/media\/1054"}],"wp:attachment":[{"href":"https:\/\/www.easydaykhaolak.com\/de\/wp-json\/wp\/v2\/media?parent=13751"}],"curies":[{"name":"wp","href":"https:\/\/api.w.org\/{rel}","templated":true}]}}