{"id":1339,"date":"2014-08-05T05:09:14","date_gmt":"2014-08-05T05:09:14","guid":{"rendered":"https:\/\/www.easydaykhaolak.com\/?page_id=1339"},"modified":"2024-06-21T15:04:13","modified_gmt":"2024-06-21T08:04:13","slug":"golf","status":"publish","type":"page","link":"https:\/\/www.easydaykhaolak.com\/de\/khao-lak-ausfluge\/golf\/","title":{"rendered":"Khao Lak Golf Tour"},"content":{"rendered":"<div class=\"wp-block-image wp-image-429 size-medium\">\n<figure class=\"alignright\"><img data-recalc-dims=\"1\" loading=\"lazy\" decoding=\"async\" width=\"300\" height=\"164\" src=\"https:\/\/i0.wp.com\/www.easydaykhaolak.com\/wp-content\/uploads\/2014\/05\/Khao-Lak-Golf-Course.jpg?resize=300%2C164&#038;ssl=1\" alt=\"Khao Lak Golf Tour auf dem Thai Navy Golf Kurs\" class=\"wp-image-429\"\/><figcaption class=\"wp-element-caption\">Khao Lak Golf Tour<\/figcaption><\/figure>\n<\/div>\n\n\n<p>Khao Lak Golf Tour &#8211; F\u00fcr G\u00e4ste die etwas aktiver im Urlaub sein wollen und gerne zum Golf spielen gehen, tun es am besten auf dem Golfkurs von Tab Lamu. Nicht weit von Khao Lak an der K\u00fcste der Andamanensee liegt dieser sch\u00f6ne Golfplatz mit Ausblick aufs Meer.<\/p>\n\n\n\n<ul class=\"wp-block-list\">\n<li>Super<strong> Preis-Leistungsverh\u00e4ltnis.<\/strong><\/li>\n\n\n\n<li><strong>Sehr Gepflegte <\/strong>Greens<strong>.<\/strong><\/li>\n\n\n\n<li>Empfohlen f\u00fcr<strong> alle Altersgruppen.<\/strong><\/li>\n\n\n\n<li><strong>Inklusive <\/strong>Caddy<strong>.<\/strong><\/li>\n<\/ul>\n\n\n<p><strong>Preise in Thai Baht pro Person: 3,400 &#8211; Minimum 2 Spieler!\u00a0 <a href=\"#form\">&gt;&gt; Buchen \/ Kontakt<\/a><\/strong> <\/p>\n\n\n\n<p><strong>Im Preis inklusive :<\/strong><\/p>\n\n\n<div class=\"shortcode-unorderedlist tick\"><\/p>\n<ul>\n<li>Hotelabholung Khao Lak.<\/li>\n<li>Green Fees.<\/li>\n<li>Caddy.<\/li>\n<li>Versicherung.<\/li>\n<\/ul>\n<p><\/div>\n\n\n\n\n<h2 class=\"wp-block-heading\">&nbsp;<\/h2>\n\n\n\n<p class=\"has-text-align-right\"><a href=\"#form\"class=\"wpz-sc-button\" style=\"\"><span class=\"wpz-\">Buchen \/ Kontakt<\/span><\/a><\/p>\n\n\n\n<h2 class=\"wp-block-heading\">&nbsp;Khao Lak Golf Tour &#8211; Galerie<\/h2>\n\n\n\n<figure class=\"wp-block-gallery has-nested-images columns-3 is-cropped wp-block-gallery-1 is-layout-flex wp-block-gallery-is-layout-flex\">\n<figure class=\"wp-block-image size-large\"><img data-recalc-dims=\"1\" loading=\"lazy\" decoding=\"async\" width=\"260\" height=\"142\" data-attachment-id=\"998\" data-permalink=\"https:\/\/www.easydaykhaolak.com\/de\/khao-lak-ausfluge\/golf\/khao-lak-golf-course-3\/\" data-orig-file=\"https:\/\/i0.wp.com\/www.easydaykhaolak.com\/wp-content\/uploads\/2014\/05\/Khao-Lak-Golf-Course-e1400403430303.jpg?fit=260%2C142&amp;ssl=1\" data-orig-size=\"260,142\" data-comments-opened=\"1\" data-image-meta=\"{&quot;aperture&quot;:&quot;0&quot;,&quot;credit&quot;:&quot;&quot;,&quot;camera&quot;:&quot;&quot;,&quot;caption&quot;:&quot;&quot;,&quot;created_timestamp&quot;:&quot;0&quot;,&quot;copyright&quot;:&quot;&quot;,&quot;focal_length&quot;:&quot;0&quot;,&quot;iso&quot;:&quot;0&quot;,&quot;shutter_speed&quot;:&quot;0&quot;,&quot;title&quot;:&quot;&quot;}\" data-image-title=\"Khao Lak Golf Course\" data-image-description=\"\" data-image-caption=\"&lt;p&gt;Khao Lak Golf Aussicht&lt;\/p&gt;\n\" data-large-file=\"https:\/\/i0.wp.com\/www.easydaykhaolak.com\/wp-content\/uploads\/2014\/05\/Khao-Lak-Golf-Course-e1400403430303.jpg?fit=260%2C142&amp;ssl=1\" data-id=\"998\" src=\"https:\/\/i0.wp.com\/www.easydaykhaolak.com\/wp-content\/uploads\/2014\/05\/Khao-Lak-Golf-Course-e1400403430303.jpg?resize=260%2C142&#038;ssl=1\" alt=\"\" class=\"wp-image-998\"\/><\/figure>\n\n\n\n<figure class=\"wp-block-image size-large\"><img data-recalc-dims=\"1\" loading=\"lazy\" decoding=\"async\" width=\"140\" height=\"190\" data-attachment-id=\"999\" data-permalink=\"https:\/\/www.easydaykhaolak.com\/de\/khao-lak-ausfluge\/golf\/khao-lak-golf-course-settings-2\/\" data-orig-file=\"https:\/\/i0.wp.com\/www.easydaykhaolak.com\/wp-content\/uploads\/2014\/05\/Khao-lak-Golf-Course-Settings.jpg?fit=140%2C190&amp;ssl=1\" data-orig-size=\"140,190\" data-comments-opened=\"1\" data-image-meta=\"{&quot;aperture&quot;:&quot;0&quot;,&quot;credit&quot;:&quot;&quot;,&quot;camera&quot;:&quot;&quot;,&quot;caption&quot;:&quot;&quot;,&quot;created_timestamp&quot;:&quot;0&quot;,&quot;copyright&quot;:&quot;&quot;,&quot;focal_length&quot;:&quot;0&quot;,&quot;iso&quot;:&quot;0&quot;,&quot;shutter_speed&quot;:&quot;0&quot;,&quot;title&quot;:&quot;&quot;}\" data-image-title=\"Khao lak Golf Tour &amp;#8211; 18 Loch\" data-image-description=\"\" data-image-caption=\"&lt;p&gt;Wundersch\u00f6ne Anlage&lt;\/p&gt;\n\" data-large-file=\"https:\/\/i0.wp.com\/www.easydaykhaolak.com\/wp-content\/uploads\/2014\/05\/Khao-lak-Golf-Course-Settings.jpg?fit=140%2C190&amp;ssl=1\" data-id=\"999\" src=\"https:\/\/i0.wp.com\/www.easydaykhaolak.com\/wp-content\/uploads\/2014\/05\/Khao-lak-Golf-Course-Settings.jpg?resize=140%2C190&#038;ssl=1\" alt=\"Khao Lak Golf Tour - Easy Day Khao Lak\" class=\"wp-image-999\" srcset=\"https:\/\/i0.wp.com\/www.easydaykhaolak.com\/wp-content\/uploads\/2014\/05\/Khao-lak-Golf-Course-Settings.jpg?w=140&amp;ssl=1 140w, https:\/\/i0.wp.com\/www.easydaykhaolak.com\/wp-content\/uploads\/2014\/05\/Khao-lak-Golf-Course-Settings.jpg?resize=40%2C55&amp;ssl=1 40w\" sizes=\"(max-width: 140px) 100vw, 140px\" \/><\/figure>\n\n\n\n<figure class=\"wp-block-image size-large\"><img data-recalc-dims=\"1\" loading=\"lazy\" decoding=\"async\" width=\"620\" height=\"415\" data-attachment-id=\"1000\" data-permalink=\"https:\/\/www.easydaykhaolak.com\/de\/khao-lak-ausfluge\/golf\/khao-lak-golf-course-green-2\/\" data-orig-file=\"https:\/\/i0.wp.com\/www.easydaykhaolak.com\/wp-content\/uploads\/2014\/05\/khao-lak-golf-course-green.jpg?fit=1024%2C685&amp;ssl=1\" data-orig-size=\"1024,685\" data-comments-opened=\"1\" data-image-meta=\"{&quot;aperture&quot;:&quot;0&quot;,&quot;credit&quot;:&quot;&quot;,&quot;camera&quot;:&quot;&quot;,&quot;caption&quot;:&quot;&quot;,&quot;created_timestamp&quot;:&quot;0&quot;,&quot;copyright&quot;:&quot;&quot;,&quot;focal_length&quot;:&quot;0&quot;,&quot;iso&quot;:&quot;0&quot;,&quot;shutter_speed&quot;:&quot;0&quot;,&quot;title&quot;:&quot;&quot;}\" data-image-title=\"Khao Lak Golf Tour &amp;#8211; Easy Day Khao Lak\" data-image-description=\"\" data-image-caption=\"&lt;p&gt;Khao Lak Golf Kurs&lt;\/p&gt;\n\" data-large-file=\"https:\/\/i0.wp.com\/www.easydaykhaolak.com\/wp-content\/uploads\/2014\/05\/khao-lak-golf-course-green.jpg?fit=620%2C415&amp;ssl=1\" data-id=\"1000\" src=\"https:\/\/i0.wp.com\/www.easydaykhaolak.com\/wp-content\/uploads\/2014\/05\/khao-lak-golf-course-green.jpg?resize=620%2C415&#038;ssl=1\" alt=\"Khao Lak Golf Tour - Easy Day Khao Lak\" class=\"wp-image-1000\" srcset=\"https:\/\/i0.wp.com\/www.easydaykhaolak.com\/wp-content\/uploads\/2014\/05\/khao-lak-golf-course-green.jpg?w=1024&amp;ssl=1 1024w, https:\/\/i0.wp.com\/www.easydaykhaolak.com\/wp-content\/uploads\/2014\/05\/khao-lak-golf-course-green.jpg?resize=300%2C200&amp;ssl=1 300w, https:\/\/i0.wp.com\/www.easydaykhaolak.com\/wp-content\/uploads\/2014\/05\/khao-lak-golf-course-green.jpg?resize=82%2C55&amp;ssl=1 82w, https:\/\/i0.wp.com\/www.easydaykhaolak.com\/wp-content\/uploads\/2014\/05\/khao-lak-golf-course-green.jpg?resize=180%2C120&amp;ssl=1 180w\" sizes=\"(max-width: 620px) 100vw, 620px\" \/><\/figure>\n<\/figure>\n\n\n\n<h2 class=\"wp-block-heading\">&nbsp;Khao Lak Golf Tour &#8211; Tourplan<\/h2>\n\n\n\n<ul class=\"wp-block-list\">\n<li>Abholung vom Hotel in <a href=\"https:\/\/www.easydaykhaolak.com\/de\/khao-lak-beach\/\">Khao Lak<\/a>, abh\u00e4ngig von der Uhrzeit des Abschlags.<\/li>\n\n\n\n<li>Abholzeit wird bei der Buchung mitgeteilt.<\/li>\n\n\n\n<li>\u00d6ffnungszeiten von 06:30 &#8211; 18:00 Uhr.<\/li>\n<\/ul>\n\n\n\n<h2 class=\"wp-block-heading\">Khao Lak Golf Tour<\/h2>\n\n\n\n<p>Viele Golfer aus Asian und der ganzen Welt kommen nach S\u00fcd-Thailand um hier Golf zu spielen. Hier in der Region gibt es daf\u00fcr sehr viele M\u00f6glichkeiten, viele der Pl\u00e4tze sind auf Phuket aber zwei der sch\u00f6nsten sind in der N\u00e4he von Khao Lak. Die Abwechslung auf dem Golfplatz von Tab Lamu ist, das es auf der einen Seite die Andamanen See hat und auf der anderen Seite die Berge von Khao Lak.<\/p>\n\n\n\n<p>Der Golfplatz ist 7,160 m lang und die 18 L\u00f6cher werden als Par 72 gespielt. Der Platz wurde 2001 gebaut und liegt auf dem Thail\u00e4ndischen Marinest\u00fctzpunkt von Tab Lamu. Die Marine ist f\u00fcr die Betreuung und die Pflege des Platzes zust\u00e4ndig was sich schon beim ersten Anblick bemerkbar macht.<\/p>\n\n\n\n<h3 class=\"wp-block-heading\" id=\"form\">\u00a0Informieren Sie uns f\u00fcr Ihre Khao Lak Golf Tour.<\/h3>\n\n\n\n\t\t\t\t\t\t<script>\n\t\t\t\t\t\t\twindow.hsFormsOnReady = window.hsFormsOnReady || [];\n\t\t\t\t\t\t\twindow.hsFormsOnReady.push(()=>{\n\t\t\t\t\t\t\t\thbspt.forms.create({\n\t\t\t\t\t\t\t\t\tportalId: 3413662,\n\t\t\t\t\t\t\t\t\tformId: \"51775174-3b69-4a05-9e8f-ce47dfab9464\",\n\t\t\t\t\t\t\t\t\ttarget: \"#hbspt-form-1776419949000-4625486871\",\n\t\t\t\t\t\t\t\t\tregion: \"na1\",\n\t\t\t\t\t\t\t\t\t\n\t\t\t\t\t\t\t})});\n\t\t\t\t\t\t<\/script>\n\t\t\t\t\t\t<div class=\"hbspt-form\" id=\"hbspt-form-1776419949000-4625486871\"><\/div>\n","protected":false},"excerpt":{"rendered":"<p>Khao Lak Golf Tour &#8211; F\u00fcr G\u00e4ste die etwas aktiver im Urlaub sein wollen und gerne zum Golf spielen gehen, tun es am besten auf dem Golfkurs von Tab Lamu. [&hellip;]<\/p>\n","protected":false},"author":2,"featured_media":1000,"parent":1063,"menu_order":0,"comment_status":"closed","ping_status":"open","template":"","meta":{"_et_pb_use_builder":"","_et_pb_old_content":"","_et_gb_content_width":"","content-type":"","footnotes":""},"class_list":["post-1339","page","type-page","status-publish","has-post-thumbnail","hentry"],"yoast_head":"<!-- This site is optimized with the Yoast SEO plugin v27.4 - https:\/\/yoast.com\/product\/yoast-seo-wordpress\/ -->\n<title>Khao Lak Golf Tour angeboten von Easy Day Khao Lak<\/title>\n<meta name=\"description\" content=\"Eine Khao Lak Golf Tour ist sehr popul\u00e4r und erfreut sich reger Nachfrage. In der Gegend um Khao Lak und Phuket gibt es ein gro\u00dfes Angebot.\" \/>\n<meta name=\"robots\" content=\"index, follow, max-snippet:-1, max-image-preview:large, max-video-preview:-1\" \/>\n<link rel=\"canonical\" href=\"https:\/\/www.easydaykhaolak.com\/de\/khao-lak-ausfluge\/golf\/\" \/>\n<meta property=\"og:locale\" content=\"de_DE\" \/>\n<meta property=\"og:type\" content=\"article\" \/>\n<meta property=\"og:title\" content=\"Khao Lak Golf Tour angeboten von Easy Day Khao Lak\" \/>\n<meta property=\"og:description\" content=\"Eine Khao Lak Golf Tour ist sehr popul\u00e4r und erfreut sich reger Nachfrage. In der Gegend um Khao Lak und Phuket gibt es ein gro\u00dfes Angebot.\" \/>\n<meta property=\"og:url\" content=\"https:\/\/www.easydaykhaolak.com\/de\/khao-lak-ausfluge\/golf\/\" \/>\n<meta property=\"og:site_name\" content=\"Easy Day Khao Lak\" \/>\n<meta property=\"article:modified_time\" content=\"2024-06-21T08:04:13+00:00\" \/>\n<meta property=\"og:image\" content=\"https:\/\/www.easydaykhaolak.com\/wp-content\/uploads\/2014\/05\/khao-lak-golf-course-green.jpg\" \/>\n\t<meta property=\"og:image:width\" content=\"1024\" \/>\n\t<meta property=\"og:image:height\" content=\"685\" \/>\n\t<meta property=\"og:image:type\" content=\"image\/jpeg\" \/>\n<meta name=\"twitter:label1\" content=\"Gesch\u00e4tzte Lesezeit\" \/>\n\t<meta name=\"twitter:data1\" content=\"3\u00a0Minuten\" \/>\n<script type=\"application\/ld+json\" class=\"yoast-schema-graph\">{\"@context\":\"https:\\\/\\\/schema.org\",\"@graph\":[{\"@type\":\"WebPage\",\"@id\":\"https:\\\/\\\/www.easydaykhaolak.com\\\/de\\\/khao-lak-ausfluge\\\/golf\\\/\",\"url\":\"https:\\\/\\\/www.easydaykhaolak.com\\\/de\\\/khao-lak-ausfluge\\\/golf\\\/\",\"name\":\"Khao Lak Golf Tour angeboten von Easy Day Khao Lak\",\"isPartOf\":{\"@id\":\"https:\\\/\\\/www.easydaykhaolak.com\\\/#website\"},\"primaryImageOfPage\":{\"@id\":\"https:\\\/\\\/www.easydaykhaolak.com\\\/de\\\/khao-lak-ausfluge\\\/golf\\\/#primaryimage\"},\"image\":{\"@id\":\"https:\\\/\\\/www.easydaykhaolak.com\\\/de\\\/khao-lak-ausfluge\\\/golf\\\/#primaryimage\"},\"thumbnailUrl\":\"https:\\\/\\\/i0.wp.com\\\/www.easydaykhaolak.com\\\/wp-content\\\/uploads\\\/2014\\\/05\\\/khao-lak-golf-course-green.jpg?fit=1024%2C685&ssl=1\",\"datePublished\":\"2014-08-05T05:09:14+00:00\",\"dateModified\":\"2024-06-21T08:04:13+00:00\",\"description\":\"Eine Khao Lak Golf Tour ist sehr popul\u00e4r und erfreut sich reger Nachfrage. In der Gegend um Khao Lak und Phuket gibt es ein gro\u00dfes Angebot.\",\"breadcrumb\":{\"@id\":\"https:\\\/\\\/www.easydaykhaolak.com\\\/de\\\/khao-lak-ausfluge\\\/golf\\\/#breadcrumb\"},\"inLanguage\":\"de\",\"potentialAction\":[{\"@type\":\"ReadAction\",\"target\":[\"https:\\\/\\\/www.easydaykhaolak.com\\\/de\\\/khao-lak-ausfluge\\\/golf\\\/\"]}]},{\"@type\":\"ImageObject\",\"inLanguage\":\"de\",\"@id\":\"https:\\\/\\\/www.easydaykhaolak.com\\\/de\\\/khao-lak-ausfluge\\\/golf\\\/#primaryimage\",\"url\":\"https:\\\/\\\/i0.wp.com\\\/www.easydaykhaolak.com\\\/wp-content\\\/uploads\\\/2014\\\/05\\\/khao-lak-golf-course-green.jpg?fit=1024%2C685&ssl=1\",\"contentUrl\":\"https:\\\/\\\/i0.wp.com\\\/www.easydaykhaolak.com\\\/wp-content\\\/uploads\\\/2014\\\/05\\\/khao-lak-golf-course-green.jpg?fit=1024%2C685&ssl=1\",\"width\":1024,\"height\":685,\"caption\":\"Khao Lak Golf Kurs\"},{\"@type\":\"BreadcrumbList\",\"@id\":\"https:\\\/\\\/www.easydaykhaolak.com\\\/de\\\/khao-lak-ausfluge\\\/golf\\\/#breadcrumb\",\"itemListElement\":[{\"@type\":\"ListItem\",\"position\":1,\"name\":\"Home\",\"item\":\"https:\\\/\\\/www.easydaykhaolak.com\\\/\"},{\"@type\":\"ListItem\",\"position\":2,\"name\":\"Khao Lak Ausfl\u00fcge &#038; Touren\",\"item\":\"https:\\\/\\\/www.easydaykhaolak.com\\\/de\\\/khao-lak-ausfluge\\\/\"},{\"@type\":\"ListItem\",\"position\":3,\"name\":\"Khao Lak Golf Tour\"}]},{\"@type\":\"WebSite\",\"@id\":\"https:\\\/\\\/www.easydaykhaolak.com\\\/#website\",\"url\":\"https:\\\/\\\/www.easydaykhaolak.com\\\/\",\"name\":\"Easy Day Khao Lak\",\"description\":\"Ihr Partner in Khao Lak f\u00fcr Ausfl\u00fcge & Touren\",\"publisher\":{\"@id\":\"https:\\\/\\\/www.easydaykhaolak.com\\\/#organization\"},\"potentialAction\":[{\"@type\":\"SearchAction\",\"target\":{\"@type\":\"EntryPoint\",\"urlTemplate\":\"https:\\\/\\\/www.easydaykhaolak.com\\\/?s={search_term_string}\"},\"query-input\":{\"@type\":\"PropertyValueSpecification\",\"valueRequired\":true,\"valueName\":\"search_term_string\"}}],\"inLanguage\":\"de\"},{\"@type\":\"Organization\",\"@id\":\"https:\\\/\\\/www.easydaykhaolak.com\\\/#organization\",\"name\":\"ED1 Ltd., Part.\",\"url\":\"https:\\\/\\\/www.easydaykhaolak.com\\\/\",\"logo\":{\"@type\":\"ImageObject\",\"inLanguage\":\"de\",\"@id\":\"https:\\\/\\\/www.easydaykhaolak.com\\\/#\\\/schema\\\/logo\\\/image\\\/\",\"url\":\"https:\\\/\\\/www.easydaykhaolak.com\\\/wp-content\\\/uploads\\\/2016\\\/04\\\/Easy-Day-Thailand-Site-Icon.png\",\"contentUrl\":\"https:\\\/\\\/www.easydaykhaolak.com\\\/wp-content\\\/uploads\\\/2016\\\/04\\\/Easy-Day-Thailand-Site-Icon.png\",\"width\":512,\"height\":512,\"caption\":\"ED1 Ltd., Part.\"},\"image\":{\"@id\":\"https:\\\/\\\/www.easydaykhaolak.com\\\/#\\\/schema\\\/logo\\\/image\\\/\"}}]}<\/script>\n<!-- \/ Yoast SEO plugin. -->","yoast_head_json":{"title":"Khao Lak Golf Tour angeboten von Easy Day Khao Lak","description":"Eine Khao Lak Golf Tour ist sehr popul\u00e4r und erfreut sich reger Nachfrage. In der Gegend um Khao Lak und Phuket gibt es ein gro\u00dfes Angebot.","robots":{"index":"index","follow":"follow","max-snippet":"max-snippet:-1","max-image-preview":"max-image-preview:large","max-video-preview":"max-video-preview:-1"},"canonical":"https:\/\/www.easydaykhaolak.com\/de\/khao-lak-ausfluge\/golf\/","og_locale":"de_DE","og_type":"article","og_title":"Khao Lak Golf Tour angeboten von Easy Day Khao Lak","og_description":"Eine Khao Lak Golf Tour ist sehr popul\u00e4r und erfreut sich reger Nachfrage. In der Gegend um Khao Lak und Phuket gibt es ein gro\u00dfes Angebot.","og_url":"https:\/\/www.easydaykhaolak.com\/de\/khao-lak-ausfluge\/golf\/","og_site_name":"Easy Day Khao Lak","article_modified_time":"2024-06-21T08:04:13+00:00","og_image":[{"width":1024,"height":685,"url":"https:\/\/www.easydaykhaolak.com\/wp-content\/uploads\/2014\/05\/khao-lak-golf-course-green.jpg","type":"image\/jpeg"}],"twitter_misc":{"Gesch\u00e4tzte Lesezeit":"3\u00a0Minuten"},"schema":{"@context":"https:\/\/schema.org","@graph":[{"@type":"WebPage","@id":"https:\/\/www.easydaykhaolak.com\/de\/khao-lak-ausfluge\/golf\/","url":"https:\/\/www.easydaykhaolak.com\/de\/khao-lak-ausfluge\/golf\/","name":"Khao Lak Golf Tour angeboten von Easy Day Khao Lak","isPartOf":{"@id":"https:\/\/www.easydaykhaolak.com\/#website"},"primaryImageOfPage":{"@id":"https:\/\/www.easydaykhaolak.com\/de\/khao-lak-ausfluge\/golf\/#primaryimage"},"image":{"@id":"https:\/\/www.easydaykhaolak.com\/de\/khao-lak-ausfluge\/golf\/#primaryimage"},"thumbnailUrl":"https:\/\/i0.wp.com\/www.easydaykhaolak.com\/wp-content\/uploads\/2014\/05\/khao-lak-golf-course-green.jpg?fit=1024%2C685&ssl=1","datePublished":"2014-08-05T05:09:14+00:00","dateModified":"2024-06-21T08:04:13+00:00","description":"Eine Khao Lak Golf Tour ist sehr popul\u00e4r und erfreut sich reger Nachfrage. In der Gegend um Khao Lak und Phuket gibt es ein gro\u00dfes Angebot.","breadcrumb":{"@id":"https:\/\/www.easydaykhaolak.com\/de\/khao-lak-ausfluge\/golf\/#breadcrumb"},"inLanguage":"de","potentialAction":[{"@type":"ReadAction","target":["https:\/\/www.easydaykhaolak.com\/de\/khao-lak-ausfluge\/golf\/"]}]},{"@type":"ImageObject","inLanguage":"de","@id":"https:\/\/www.easydaykhaolak.com\/de\/khao-lak-ausfluge\/golf\/#primaryimage","url":"https:\/\/i0.wp.com\/www.easydaykhaolak.com\/wp-content\/uploads\/2014\/05\/khao-lak-golf-course-green.jpg?fit=1024%2C685&ssl=1","contentUrl":"https:\/\/i0.wp.com\/www.easydaykhaolak.com\/wp-content\/uploads\/2014\/05\/khao-lak-golf-course-green.jpg?fit=1024%2C685&ssl=1","width":1024,"height":685,"caption":"Khao Lak Golf Kurs"},{"@type":"BreadcrumbList","@id":"https:\/\/www.easydaykhaolak.com\/de\/khao-lak-ausfluge\/golf\/#breadcrumb","itemListElement":[{"@type":"ListItem","position":1,"name":"Home","item":"https:\/\/www.easydaykhaolak.com\/"},{"@type":"ListItem","position":2,"name":"Khao Lak Ausfl\u00fcge &#038; Touren","item":"https:\/\/www.easydaykhaolak.com\/de\/khao-lak-ausfluge\/"},{"@type":"ListItem","position":3,"name":"Khao Lak Golf Tour"}]},{"@type":"WebSite","@id":"https:\/\/www.easydaykhaolak.com\/#website","url":"https:\/\/www.easydaykhaolak.com\/","name":"Easy Day Khao Lak","description":"Ihr Partner in Khao Lak f\u00fcr Ausfl\u00fcge & Touren","publisher":{"@id":"https:\/\/www.easydaykhaolak.com\/#organization"},"potentialAction":[{"@type":"SearchAction","target":{"@type":"EntryPoint","urlTemplate":"https:\/\/www.easydaykhaolak.com\/?s={search_term_string}"},"query-input":{"@type":"PropertyValueSpecification","valueRequired":true,"valueName":"search_term_string"}}],"inLanguage":"de"},{"@type":"Organization","@id":"https:\/\/www.easydaykhaolak.com\/#organization","name":"ED1 Ltd., Part.","url":"https:\/\/www.easydaykhaolak.com\/","logo":{"@type":"ImageObject","inLanguage":"de","@id":"https:\/\/www.easydaykhaolak.com\/#\/schema\/logo\/image\/","url":"https:\/\/www.easydaykhaolak.com\/wp-content\/uploads\/2016\/04\/Easy-Day-Thailand-Site-Icon.png","contentUrl":"https:\/\/www.easydaykhaolak.com\/wp-content\/uploads\/2016\/04\/Easy-Day-Thailand-Site-Icon.png","width":512,"height":512,"caption":"ED1 Ltd., Part."},"image":{"@id":"https:\/\/www.easydaykhaolak.com\/#\/schema\/logo\/image\/"}}]}},"jetpack_shortlink":"https:\/\/wp.me\/Pg4etg-lB","jetpack-related-posts":[],"jetpack_sharing_enabled":true,"_links":{"self":[{"href":"https:\/\/www.easydaykhaolak.com\/de\/wp-json\/wp\/v2\/pages\/1339","targetHints":{"allow":["GET"]}}],"collection":[{"href":"https:\/\/www.easydaykhaolak.com\/de\/wp-json\/wp\/v2\/pages"}],"about":[{"href":"https:\/\/www.easydaykhaolak.com\/de\/wp-json\/wp\/v2\/types\/page"}],"author":[{"embeddable":true,"href":"https:\/\/www.easydaykhaolak.com\/de\/wp-json\/wp\/v2\/users\/2"}],"replies":[{"embeddable":true,"href":"https:\/\/www.easydaykhaolak.com\/de\/wp-json\/wp\/v2\/comments?post=1339"}],"version-history":[{"count":0,"href":"https:\/\/www.easydaykhaolak.com\/de\/wp-json\/wp\/v2\/pages\/1339\/revisions"}],"up":[{"embeddable":true,"href":"https:\/\/www.easydaykhaolak.com\/de\/wp-json\/wp\/v2\/pages\/1063"}],"wp:featuredmedia":[{"embeddable":true,"href":"https:\/\/www.easydaykhaolak.com\/de\/wp-json\/wp\/v2\/media\/1000"}],"wp:attachment":[{"href":"https:\/\/www.easydaykhaolak.com\/de\/wp-json\/wp\/v2\/media?parent=1339"}],"curies":[{"name":"wp","href":"https:\/\/api.w.org\/{rel}","templated":true}]}}