{"id":1327,"date":"2014-08-16T01:58:01","date_gmt":"2014-08-16T01:58:01","guid":{"rendered":"https:\/\/www.easydaykhaolak.com\/?page_id=1327"},"modified":"2024-06-21T14:58:28","modified_gmt":"2024-06-21T07:58:28","slug":"elefantenreiten-khao-lak","status":"publish","type":"page","link":"https:\/\/www.easydaykhaolak.com\/de\/khao-lak-ausfluge\/elefantenreiten-khao-lak\/","title":{"rendered":"Elefantenreiten Khao Lak"},"content":{"rendered":"\n<p>Elefantenreiten Khao Lak &#8211; T\u00e4gliche Touren zu den besten Camps von Khao Lak &amp; Khao Sok, ein wirkliches Abenteuer was man nicht missen sollte.<\/p>\n\n\n<div class=\"wp-block-image\">\n<figure class=\"alignleft\"><a href=\"https:\/\/www.easydaykhaolak.com\/de\/khao-lak-ausfluge\/elefantenreiten-khao-lak\/elefantenreiten-und-baden-ausflug\/\"><img data-recalc-dims=\"1\" loading=\"lazy\" decoding=\"async\" width=\"150\" height=\"150\" src=\"https:\/\/i0.wp.com\/www.easydaykhaolak.com\/wp-content\/uploads\/2014\/05\/Naughty-Elephants-150x150.jpg?resize=150%2C150&#038;ssl=1\" alt=\"Elefantenreiten Khao Lak\" class=\"wp-image-297\"\/><\/a><figcaption class=\"wp-element-caption\">Elefantenreiten Khao Lak<\/figcaption><\/figure>\n<\/div>\n\n\n<h2 class=\"wp-block-heading\"><a title=\"Elephant Trekking and Bathing Tour\" href=\"https:\/\/www.easydaykhaolak.com\/de\/khao-lak-ausfluge\/elefantenreiten-khao-lak\/elefantenreiten-und-baden-ausflug\/\">Elefantenreiten und Baden<\/a><\/h2>\n\n\n\n<p>Bei dieser Tour k\u00f6nnen Sie auf Elefantenreiten und mit ihnen im Wasser planschen. Geniessen Sie eine Tour auf den sanften Riesen in einer wundersch\u00f6nen Umgebung entlang abgelegener Pfade und Fl\u00fcsse.<\/p>\n\n\n\n<p><strong>Preise in Thai Baht pro Person: 2,000 | Kinder (4-10Jahren) 1,600&nbsp; <\/strong><\/p>\n\n\n\n<p class=\"has-text-align-right\"><a title=\"Elephant Trekking and Bathing Tour\" href=\"https:\/\/www.easydaykhaolak.com\/de\/khao-lak-ausfluge\/elefantenreiten-khao-lak\/elefantenreiten-und-baden-ausflug\/\"><strong>Mehr Infos&#8230;<\/strong><\/a><\/p>\n\n\n<div class=\"divider\"><\/div>\n\n\n<div class=\"wp-block-image\">\n<figure class=\"alignleft\"><a href=\"https:\/\/www.easydaykhaolak.com\/de\/khao-lak-ausfluge\/elefantenreiten-khao-lak\/elefantensafari\/\"><img data-recalc-dims=\"1\" loading=\"lazy\" decoding=\"async\" width=\"150\" height=\"150\" src=\"https:\/\/i0.wp.com\/www.easydaykhaolak.com\/wp-content\/uploads\/2014\/05\/Elephant-Trekking-Khao-lak.jpg?resize=150%2C150&#038;ssl=1\" alt=\"Elefantensafari\" class=\"wp-image-296\"\/><\/a><figcaption class=\"wp-element-caption\">Khao Lak Elefantensafari<\/figcaption><\/figure>\n<\/div>\n\n\n<h2 class=\"wp-block-heading\"><a title=\"Elephant Safari Khao Lak\" href=\"https:\/\/www.easydaykhaolak.com\/de\/khao-lak-ausfluge\/elefantenreiten-khao-lak\/elefantensafari\/\">Elefantensafari Khao Lak &#8211; Halb Tag<\/a><\/h2>\n\n\n\n<p>Eine Elefantensafari f\u00fcr einen halben Tag ist gepr\u00e4gt von einem Ritt durch den Dschungel und entlang dem Fluss. Im Anschlu\u00df an diese Tour geht es dann zum Wasserfall von Khao Lak zum abk\u00fchlen und entspannen.<\/p>\n\n\n\n<p><strong>Preise in Thai Baht pro Person:  | Kinder (4-10Jahren) <\/strong><\/p>\n\n\n\n<p class=\"has-text-align-right\"><a title=\"Elephant Safari Khao Lak\" href=\"https:\/\/www.easydaykhaolak.com\/de\/khao-lak-ausfluge\/elefantenreiten-khao-lak\/elefantensafari\/\"><strong>Mehr Infos&#8230;<\/strong><\/a><\/p>\n\n\n<div class=\"wp-block-image\">\n<figure class=\"alignleft\"><a href=\"https:\/\/www.easydaykhaolak.com\/de\/private-khao-lak-touren\/private-khao-lak-ausfluge-elefanten\/\"><img data-recalc-dims=\"1\" loading=\"lazy\" decoding=\"async\" width=\"150\" height=\"150\" src=\"https:\/\/i0.wp.com\/www.easydaykhaolak.com\/wp-content\/uploads\/2014\/06\/Elephant-Trekking-Khao-Lak.jpg?resize=150%2C150&#038;ssl=1\" alt=\"Elephant Trekking Khao Lak\" class=\"wp-image-13321\" srcset=\"https:\/\/i0.wp.com\/www.easydaykhaolak.com\/wp-content\/uploads\/2014\/06\/Elephant-Trekking-Khao-Lak.jpg?resize=150%2C150&amp;ssl=1 150w, https:\/\/i0.wp.com\/www.easydaykhaolak.com\/wp-content\/uploads\/2014\/06\/Elephant-Trekking-Khao-Lak.jpg?zoom=2&amp;resize=150%2C150&amp;ssl=1 300w, https:\/\/i0.wp.com\/www.easydaykhaolak.com\/wp-content\/uploads\/2014\/06\/Elephant-Trekking-Khao-Lak.jpg?zoom=3&amp;resize=150%2C150&amp;ssl=1 450w\" sizes=\"(max-width: 150px) 100vw, 150px\" \/><\/a><figcaption class=\"wp-element-caption\">Elephant Trekking<\/figcaption><\/figure>\n<\/div>\n\n\n<h2 class=\"wp-block-heading\"><a href=\"https:\/\/www.easydaykhaolak.com\/de\/private-khao-lak-touren\/private-khao-lak-ausfluge-elefanten\/\">Private Elefanten Ausfl\u00fcge<\/a><\/h2>\n\n\n\n<p>Private Ausfl\u00fcge zum Elefanten Reiten &amp; Baden, t\u00e4glich als Tages Ausflug oder Halbtages Tour m\u00f6glich.<\/p>\n\n\n\n<p>Besuche von Wasserf\u00e4llen &amp; Schildkr\u00f6ten Farm, kombiniert mit Elefanten Reiten oder Elefanten Baden.<\/p>\n\n\n\n<p><strong>Preise in Thai Baht pro Person: 1-2 Personen&nbsp;8,700<\/strong> | Extra Person 4,100<\/p>\n\n\n\n<p class=\"has-text-align-right\"><strong><a href=\"https:\/\/www.easydaykhaolak.com\/de\/private-khao-lak-touren\/private-khao-lak-ausfluge-elefanten\/\">Mehr Infos.<\/a><\/strong><\/p>\n\n\n\n<p class=\"has-text-align-right\"><div class=\"divider\"><\/div><\/p>\n\n\n<div class=\"wp-block-image\">\n<figure class=\"alignleft\"><a href=\"https:\/\/www.easydaykhaolak.com\/de\/khao-lak-ausfluge\/khao-lak-rafting\/wildwasser-rafting-und-elefanten\/\"><img data-recalc-dims=\"1\" loading=\"lazy\" decoding=\"async\" width=\"150\" height=\"150\" src=\"https:\/\/i0.wp.com\/www.easydaykhaolak.com\/wp-content\/uploads\/2014\/05\/White-Water-Rafting-Khao-Lak1.jpg?resize=150%2C150&#038;ssl=1\" alt=\"White Water Rafting - Khao Lak\" class=\"wp-image-326\"\/><\/a><figcaption class=\"wp-element-caption\">Wildwasser-Rafting<\/figcaption><\/figure>\n<\/div>\n\n\n<h2 class=\"wp-block-heading\"><a title=\"White Water Rafting and Elephants\" href=\"https:\/\/www.easydaykhaolak.com\/de\/khao-lak-ausfluge\/khao-lak-rafting\/wildwasser-rafting-und-elefanten\/\">Wildwasser-Rafting und Elefanten<\/a><\/h2>\n\n\n\n<p>Khao Lak Wildwasser-Rafting und Elefanten &#8211; Eine Tour die Aufregung und Entspannung verspricht, reiten sie die Stromschnellen mit dem Schlauchboot ab und geniessen Sie danach eine Tour auf dem Elefanten in der sch\u00f6nsten Gegend von Phang Nga.<\/p>\n\n\n\n<p><strong>Preise in Thai Baht pro Person: 2,400 | Kinder (5-12Jahren) 2,000<br><\/strong><\/p>\n\n\n\n<p class=\"has-text-align-right\"><a title=\"White Water Rafting and Elephants\" href=\"https:\/\/www.easydaykhaolak.com\/de\/khao-lak-ausfluge\/khao-lak-rafting\/wildwasser-rafting-und-elefanten\/\"><strong>Mehr Infos&#8230;<\/strong><\/a><\/p>\n\n\n<div class=\"divider\"><\/div>\n\n\n\n<h3 class=\"wp-block-heading\">Kunden Kommentare<\/h3>\n\n\n\n<blockquote class=\"wp-block-quote is-layout-flow wp-block-quote-is-layout-flow\">\n<div>&nbsp;<\/div>\n\n\n\n<p>Hallo Andreas,<br>wollten uns nochmal bedanken f\u00fcr die gute Beratung und sehr gute Organisation. War bei den drei Ausfl\u00fcgen alles perfekt organisiert,echt<br>top! Die Ausfl\u00fcge waren auch ein unvergessliches Erlebnis, speziell der Ausflug zu den Elefanten wo&nbsp;wir noch mit dem Elefanten baden waren und ihn auch mit Bananen f\u00fcttern durften.<\/p>\n\n\n\n<div>\n<p>Viele Gr\u00fc\u00dfe von Sylvia und Oliver<\/p>\n<\/div>\n<\/blockquote>\n\n\n\n<h2 class=\"wp-block-heading\">Kontakt\u00a0&#8211; Khao Lak Elefantentouren<\/h2>\n\n\n\n\t\t\t\t\t\t<script>\n\t\t\t\t\t\t\twindow.hsFormsOnReady = window.hsFormsOnReady || [];\n\t\t\t\t\t\t\twindow.hsFormsOnReady.push(()=>{\n\t\t\t\t\t\t\t\thbspt.forms.create({\n\t\t\t\t\t\t\t\t\tportalId: 3413662,\n\t\t\t\t\t\t\t\t\tformId: \"51775174-3b69-4a05-9e8f-ce47dfab9464\",\n\t\t\t\t\t\t\t\t\ttarget: \"#hbspt-form-1775921378000-4772938280\",\n\t\t\t\t\t\t\t\t\tregion: \"na1\",\n\t\t\t\t\t\t\t\t\t\n\t\t\t\t\t\t\t})});\n\t\t\t\t\t\t<\/script>\n\t\t\t\t\t\t<div class=\"hbspt-form\" id=\"hbspt-form-1775921378000-4772938280\"><\/div>\n\n\n\n<h3 class=\"wp-block-heading\">Elefanten reiten in anderen Teilen von Thailand<\/h3>\n\n\n\n<ul class=\"wp-block-list\">\n<li><a href=\"https:\/\/www.easydayphuket.com\/de\/phuket-unternehmungen\/phuket-elefantenreiten\/\" target=\"_blank\" rel=\"noopener noreferrer\">Elefantenreiten in Phuket<\/a><\/li>\n<\/ul>\n","protected":false},"excerpt":{"rendered":"<p>Elefantenreiten Khao Lak &#8211; T\u00e4gliche Touren zu den besten Camps von Khao Lak &amp; Khao Sok, ein wirkliches Abenteuer was man nicht missen sollte. Elefantenreiten und Baden Bei dieser Tour [&hellip;]<\/p>\n","protected":false},"author":4,"featured_media":0,"parent":1063,"menu_order":0,"comment_status":"closed","ping_status":"open","template":"","meta":{"_et_pb_use_builder":"","_et_pb_old_content":"","_et_gb_content_width":"","content-type":"","footnotes":""},"class_list":["post-1327","page","type-page","status-publish","hentry"],"yoast_head":"<!-- This site is optimized with the Yoast SEO plugin v27.3 - https:\/\/yoast.com\/product\/yoast-seo-wordpress\/ -->\n<title>Elefantenreiten Khao Lak - Easy Day Khao Lak<\/title>\n<meta name=\"description\" content=\"Elefantenreiten Khao Lak ist eine der interessantesten Unternehmngen die es hier im Nationalpark zu erleben gibt. Ein Erlebnis f\u00fcr jung und alt.\" \/>\n<meta name=\"robots\" content=\"index, follow, max-snippet:-1, max-image-preview:large, max-video-preview:-1\" \/>\n<link rel=\"canonical\" href=\"https:\/\/www.easydaykhaolak.com\/de\/khao-lak-ausfluge\/elefantenreiten-khao-lak\/\" \/>\n<meta property=\"og:locale\" content=\"de_DE\" \/>\n<meta property=\"og:type\" content=\"article\" \/>\n<meta property=\"og:title\" content=\"Elefantenreiten Khao Lak - Easy Day Khao Lak\" \/>\n<meta property=\"og:description\" content=\"Elefantenreiten Khao Lak ist eine der interessantesten Unternehmngen die es hier im Nationalpark zu erleben gibt. Ein Erlebnis f\u00fcr jung und alt.\" \/>\n<meta property=\"og:url\" content=\"https:\/\/www.easydaykhaolak.com\/de\/khao-lak-ausfluge\/elefantenreiten-khao-lak\/\" \/>\n<meta property=\"og:site_name\" content=\"Easy Day Khao Lak\" \/>\n<meta property=\"article:modified_time\" content=\"2024-06-21T07:58:28+00:00\" \/>\n<meta property=\"og:image\" content=\"https:\/\/www.easydaykhaolak.com\/wp-content\/uploads\/2014\/05\/Naughty-Elephants-150x150.jpg\" \/>\n<meta name=\"twitter:label1\" content=\"Gesch\u00e4tzte Lesezeit\" \/>\n\t<meta name=\"twitter:data1\" content=\"2\u00a0Minuten\" \/>\n<script type=\"application\/ld+json\" class=\"yoast-schema-graph\">{\"@context\":\"https:\\\/\\\/schema.org\",\"@graph\":[{\"@type\":\"WebPage\",\"@id\":\"https:\\\/\\\/www.easydaykhaolak.com\\\/de\\\/khao-lak-ausfluge\\\/elefantenreiten-khao-lak\\\/\",\"url\":\"https:\\\/\\\/www.easydaykhaolak.com\\\/de\\\/khao-lak-ausfluge\\\/elefantenreiten-khao-lak\\\/\",\"name\":\"Elefantenreiten Khao Lak - Easy Day Khao Lak\",\"isPartOf\":{\"@id\":\"https:\\\/\\\/www.easydaykhaolak.com\\\/#website\"},\"primaryImageOfPage\":{\"@id\":\"https:\\\/\\\/www.easydaykhaolak.com\\\/de\\\/khao-lak-ausfluge\\\/elefantenreiten-khao-lak\\\/#primaryimage\"},\"image\":{\"@id\":\"https:\\\/\\\/www.easydaykhaolak.com\\\/de\\\/khao-lak-ausfluge\\\/elefantenreiten-khao-lak\\\/#primaryimage\"},\"thumbnailUrl\":\"https:\\\/\\\/www.easydaykhaolak.com\\\/wp-content\\\/uploads\\\/2014\\\/05\\\/Naughty-Elephants-150x150.jpg\",\"datePublished\":\"2014-08-16T01:58:01+00:00\",\"dateModified\":\"2024-06-21T07:58:28+00:00\",\"description\":\"Elefantenreiten Khao Lak ist eine der interessantesten Unternehmngen die es hier im Nationalpark zu erleben gibt. Ein Erlebnis f\u00fcr jung und alt.\",\"breadcrumb\":{\"@id\":\"https:\\\/\\\/www.easydaykhaolak.com\\\/de\\\/khao-lak-ausfluge\\\/elefantenreiten-khao-lak\\\/#breadcrumb\"},\"inLanguage\":\"de\",\"potentialAction\":[{\"@type\":\"ReadAction\",\"target\":[\"https:\\\/\\\/www.easydaykhaolak.com\\\/de\\\/khao-lak-ausfluge\\\/elefantenreiten-khao-lak\\\/\"]}]},{\"@type\":\"ImageObject\",\"inLanguage\":\"de\",\"@id\":\"https:\\\/\\\/www.easydaykhaolak.com\\\/de\\\/khao-lak-ausfluge\\\/elefantenreiten-khao-lak\\\/#primaryimage\",\"url\":\"https:\\\/\\\/www.easydaykhaolak.com\\\/wp-content\\\/uploads\\\/2014\\\/05\\\/Naughty-Elephants-150x150.jpg\",\"contentUrl\":\"https:\\\/\\\/www.easydaykhaolak.com\\\/wp-content\\\/uploads\\\/2014\\\/05\\\/Naughty-Elephants-150x150.jpg\"},{\"@type\":\"BreadcrumbList\",\"@id\":\"https:\\\/\\\/www.easydaykhaolak.com\\\/de\\\/khao-lak-ausfluge\\\/elefantenreiten-khao-lak\\\/#breadcrumb\",\"itemListElement\":[{\"@type\":\"ListItem\",\"position\":1,\"name\":\"Home\",\"item\":\"https:\\\/\\\/www.easydaykhaolak.com\\\/\"},{\"@type\":\"ListItem\",\"position\":2,\"name\":\"Khao Lak Ausfl\u00fcge &#038; Touren\",\"item\":\"https:\\\/\\\/www.easydaykhaolak.com\\\/de\\\/khao-lak-ausfluge\\\/\"},{\"@type\":\"ListItem\",\"position\":3,\"name\":\"Elefantenreiten Khao Lak\"}]},{\"@type\":\"WebSite\",\"@id\":\"https:\\\/\\\/www.easydaykhaolak.com\\\/#website\",\"url\":\"https:\\\/\\\/www.easydaykhaolak.com\\\/\",\"name\":\"Easy Day Khao Lak\",\"description\":\"Ihr Partner in Khao Lak f\u00fcr Ausfl\u00fcge & Touren\",\"publisher\":{\"@id\":\"https:\\\/\\\/www.easydaykhaolak.com\\\/#organization\"},\"potentialAction\":[{\"@type\":\"SearchAction\",\"target\":{\"@type\":\"EntryPoint\",\"urlTemplate\":\"https:\\\/\\\/www.easydaykhaolak.com\\\/?s={search_term_string}\"},\"query-input\":{\"@type\":\"PropertyValueSpecification\",\"valueRequired\":true,\"valueName\":\"search_term_string\"}}],\"inLanguage\":\"de\"},{\"@type\":\"Organization\",\"@id\":\"https:\\\/\\\/www.easydaykhaolak.com\\\/#organization\",\"name\":\"ED1 Ltd., Part.\",\"url\":\"https:\\\/\\\/www.easydaykhaolak.com\\\/\",\"logo\":{\"@type\":\"ImageObject\",\"inLanguage\":\"de\",\"@id\":\"https:\\\/\\\/www.easydaykhaolak.com\\\/#\\\/schema\\\/logo\\\/image\\\/\",\"url\":\"https:\\\/\\\/www.easydaykhaolak.com\\\/wp-content\\\/uploads\\\/2016\\\/04\\\/Easy-Day-Thailand-Site-Icon.png\",\"contentUrl\":\"https:\\\/\\\/www.easydaykhaolak.com\\\/wp-content\\\/uploads\\\/2016\\\/04\\\/Easy-Day-Thailand-Site-Icon.png\",\"width\":512,\"height\":512,\"caption\":\"ED1 Ltd., Part.\"},\"image\":{\"@id\":\"https:\\\/\\\/www.easydaykhaolak.com\\\/#\\\/schema\\\/logo\\\/image\\\/\"}}]}<\/script>\n<!-- \/ Yoast SEO plugin. -->","yoast_head_json":{"title":"Elefantenreiten Khao Lak - Easy Day Khao Lak","description":"Elefantenreiten Khao Lak ist eine der interessantesten Unternehmngen die es hier im Nationalpark zu erleben gibt. Ein Erlebnis f\u00fcr jung und alt.","robots":{"index":"index","follow":"follow","max-snippet":"max-snippet:-1","max-image-preview":"max-image-preview:large","max-video-preview":"max-video-preview:-1"},"canonical":"https:\/\/www.easydaykhaolak.com\/de\/khao-lak-ausfluge\/elefantenreiten-khao-lak\/","og_locale":"de_DE","og_type":"article","og_title":"Elefantenreiten Khao Lak - Easy Day Khao Lak","og_description":"Elefantenreiten Khao Lak ist eine der interessantesten Unternehmngen die es hier im Nationalpark zu erleben gibt. Ein Erlebnis f\u00fcr jung und alt.","og_url":"https:\/\/www.easydaykhaolak.com\/de\/khao-lak-ausfluge\/elefantenreiten-khao-lak\/","og_site_name":"Easy Day Khao Lak","article_modified_time":"2024-06-21T07:58:28+00:00","og_image":[{"url":"https:\/\/www.easydaykhaolak.com\/wp-content\/uploads\/2014\/05\/Naughty-Elephants-150x150.jpg","type":"","width":"","height":""}],"twitter_misc":{"Gesch\u00e4tzte Lesezeit":"2\u00a0Minuten"},"schema":{"@context":"https:\/\/schema.org","@graph":[{"@type":"WebPage","@id":"https:\/\/www.easydaykhaolak.com\/de\/khao-lak-ausfluge\/elefantenreiten-khao-lak\/","url":"https:\/\/www.easydaykhaolak.com\/de\/khao-lak-ausfluge\/elefantenreiten-khao-lak\/","name":"Elefantenreiten Khao Lak - Easy Day Khao Lak","isPartOf":{"@id":"https:\/\/www.easydaykhaolak.com\/#website"},"primaryImageOfPage":{"@id":"https:\/\/www.easydaykhaolak.com\/de\/khao-lak-ausfluge\/elefantenreiten-khao-lak\/#primaryimage"},"image":{"@id":"https:\/\/www.easydaykhaolak.com\/de\/khao-lak-ausfluge\/elefantenreiten-khao-lak\/#primaryimage"},"thumbnailUrl":"https:\/\/www.easydaykhaolak.com\/wp-content\/uploads\/2014\/05\/Naughty-Elephants-150x150.jpg","datePublished":"2014-08-16T01:58:01+00:00","dateModified":"2024-06-21T07:58:28+00:00","description":"Elefantenreiten Khao Lak ist eine der interessantesten Unternehmngen die es hier im Nationalpark zu erleben gibt. Ein Erlebnis f\u00fcr jung und alt.","breadcrumb":{"@id":"https:\/\/www.easydaykhaolak.com\/de\/khao-lak-ausfluge\/elefantenreiten-khao-lak\/#breadcrumb"},"inLanguage":"de","potentialAction":[{"@type":"ReadAction","target":["https:\/\/www.easydaykhaolak.com\/de\/khao-lak-ausfluge\/elefantenreiten-khao-lak\/"]}]},{"@type":"ImageObject","inLanguage":"de","@id":"https:\/\/www.easydaykhaolak.com\/de\/khao-lak-ausfluge\/elefantenreiten-khao-lak\/#primaryimage","url":"https:\/\/www.easydaykhaolak.com\/wp-content\/uploads\/2014\/05\/Naughty-Elephants-150x150.jpg","contentUrl":"https:\/\/www.easydaykhaolak.com\/wp-content\/uploads\/2014\/05\/Naughty-Elephants-150x150.jpg"},{"@type":"BreadcrumbList","@id":"https:\/\/www.easydaykhaolak.com\/de\/khao-lak-ausfluge\/elefantenreiten-khao-lak\/#breadcrumb","itemListElement":[{"@type":"ListItem","position":1,"name":"Home","item":"https:\/\/www.easydaykhaolak.com\/"},{"@type":"ListItem","position":2,"name":"Khao Lak Ausfl\u00fcge &#038; Touren","item":"https:\/\/www.easydaykhaolak.com\/de\/khao-lak-ausfluge\/"},{"@type":"ListItem","position":3,"name":"Elefantenreiten Khao Lak"}]},{"@type":"WebSite","@id":"https:\/\/www.easydaykhaolak.com\/#website","url":"https:\/\/www.easydaykhaolak.com\/","name":"Easy Day Khao Lak","description":"Ihr Partner in Khao Lak f\u00fcr Ausfl\u00fcge & Touren","publisher":{"@id":"https:\/\/www.easydaykhaolak.com\/#organization"},"potentialAction":[{"@type":"SearchAction","target":{"@type":"EntryPoint","urlTemplate":"https:\/\/www.easydaykhaolak.com\/?s={search_term_string}"},"query-input":{"@type":"PropertyValueSpecification","valueRequired":true,"valueName":"search_term_string"}}],"inLanguage":"de"},{"@type":"Organization","@id":"https:\/\/www.easydaykhaolak.com\/#organization","name":"ED1 Ltd., Part.","url":"https:\/\/www.easydaykhaolak.com\/","logo":{"@type":"ImageObject","inLanguage":"de","@id":"https:\/\/www.easydaykhaolak.com\/#\/schema\/logo\/image\/","url":"https:\/\/www.easydaykhaolak.com\/wp-content\/uploads\/2016\/04\/Easy-Day-Thailand-Site-Icon.png","contentUrl":"https:\/\/www.easydaykhaolak.com\/wp-content\/uploads\/2016\/04\/Easy-Day-Thailand-Site-Icon.png","width":512,"height":512,"caption":"ED1 Ltd., Part."},"image":{"@id":"https:\/\/www.easydaykhaolak.com\/#\/schema\/logo\/image\/"}}]}},"jetpack_shortlink":"https:\/\/wp.me\/Pg4etg-lp","jetpack-related-posts":[],"jetpack_sharing_enabled":true,"_links":{"self":[{"href":"https:\/\/www.easydaykhaolak.com\/de\/wp-json\/wp\/v2\/pages\/1327","targetHints":{"allow":["GET"]}}],"collection":[{"href":"https:\/\/www.easydaykhaolak.com\/de\/wp-json\/wp\/v2\/pages"}],"about":[{"href":"https:\/\/www.easydaykhaolak.com\/de\/wp-json\/wp\/v2\/types\/page"}],"author":[{"embeddable":true,"href":"https:\/\/www.easydaykhaolak.com\/de\/wp-json\/wp\/v2\/users\/4"}],"replies":[{"embeddable":true,"href":"https:\/\/www.easydaykhaolak.com\/de\/wp-json\/wp\/v2\/comments?post=1327"}],"version-history":[{"count":0,"href":"https:\/\/www.easydaykhaolak.com\/de\/wp-json\/wp\/v2\/pages\/1327\/revisions"}],"up":[{"embeddable":true,"href":"https:\/\/www.easydaykhaolak.com\/de\/wp-json\/wp\/v2\/pages\/1063"}],"wp:attachment":[{"href":"https:\/\/www.easydaykhaolak.com\/de\/wp-json\/wp\/v2\/media?parent=1327"}],"curies":[{"name":"wp","href":"https:\/\/api.w.org\/{rel}","templated":true}]}}