{"id":1317,"date":"2014-08-19T03:13:44","date_gmt":"2014-08-19T03:13:44","guid":{"rendered":"https:\/\/www.easydaykhaolak.com\/?page_id=1317"},"modified":"2024-06-21T17:54:33","modified_gmt":"2024-06-21T10:54:33","slug":"khao-lak-palm-hill","status":"publish","type":"page","link":"https:\/\/www.easydaykhaolak.com\/de\/khao-lak-hotels\/khao-lak-palm-hill\/","title":{"rendered":"Khao Lak Palm Hill Resort"},"content":{"rendered":"<div class=\"wp-block-image\">\n<figure class=\"alignright\"><a href=\"https:\/\/i0.wp.com\/www.easydaykhaolak.com\/wp-content\/uploads\/2014\/04\/Pool3-e1397282118867.jpg?ssl=1\"><img data-recalc-dims=\"1\" loading=\"lazy\" decoding=\"async\" width=\"300\" height=\"225\" src=\"https:\/\/i0.wp.com\/www.easydaykhaolak.com\/wp-content\/uploads\/2014\/04\/Pool3.jpg?resize=300%2C225&#038;ssl=1\" alt=\"Schwimmbad Khao lak Palm Hill Resort\" class=\"wp-image-238\"\/><\/a><figcaption class=\"wp-element-caption\">Khao Lak Palm Hill Pool<\/figcaption><\/figure>\n<\/div>\n\n\n<p>Khao Lak Palm Hill Resort &#8211; Das Hotel liegt 10 Minuten vom Strand entfernt und hat eine atemberaubende Aussicht auf die Berge von Khao Lak. Eine wundersch\u00f6ne Anlage inmitten der Natur und nur ein paar Minuten bis ins Zentrum.<\/p>\n\n\n\n<ul class=\"wp-block-list\">\n<li>Einfaches aber<strong> modernes Design.<\/strong><\/li>\n\n\n\n<li>Sch\u00f6ner Garten mit super Aussicht.<\/li>\n\n\n\n<li><b>Ruhige Lage.<\/b><\/li>\n\n\n\n<li>Restaurants, Bars &amp; Gesch\u00e4fte in der N\u00e4he.<\/li>\n<\/ul>\n\n\n<p><strong><span style=\"color: #ff0000;\"> 3 Tage \/ 2 N\u00e4chte<\/span> &#8211; Preise in <\/strong><strong>Thai Baht <\/strong><strong>pro Person ab <\/strong><strong>3,200\u00a0 <a title=\"Easy Day Contact Form\" href=\"#form\">&gt;&gt; Ihr kostenloses Angebot!<\/a><\/strong> <\/p>\n\n\n\n<p><strong>Khao Lak Hotel Paket inklusive<\/strong><strong>: <\/strong><strong><br><\/strong><\/p>\n\n\n<div class=\"shortcode-unorderedlist tick\"><\/p>\n<ul>\n<li>Privater <a title=\"Phuket Airport Transfers\" href=\"https:\/\/www.easydaykhaolak.com\/de\/flughafen-transfer-phuket-khao-lak\/\">Phuket Airport Transfer.<\/a><\/li>\n<li>Zimmer mit Bergaussicht.<strong><br \/>\n<\/strong><\/li>\n<li>Obligatorisches Fr\u00fchst\u00fcck<\/li>\n<li>Steuern &amp; Versicherung<\/li>\n<\/ul>\n<p><\/div>\n\n\n\n\n<a href=\"#form\"class=\"wpz-sc-button\" style=\"\"><span class=\"wpz-\">Preis Angbot!<\/span><\/a>\n\n\n\n<h2 class=\"wp-block-heading\">Khao Lak Palm Hill Resort &#8211; Galerie<\/h2>\n\n\n\n<figure class=\"wp-block-gallery has-nested-images columns-3 is-cropped wp-block-gallery-1 is-layout-flex wp-block-gallery-is-layout-flex\">\n<figure class=\"wp-block-image size-large\"><img data-recalc-dims=\"1\" loading=\"lazy\" decoding=\"async\" width=\"312\" height=\"235\" data-attachment-id=\"934\" data-permalink=\"https:\/\/www.easydaykhaolak.com\/de\/khao-lak-hotels\/khao-lak-palm-hill\/room-3\/\" data-orig-file=\"https:\/\/i0.wp.com\/www.easydaykhaolak.com\/wp-content\/uploads\/2014\/04\/Room.jpg?fit=312%2C235&amp;ssl=1\" data-orig-size=\"312,235\" data-comments-opened=\"1\" data-image-meta=\"{&quot;aperture&quot;:&quot;0&quot;,&quot;credit&quot;:&quot;&quot;,&quot;camera&quot;:&quot;&quot;,&quot;caption&quot;:&quot;&quot;,&quot;created_timestamp&quot;:&quot;0&quot;,&quot;copyright&quot;:&quot;&quot;,&quot;focal_length&quot;:&quot;0&quot;,&quot;iso&quot;:&quot;0&quot;,&quot;shutter_speed&quot;:&quot;0&quot;,&quot;title&quot;:&quot;&quot;}\" data-image-title=\"Palm Hill Room\" data-image-description=\"\" data-image-caption=\"&lt;p&gt;Palm Hill Standard Zimmer&lt;\/p&gt;\n\" data-medium-file=\"https:\/\/i0.wp.com\/www.easydaykhaolak.com\/wp-content\/uploads\/2014\/04\/Room.jpg?fit=300%2C225&amp;ssl=1\" data-large-file=\"https:\/\/i0.wp.com\/www.easydaykhaolak.com\/wp-content\/uploads\/2014\/04\/Room.jpg?fit=312%2C235&amp;ssl=1\" data-id=\"934\" src=\"https:\/\/i0.wp.com\/www.easydaykhaolak.com\/wp-content\/uploads\/2014\/04\/Room.jpg?resize=312%2C235&#038;ssl=1\" alt=\"\" class=\"wp-image-934\" srcset=\"https:\/\/i0.wp.com\/www.easydaykhaolak.com\/wp-content\/uploads\/2014\/04\/Room.jpg?w=312&amp;ssl=1 312w, https:\/\/i0.wp.com\/www.easydaykhaolak.com\/wp-content\/uploads\/2014\/04\/Room.jpg?resize=300%2C225&amp;ssl=1 300w, https:\/\/i0.wp.com\/www.easydaykhaolak.com\/wp-content\/uploads\/2014\/04\/Room.jpg?resize=73%2C55&amp;ssl=1 73w\" sizes=\"(max-width: 312px) 100vw, 312px\" \/><\/figure>\n\n\n\n<figure class=\"wp-block-image size-large\"><img data-recalc-dims=\"1\" loading=\"lazy\" decoding=\"async\" width=\"312\" height=\"235\" data-attachment-id=\"935\" data-permalink=\"https:\/\/www.easydaykhaolak.com\/de\/khao-lak-hotels\/khao-lak-palm-hill\/superior-3\/\" data-orig-file=\"https:\/\/i0.wp.com\/www.easydaykhaolak.com\/wp-content\/uploads\/2014\/04\/Superior.jpg?fit=312%2C235&amp;ssl=1\" data-orig-size=\"312,235\" data-comments-opened=\"1\" data-image-meta=\"{&quot;aperture&quot;:&quot;0&quot;,&quot;credit&quot;:&quot;&quot;,&quot;camera&quot;:&quot;&quot;,&quot;caption&quot;:&quot;&quot;,&quot;created_timestamp&quot;:&quot;0&quot;,&quot;copyright&quot;:&quot;&quot;,&quot;focal_length&quot;:&quot;0&quot;,&quot;iso&quot;:&quot;0&quot;,&quot;shutter_speed&quot;:&quot;0&quot;,&quot;title&quot;:&quot;&quot;}\" data-image-title=\"Palm Hill Room\" data-image-description=\"\" data-image-caption=\"&lt;p&gt;Palm Hill Superior Zimmer&lt;\/p&gt;\n\" data-medium-file=\"https:\/\/i0.wp.com\/www.easydaykhaolak.com\/wp-content\/uploads\/2014\/04\/Superior.jpg?fit=300%2C225&amp;ssl=1\" data-large-file=\"https:\/\/i0.wp.com\/www.easydaykhaolak.com\/wp-content\/uploads\/2014\/04\/Superior.jpg?fit=312%2C235&amp;ssl=1\" data-id=\"935\" src=\"https:\/\/i0.wp.com\/www.easydaykhaolak.com\/wp-content\/uploads\/2014\/04\/Superior.jpg?resize=312%2C235&#038;ssl=1\" alt=\"\" class=\"wp-image-935\" srcset=\"https:\/\/i0.wp.com\/www.easydaykhaolak.com\/wp-content\/uploads\/2014\/04\/Superior.jpg?w=312&amp;ssl=1 312w, https:\/\/i0.wp.com\/www.easydaykhaolak.com\/wp-content\/uploads\/2014\/04\/Superior.jpg?resize=300%2C225&amp;ssl=1 300w, https:\/\/i0.wp.com\/www.easydaykhaolak.com\/wp-content\/uploads\/2014\/04\/Superior.jpg?resize=73%2C55&amp;ssl=1 73w\" sizes=\"(max-width: 312px) 100vw, 312px\" \/><\/figure>\n\n\n\n<figure class=\"wp-block-image size-large\"><img data-recalc-dims=\"1\" loading=\"lazy\" decoding=\"async\" width=\"313\" height=\"235\" data-attachment-id=\"936\" data-permalink=\"https:\/\/www.easydaykhaolak.com\/de\/khao-lak-hotels\/khao-lak-palm-hill\/view-3-2\/\" data-orig-file=\"https:\/\/i0.wp.com\/www.easydaykhaolak.com\/wp-content\/uploads\/2014\/04\/View3.jpg?fit=313%2C235&amp;ssl=1\" data-orig-size=\"313,235\" data-comments-opened=\"1\" data-image-meta=\"{&quot;aperture&quot;:&quot;0&quot;,&quot;credit&quot;:&quot;&quot;,&quot;camera&quot;:&quot;&quot;,&quot;caption&quot;:&quot;&quot;,&quot;created_timestamp&quot;:&quot;0&quot;,&quot;copyright&quot;:&quot;&quot;,&quot;focal_length&quot;:&quot;0&quot;,&quot;iso&quot;:&quot;0&quot;,&quot;shutter_speed&quot;:&quot;0&quot;,&quot;title&quot;:&quot;&quot;}\" data-image-title=\"Palm Hill View\" data-image-description=\"\" data-image-caption=\"&lt;p&gt;Palm Hill Ansicht&lt;\/p&gt;\n\" data-medium-file=\"https:\/\/i0.wp.com\/www.easydaykhaolak.com\/wp-content\/uploads\/2014\/04\/View3.jpg?fit=300%2C225&amp;ssl=1\" data-large-file=\"https:\/\/i0.wp.com\/www.easydaykhaolak.com\/wp-content\/uploads\/2014\/04\/View3.jpg?fit=313%2C235&amp;ssl=1\" data-id=\"936\" src=\"https:\/\/i0.wp.com\/www.easydaykhaolak.com\/wp-content\/uploads\/2014\/04\/View3.jpg?resize=313%2C235&#038;ssl=1\" alt=\"\" class=\"wp-image-936\" srcset=\"https:\/\/i0.wp.com\/www.easydaykhaolak.com\/wp-content\/uploads\/2014\/04\/View3.jpg?w=313&amp;ssl=1 313w, https:\/\/i0.wp.com\/www.easydaykhaolak.com\/wp-content\/uploads\/2014\/04\/View3.jpg?resize=300%2C225&amp;ssl=1 300w, https:\/\/i0.wp.com\/www.easydaykhaolak.com\/wp-content\/uploads\/2014\/04\/View3.jpg?resize=73%2C55&amp;ssl=1 73w\" sizes=\"(max-width: 313px) 100vw, 313px\" \/><\/figure>\n\n\n\n<figure class=\"wp-block-image size-large\"><img data-recalc-dims=\"1\" loading=\"lazy\" decoding=\"async\" width=\"240\" height=\"180\" data-attachment-id=\"933\" data-permalink=\"https:\/\/www.easydaykhaolak.com\/de\/khao-lak-hotels\/khao-lak-palm-hill\/pool-3-2\/\" data-orig-file=\"https:\/\/i0.wp.com\/www.easydaykhaolak.com\/wp-content\/uploads\/2014\/04\/Pool3-e1397282118867.jpg?fit=240%2C180&amp;ssl=1\" data-orig-size=\"240,180\" data-comments-opened=\"1\" data-image-meta=\"{&quot;aperture&quot;:&quot;0&quot;,&quot;credit&quot;:&quot;&quot;,&quot;camera&quot;:&quot;&quot;,&quot;caption&quot;:&quot;&quot;,&quot;created_timestamp&quot;:&quot;0&quot;,&quot;copyright&quot;:&quot;&quot;,&quot;focal_length&quot;:&quot;0&quot;,&quot;iso&quot;:&quot;0&quot;,&quot;shutter_speed&quot;:&quot;0&quot;,&quot;title&quot;:&quot;&quot;}\" data-image-title=\"Palm Hill Pool\" data-image-description=\"\" data-image-caption=\"&lt;p&gt;Palm Hill Swimmingpool&lt;\/p&gt;\n\" data-medium-file=\"https:\/\/i0.wp.com\/www.easydaykhaolak.com\/wp-content\/uploads\/2014\/04\/Pool3-e1397282118867.jpg?fit=300%2C225&amp;ssl=1\" data-large-file=\"https:\/\/i0.wp.com\/www.easydaykhaolak.com\/wp-content\/uploads\/2014\/04\/Pool3-e1397282118867.jpg?fit=240%2C180&amp;ssl=1\" data-id=\"933\" src=\"https:\/\/i0.wp.com\/www.easydaykhaolak.com\/wp-content\/uploads\/2014\/04\/Pool3-e1397282118867.jpg?resize=240%2C180&#038;ssl=1\" alt=\"\" class=\"wp-image-933\"\/><\/figure>\n\n\n\n<figure class=\"wp-block-image size-large\"><img data-recalc-dims=\"1\" loading=\"lazy\" decoding=\"async\" width=\"312\" height=\"235\" data-attachment-id=\"1037\" data-permalink=\"https:\/\/www.easydaykhaolak.com\/de\/khao-lak-hotels\/khao-lak-palm-hill\/view3-2\/\" data-orig-file=\"https:\/\/i0.wp.com\/www.easydaykhaolak.com\/wp-content\/uploads\/2014\/06\/View3.jpg?fit=312%2C235&amp;ssl=1\" data-orig-size=\"312,235\" data-comments-opened=\"1\" data-image-meta=\"{&quot;aperture&quot;:&quot;0&quot;,&quot;credit&quot;:&quot;&quot;,&quot;camera&quot;:&quot;&quot;,&quot;caption&quot;:&quot;&quot;,&quot;created_timestamp&quot;:&quot;0&quot;,&quot;copyright&quot;:&quot;&quot;,&quot;focal_length&quot;:&quot;0&quot;,&quot;iso&quot;:&quot;0&quot;,&quot;shutter_speed&quot;:&quot;0&quot;,&quot;title&quot;:&quot;&quot;}\" data-image-title=\"Palm Hill View\" data-image-description=\"\" data-image-caption=\"&lt;p&gt;Palm Hill am Abend&lt;\/p&gt;\n\" data-medium-file=\"https:\/\/i0.wp.com\/www.easydaykhaolak.com\/wp-content\/uploads\/2014\/06\/View3.jpg?fit=300%2C225&amp;ssl=1\" data-large-file=\"https:\/\/i0.wp.com\/www.easydaykhaolak.com\/wp-content\/uploads\/2014\/06\/View3.jpg?fit=312%2C235&amp;ssl=1\" data-id=\"1037\" src=\"https:\/\/i0.wp.com\/www.easydaykhaolak.com\/wp-content\/uploads\/2014\/06\/View3.jpg?resize=312%2C235&#038;ssl=1\" alt=\"\" class=\"wp-image-1037\" srcset=\"https:\/\/i0.wp.com\/www.easydaykhaolak.com\/wp-content\/uploads\/2014\/06\/View3.jpg?w=312&amp;ssl=1 312w, https:\/\/i0.wp.com\/www.easydaykhaolak.com\/wp-content\/uploads\/2014\/06\/View3.jpg?resize=300%2C225&amp;ssl=1 300w, https:\/\/i0.wp.com\/www.easydaykhaolak.com\/wp-content\/uploads\/2014\/06\/View3.jpg?resize=73%2C55&amp;ssl=1 73w\" sizes=\"(max-width: 312px) 100vw, 312px\" \/><\/figure>\n<\/figure>\n\n\n\n<h2 class=\"wp-block-heading\">Khao Lak Palm Hill &#8211; Resort<\/h2>\n\n\n<div class=\"twocol-one\">\n<ul>\n<li><strong>Kostenlos WiFi\u00a0<\/strong><\/li>\n<li>Wellness Center<\/li>\n<li>Wundersch\u00f6ner Garten<\/li>\n<li><strong>Swimming Pool<\/strong><\/li>\n<\/ul>\n<\/div>\n\n\n<div class=\"twocol-one last\">\n<ul>\n<li><strong>Spa<\/strong><\/li>\n<li>Zubringer zum Strand<\/li>\n<li>Restaurant<\/li>\n<li><strong>Massage<\/strong><\/li>\n<\/ul>\n<\/div>\n\n\n\n<h2 class=\"wp-block-heading\">Khao Lak Palm Hill Resort&nbsp;&#8211; Anreise<\/h2>\n\n\n\n<p>Wie f\u00fcr alle unserer Hotelpakete ist der Transfer vom <a title=\"Article about Phuket International Airport\" href=\"https:\/\/www.easydayphuket.com\/phuket-international-airport\/\" target=\"_blank\" rel=\"noopener noreferrer\">Phuket International Airport<\/a> im Preis inklusive. Sollten Sie selbstst\u00e4ndig anreisen lassen wir Ihnen alle Informationen zukommen.<\/p>\n\n\n\n<p><span id=\"result_box\" lang=\"de\"><span class=\"hps\">Alle Zimmer im<\/span> <span class=\"hps\">Palm Hill<\/span> <span class=\"hps\">Resort sind klimatisiert und verf\u00fcgen \u00fcber einen<\/span> <span class=\"hps\">privaten Balkon. Ausgestattet mit Flachbildschirm, Wlan und gut gef\u00fcllter Minibar haben die Zimmer alles was man zum wohlf\u00fchlen ben\u00f6tigt.<\/span><\/span><\/p>\n\n\n\n<p>Das Resort bietet im Restaurant nicht nur gutes Fr\u00fchst\u00fcck an, sondern auch eine thail\u00e4ndische und internationale K\u00fcche mit Spezialit\u00e4ten von Meeresfr\u00fcchten.<\/p>\n\n\n\n<p>Durch seine attraktive Lage bietet es sich hier an Ausfl\u00fcge in die Umgebung von <a title=\"Khao Lak\" href=\"https:\/\/www.easydaykhaolak.com\/de\/khao-lak-info\/\" target=\"_blank\" rel=\"noopener noreferrer\">Khao Lak<\/a> zu unternehmen. Besonders interessant sind Ausfl\u00fcge in den Nationalpark der Similan Inseln zum <a href=\"https:\/\/www.tauchen-in-thailand.de\/\">schnorcheln<\/a> oder <a title=\"Tauchen Thailand\" href=\"https:\/\/www.tauchen-in-thailand.de\/\">tauchen<\/a>.<\/p>\n\n\n\n<h2 class=\"wp-block-heading\">Khao Lak Palm Hill Resort&nbsp;&#8211; Allgemeine Informationen<\/h2>\n\n\n\n<ul class=\"wp-block-list\">\n<li><strong>Check in:<\/strong> 14.00 Uhr<\/li>\n\n\n\n<li><strong>Check out:<\/strong> 12.00 Uhr (Mittag)<\/li>\n\n\n\n<li><strong>Fr\u00fcher check in \/ Sp\u00e4ter check out:\u00a0<\/strong>Je nach Verf\u00fcgbarkeit des Aufenthaltes.<\/li>\n\n\n\n<li><strong>Kinder bis zu 8 Jahren <\/strong>sind kostenlos im Bett der Eltern.<\/li>\n\n\n\n<li><strong>Obligatorisches Abendessen:<\/strong>\u00a0Nein<\/li>\n<\/ul>\n\n\n\n<h3 class=\"wp-block-heading\" id=\"form\">Urlaubspaket &#8211; inklusiv Ihrem gew\u00fcnschten Hotel in Khao Lak<\/h3>\n\n\n\n<p><strong>Das beste Ferienangebot f\u00fcr Phuket<\/strong> &#8211; Ausgew\u00e4hlte Khao Lak Touren und privater Flughafen-Transfer in einem Paket. <span style=\"color: #ff0000;\"><strong>Fordern Sie\u00a0 Gratis Ihr Angebot an.<\/strong><\/span><\/p>\n\n\n\n\t\t\t\t\t\t<script>\n\t\t\t\t\t\t\twindow.hsFormsOnReady = window.hsFormsOnReady || [];\n\t\t\t\t\t\t\twindow.hsFormsOnReady.push(()=>{\n\t\t\t\t\t\t\t\thbspt.forms.create({\n\t\t\t\t\t\t\t\t\tportalId: 3413662,\n\t\t\t\t\t\t\t\t\tformId: \"51775174-3b69-4a05-9e8f-ce47dfab9464\",\n\t\t\t\t\t\t\t\t\ttarget: \"#hbspt-form-1775465751000-4802040850\",\n\t\t\t\t\t\t\t\t\tregion: \"na1\",\n\t\t\t\t\t\t\t\t\t\n\t\t\t\t\t\t\t})});\n\t\t\t\t\t\t<\/script>\n\t\t\t\t\t\t<div class=\"hbspt-form\" id=\"hbspt-form-1775465751000-4802040850\"><\/div>\n","protected":false},"excerpt":{"rendered":"<p>Khao Lak Palm Hill Resort &#8211; Das Hotel liegt 10 Minuten vom Strand entfernt und hat eine atemberaubende Aussicht auf die Berge von Khao Lak. Eine wundersch\u00f6ne Anlage inmitten der [&hellip;]<\/p>\n","protected":false},"author":4,"featured_media":0,"parent":1233,"menu_order":0,"comment_status":"closed","ping_status":"open","template":"","meta":{"_et_pb_use_builder":"","_et_pb_old_content":"","_et_gb_content_width":"","content-type":"","footnotes":""},"class_list":["post-1317","page","type-page","status-publish","hentry"],"yoast_head":"<!-- This site is optimized with the Yoast SEO plugin v27.3 - https:\/\/yoast.com\/product\/yoast-seo-wordpress\/ -->\n<title>Khao Lak Palm Hill Resort mit Easy Day Khao Lak<\/title>\n<meta name=\"description\" content=\"Khao Lak Palm Hill Resort ist ein gutes Mittelklasse Hotel mit guten Zimmern in einer sehr ruhigen Umgebung. Wundersch\u00f6ner Garten und Aussicht auf die Berge\" \/>\n<meta name=\"robots\" content=\"index, follow, max-snippet:-1, max-image-preview:large, max-video-preview:-1\" \/>\n<link rel=\"canonical\" href=\"https:\/\/www.easydaykhaolak.com\/de\/khao-lak-hotels\/khao-lak-palm-hill\/\" \/>\n<meta property=\"og:locale\" content=\"de_DE\" \/>\n<meta property=\"og:type\" content=\"article\" \/>\n<meta property=\"og:title\" content=\"Khao Lak Palm Hill Resort mit Easy Day Khao Lak\" \/>\n<meta property=\"og:description\" content=\"Khao Lak Palm Hill Resort ist ein gutes Mittelklasse Hotel mit guten Zimmern in einer sehr ruhigen Umgebung. Wundersch\u00f6ner Garten und Aussicht auf die Berge\" \/>\n<meta property=\"og:url\" content=\"https:\/\/www.easydaykhaolak.com\/de\/khao-lak-hotels\/khao-lak-palm-hill\/\" \/>\n<meta property=\"og:site_name\" content=\"Easy Day Khao Lak\" \/>\n<meta property=\"article:modified_time\" content=\"2024-06-21T10:54:33+00:00\" \/>\n<meta property=\"og:image\" content=\"https:\/\/www.easydaykhaolak.com\/wp-content\/uploads\/2014\/04\/Pool3-300x225.jpg\" \/>\n<meta name=\"twitter:label1\" content=\"Gesch\u00e4tzte Lesezeit\" \/>\n\t<meta name=\"twitter:data1\" content=\"3\u00a0Minuten\" \/>\n<script type=\"application\/ld+json\" class=\"yoast-schema-graph\">{\"@context\":\"https:\\\/\\\/schema.org\",\"@graph\":[{\"@type\":\"WebPage\",\"@id\":\"https:\\\/\\\/www.easydaykhaolak.com\\\/de\\\/khao-lak-hotels\\\/khao-lak-palm-hill\\\/\",\"url\":\"https:\\\/\\\/www.easydaykhaolak.com\\\/de\\\/khao-lak-hotels\\\/khao-lak-palm-hill\\\/\",\"name\":\"Khao Lak Palm Hill Resort mit Easy Day Khao Lak\",\"isPartOf\":{\"@id\":\"https:\\\/\\\/www.easydaykhaolak.com\\\/#website\"},\"primaryImageOfPage\":{\"@id\":\"https:\\\/\\\/www.easydaykhaolak.com\\\/de\\\/khao-lak-hotels\\\/khao-lak-palm-hill\\\/#primaryimage\"},\"image\":{\"@id\":\"https:\\\/\\\/www.easydaykhaolak.com\\\/de\\\/khao-lak-hotels\\\/khao-lak-palm-hill\\\/#primaryimage\"},\"thumbnailUrl\":\"https:\\\/\\\/www.easydaykhaolak.com\\\/wp-content\\\/uploads\\\/2014\\\/04\\\/Pool3-300x225.jpg\",\"datePublished\":\"2014-08-19T03:13:44+00:00\",\"dateModified\":\"2024-06-21T10:54:33+00:00\",\"description\":\"Khao Lak Palm Hill Resort ist ein gutes Mittelklasse Hotel mit guten Zimmern in einer sehr ruhigen Umgebung. Wundersch\u00f6ner Garten und Aussicht auf die Berge\",\"breadcrumb\":{\"@id\":\"https:\\\/\\\/www.easydaykhaolak.com\\\/de\\\/khao-lak-hotels\\\/khao-lak-palm-hill\\\/#breadcrumb\"},\"inLanguage\":\"de\",\"potentialAction\":[{\"@type\":\"ReadAction\",\"target\":[\"https:\\\/\\\/www.easydaykhaolak.com\\\/de\\\/khao-lak-hotels\\\/khao-lak-palm-hill\\\/\"]}]},{\"@type\":\"ImageObject\",\"inLanguage\":\"de\",\"@id\":\"https:\\\/\\\/www.easydaykhaolak.com\\\/de\\\/khao-lak-hotels\\\/khao-lak-palm-hill\\\/#primaryimage\",\"url\":\"https:\\\/\\\/www.easydaykhaolak.com\\\/wp-content\\\/uploads\\\/2014\\\/04\\\/Pool3-300x225.jpg\",\"contentUrl\":\"https:\\\/\\\/www.easydaykhaolak.com\\\/wp-content\\\/uploads\\\/2014\\\/04\\\/Pool3-300x225.jpg\"},{\"@type\":\"BreadcrumbList\",\"@id\":\"https:\\\/\\\/www.easydaykhaolak.com\\\/de\\\/khao-lak-hotels\\\/khao-lak-palm-hill\\\/#breadcrumb\",\"itemListElement\":[{\"@type\":\"ListItem\",\"position\":1,\"name\":\"Home\",\"item\":\"https:\\\/\\\/www.easydaykhaolak.com\\\/\"},{\"@type\":\"ListItem\",\"position\":2,\"name\":\"Khao Lak Hotels\",\"item\":\"https:\\\/\\\/www.easydaykhaolak.com\\\/de\\\/khao-lak-hotels\\\/\"},{\"@type\":\"ListItem\",\"position\":3,\"name\":\"Khao Lak Palm Hill Resort\"}]},{\"@type\":\"WebSite\",\"@id\":\"https:\\\/\\\/www.easydaykhaolak.com\\\/#website\",\"url\":\"https:\\\/\\\/www.easydaykhaolak.com\\\/\",\"name\":\"Easy Day Khao Lak\",\"description\":\"Ihr Partner in Khao Lak f\u00fcr Ausfl\u00fcge & Touren\",\"publisher\":{\"@id\":\"https:\\\/\\\/www.easydaykhaolak.com\\\/#organization\"},\"potentialAction\":[{\"@type\":\"SearchAction\",\"target\":{\"@type\":\"EntryPoint\",\"urlTemplate\":\"https:\\\/\\\/www.easydaykhaolak.com\\\/?s={search_term_string}\"},\"query-input\":{\"@type\":\"PropertyValueSpecification\",\"valueRequired\":true,\"valueName\":\"search_term_string\"}}],\"inLanguage\":\"de\"},{\"@type\":\"Organization\",\"@id\":\"https:\\\/\\\/www.easydaykhaolak.com\\\/#organization\",\"name\":\"ED1 Ltd., Part.\",\"url\":\"https:\\\/\\\/www.easydaykhaolak.com\\\/\",\"logo\":{\"@type\":\"ImageObject\",\"inLanguage\":\"de\",\"@id\":\"https:\\\/\\\/www.easydaykhaolak.com\\\/#\\\/schema\\\/logo\\\/image\\\/\",\"url\":\"https:\\\/\\\/www.easydaykhaolak.com\\\/wp-content\\\/uploads\\\/2016\\\/04\\\/Easy-Day-Thailand-Site-Icon.png\",\"contentUrl\":\"https:\\\/\\\/www.easydaykhaolak.com\\\/wp-content\\\/uploads\\\/2016\\\/04\\\/Easy-Day-Thailand-Site-Icon.png\",\"width\":512,\"height\":512,\"caption\":\"ED1 Ltd., Part.\"},\"image\":{\"@id\":\"https:\\\/\\\/www.easydaykhaolak.com\\\/#\\\/schema\\\/logo\\\/image\\\/\"}}]}<\/script>\n<!-- \/ Yoast SEO plugin. -->","yoast_head_json":{"title":"Khao Lak Palm Hill Resort mit Easy Day Khao Lak","description":"Khao Lak Palm Hill Resort ist ein gutes Mittelklasse Hotel mit guten Zimmern in einer sehr ruhigen Umgebung. Wundersch\u00f6ner Garten und Aussicht auf die Berge","robots":{"index":"index","follow":"follow","max-snippet":"max-snippet:-1","max-image-preview":"max-image-preview:large","max-video-preview":"max-video-preview:-1"},"canonical":"https:\/\/www.easydaykhaolak.com\/de\/khao-lak-hotels\/khao-lak-palm-hill\/","og_locale":"de_DE","og_type":"article","og_title":"Khao Lak Palm Hill Resort mit Easy Day Khao Lak","og_description":"Khao Lak Palm Hill Resort ist ein gutes Mittelklasse Hotel mit guten Zimmern in einer sehr ruhigen Umgebung. Wundersch\u00f6ner Garten und Aussicht auf die Berge","og_url":"https:\/\/www.easydaykhaolak.com\/de\/khao-lak-hotels\/khao-lak-palm-hill\/","og_site_name":"Easy Day Khao Lak","article_modified_time":"2024-06-21T10:54:33+00:00","og_image":[{"url":"https:\/\/www.easydaykhaolak.com\/wp-content\/uploads\/2014\/04\/Pool3-300x225.jpg","type":"","width":"","height":""}],"twitter_misc":{"Gesch\u00e4tzte Lesezeit":"3\u00a0Minuten"},"schema":{"@context":"https:\/\/schema.org","@graph":[{"@type":"WebPage","@id":"https:\/\/www.easydaykhaolak.com\/de\/khao-lak-hotels\/khao-lak-palm-hill\/","url":"https:\/\/www.easydaykhaolak.com\/de\/khao-lak-hotels\/khao-lak-palm-hill\/","name":"Khao Lak Palm Hill Resort mit Easy Day Khao Lak","isPartOf":{"@id":"https:\/\/www.easydaykhaolak.com\/#website"},"primaryImageOfPage":{"@id":"https:\/\/www.easydaykhaolak.com\/de\/khao-lak-hotels\/khao-lak-palm-hill\/#primaryimage"},"image":{"@id":"https:\/\/www.easydaykhaolak.com\/de\/khao-lak-hotels\/khao-lak-palm-hill\/#primaryimage"},"thumbnailUrl":"https:\/\/www.easydaykhaolak.com\/wp-content\/uploads\/2014\/04\/Pool3-300x225.jpg","datePublished":"2014-08-19T03:13:44+00:00","dateModified":"2024-06-21T10:54:33+00:00","description":"Khao Lak Palm Hill Resort ist ein gutes Mittelklasse Hotel mit guten Zimmern in einer sehr ruhigen Umgebung. Wundersch\u00f6ner Garten und Aussicht auf die Berge","breadcrumb":{"@id":"https:\/\/www.easydaykhaolak.com\/de\/khao-lak-hotels\/khao-lak-palm-hill\/#breadcrumb"},"inLanguage":"de","potentialAction":[{"@type":"ReadAction","target":["https:\/\/www.easydaykhaolak.com\/de\/khao-lak-hotels\/khao-lak-palm-hill\/"]}]},{"@type":"ImageObject","inLanguage":"de","@id":"https:\/\/www.easydaykhaolak.com\/de\/khao-lak-hotels\/khao-lak-palm-hill\/#primaryimage","url":"https:\/\/www.easydaykhaolak.com\/wp-content\/uploads\/2014\/04\/Pool3-300x225.jpg","contentUrl":"https:\/\/www.easydaykhaolak.com\/wp-content\/uploads\/2014\/04\/Pool3-300x225.jpg"},{"@type":"BreadcrumbList","@id":"https:\/\/www.easydaykhaolak.com\/de\/khao-lak-hotels\/khao-lak-palm-hill\/#breadcrumb","itemListElement":[{"@type":"ListItem","position":1,"name":"Home","item":"https:\/\/www.easydaykhaolak.com\/"},{"@type":"ListItem","position":2,"name":"Khao Lak Hotels","item":"https:\/\/www.easydaykhaolak.com\/de\/khao-lak-hotels\/"},{"@type":"ListItem","position":3,"name":"Khao Lak Palm Hill Resort"}]},{"@type":"WebSite","@id":"https:\/\/www.easydaykhaolak.com\/#website","url":"https:\/\/www.easydaykhaolak.com\/","name":"Easy Day Khao Lak","description":"Ihr Partner in Khao Lak f\u00fcr Ausfl\u00fcge & Touren","publisher":{"@id":"https:\/\/www.easydaykhaolak.com\/#organization"},"potentialAction":[{"@type":"SearchAction","target":{"@type":"EntryPoint","urlTemplate":"https:\/\/www.easydaykhaolak.com\/?s={search_term_string}"},"query-input":{"@type":"PropertyValueSpecification","valueRequired":true,"valueName":"search_term_string"}}],"inLanguage":"de"},{"@type":"Organization","@id":"https:\/\/www.easydaykhaolak.com\/#organization","name":"ED1 Ltd., Part.","url":"https:\/\/www.easydaykhaolak.com\/","logo":{"@type":"ImageObject","inLanguage":"de","@id":"https:\/\/www.easydaykhaolak.com\/#\/schema\/logo\/image\/","url":"https:\/\/www.easydaykhaolak.com\/wp-content\/uploads\/2016\/04\/Easy-Day-Thailand-Site-Icon.png","contentUrl":"https:\/\/www.easydaykhaolak.com\/wp-content\/uploads\/2016\/04\/Easy-Day-Thailand-Site-Icon.png","width":512,"height":512,"caption":"ED1 Ltd., Part."},"image":{"@id":"https:\/\/www.easydaykhaolak.com\/#\/schema\/logo\/image\/"}}]}},"jetpack_shortlink":"https:\/\/wp.me\/Pg4etg-lf","jetpack-related-posts":[],"jetpack_sharing_enabled":true,"_links":{"self":[{"href":"https:\/\/www.easydaykhaolak.com\/de\/wp-json\/wp\/v2\/pages\/1317","targetHints":{"allow":["GET"]}}],"collection":[{"href":"https:\/\/www.easydaykhaolak.com\/de\/wp-json\/wp\/v2\/pages"}],"about":[{"href":"https:\/\/www.easydaykhaolak.com\/de\/wp-json\/wp\/v2\/types\/page"}],"author":[{"embeddable":true,"href":"https:\/\/www.easydaykhaolak.com\/de\/wp-json\/wp\/v2\/users\/4"}],"replies":[{"embeddable":true,"href":"https:\/\/www.easydaykhaolak.com\/de\/wp-json\/wp\/v2\/comments?post=1317"}],"version-history":[{"count":0,"href":"https:\/\/www.easydaykhaolak.com\/de\/wp-json\/wp\/v2\/pages\/1317\/revisions"}],"up":[{"embeddable":true,"href":"https:\/\/www.easydaykhaolak.com\/de\/wp-json\/wp\/v2\/pages\/1233"}],"wp:attachment":[{"href":"https:\/\/www.easydaykhaolak.com\/de\/wp-json\/wp\/v2\/media?parent=1317"}],"curies":[{"name":"wp","href":"https:\/\/api.w.org\/{rel}","templated":true}]}}