{"id":13124,"date":"2016-09-12T10:33:56","date_gmt":"2016-09-12T10:33:56","guid":{"rendered":"https:\/\/www.easydaykhaolak.com\/de\/khao-lak-ausfluge\/phi-phi-island-touren\/phi-phi-speedboot-ausflug\/"},"modified":"2024-06-21T17:03:58","modified_gmt":"2024-06-21T10:03:58","slug":"phi-phi-speedboot-ausflug","status":"publish","type":"page","link":"https:\/\/www.easydaykhaolak.com\/de\/khao-lak-ausfluge\/phi-phi-island-touren\/phi-phi-speedboot-ausflug\/","title":{"rendered":"Phi Phi Speedboot Ausflug"},"content":{"rendered":"<div class=\"wp-block-image\">\n<figure class=\"alignright\"><a href=\"https:\/\/i0.wp.com\/www.easydaykhaolak.com\/wp-content\/uploads\/2016\/07\/Phi-Phi-Islands-Khao-Lak-Tours-Speed-boat-at-Maya-bay-300x188.jpg?ssl=1\"><img data-recalc-dims=\"1\" loading=\"lazy\" decoding=\"async\" width=\"300\" height=\"188\" src=\"https:\/\/i0.wp.com\/www.easydaykhaolak.com\/wp-content\/uploads\/2016\/07\/Phi-Phi-Islands-Khao-Lak-Tours-Speed-boat-at-Maya-bay.jpg?resize=300%2C188&#038;ssl=1\" alt=\"Phi Phi Speedboat Tour - Speed boat at Maya bay\" class=\"wp-image-12974\" srcset=\"https:\/\/i0.wp.com\/www.easydaykhaolak.com\/wp-content\/uploads\/2016\/07\/Phi-Phi-Islands-Khao-Lak-Tours-Speed-boat-at-Maya-bay.jpg?resize=300%2C188&amp;ssl=1 300w, https:\/\/i0.wp.com\/www.easydaykhaolak.com\/wp-content\/uploads\/2016\/07\/Phi-Phi-Islands-Khao-Lak-Tours-Speed-boat-at-Maya-bay.jpg?resize=768%2C480&amp;ssl=1 768w, https:\/\/i0.wp.com\/www.easydaykhaolak.com\/wp-content\/uploads\/2016\/07\/Phi-Phi-Islands-Khao-Lak-Tours-Speed-boat-at-Maya-bay.jpg?resize=88%2C55&amp;ssl=1 88w, https:\/\/i0.wp.com\/www.easydaykhaolak.com\/wp-content\/uploads\/2016\/07\/Phi-Phi-Islands-Khao-Lak-Tours-Speed-boat-at-Maya-bay.jpg?w=800&amp;ssl=1 800w\" sizes=\"(max-width: 300px) 100vw, 300px\" \/><\/a><\/figure>\n<\/div>\n\n\n<p>Khao Lak Phi Phi Speedboot Ausflug &#8211; T\u00e4glich&nbsp;Phi Phi&nbsp;<strong>Rundfahrt&nbsp;&amp; Schnorchel Ausflug<\/strong>&nbsp;mit dem Speedboot von&nbsp;Phuket Island.<\/p>\n\n\n\n<ul class=\"wp-block-list\">\n<li><strong>Fr\u00fcher Abfahrt.<\/strong><\/li>\n\n\n\n<li><strong>Einer der ersten G\u00e4ste in\u00a0Phi Phi Island.<\/strong><\/li>\n\n\n\n<li><strong>Kein \u00fcberf\u00fclltes Boot.<\/strong><\/li>\n\n\n\n<li><strong>Besuchen Sie die\u00a0Maya Bay, Viking H\u00f6hle, Monkey Beach<\/strong> &amp; Bamboo Island mit einem komfortablen\u00a0Speedboot.<strong><br><\/strong><\/li>\n\n\n\n<li><strong>Mehrsprachige Reiseleiter<\/strong>\u00a0&#8211; Englisch, Deutsch, Franz\u00f6sisch, Italian &amp; Spanish.<\/li>\n<\/ul>\n\n\n<p><strong>Preise in Thai Baht pro Person: 3,900 | Kinder (3-12 Jahren)\u00a02,300 \u00a0<a href=\"#form\">&gt;&gt;Buchen \/ Kontakt\u00a0<\/a><\/strong><\/p>\n\n\n\n<p><strong>Khao Lak Phi Phi Speedboot Ausflug<\/strong><strong>&nbsp;Inklusive :<\/strong><\/p>\n\n\n<div class=\"shortcode-unorderedlist tick\"><\/p>\n<ul>\n<li>Hin &amp; R\u00fcckfahrt im klimatisierten Hotels in Khao Lak &amp; Umgebung.<\/li>\n<li>Deutschsprachige Reiseleiter (Ab 6 deutschsprachigen G\u00e4sten).<\/li>\n<li>Englischsprachige Reiseleiter.<\/li>\n<li>Schnorchel Ausr\u00fcstung (Maske &amp; Schnorchel) &amp; Rettungsweste.<\/li>\n<li>Alkoholfreie Getr\u00e4nke, Fr\u00fcchte der Saison, Geb\u00e4ck\u00a0&amp; Snacks.<\/li>\n<li>Pic Nic Mittagessen am Strand von\u00a0Bamboo Island.<\/li>\n<li>Unfallversicherung.<\/li>\n<\/ul>\n<p><\/div>\n\n\n\n\n<p class=\"has-text-align-right\"><a href=\"#form\"class=\"wpz-sc-button  green small\" style=\"\"><span><i class=\"fa fa-envelope-o\" style=\"padding-right:6px;\"><\/i>Buchen \/ Kontakt<\/span><\/a><\/p>\n\n\n\n<h2 class=\"wp-block-heading\">Khao Lak Phi Phi Speedboot Ausflug<\/h2>\n\n\n<div id=\"galleria-13124\"><a href=\"https:\/\/i0.wp.com\/www.easydaykhaolak.com\/wp-content\/uploads\/2016\/07\/Phi-Phi-Islands-Khao-Lak-Tours-Bamboo-Island.jpg?fit=620%2C388&ssl=1\"><img decoding=\"async\" title=\"Phi Phi Islands Khao Lak Tours &#8211; Bamboo Island\" alt=\"\" src=\"https:\/\/i0.wp.com\/www.easydaykhaolak.com\/wp-content\/uploads\/2016\/07\/Phi-Phi-Islands-Khao-Lak-Tours-Bamboo-Island.jpg?fit=88%2C55&ssl=1\" data-big=\"https:\/\/i0.wp.com\/www.easydaykhaolak.com\/wp-content\/uploads\/2016\/07\/Phi-Phi-Islands-Khao-Lak-Tours-Bamboo-Island.jpg?fit=620%2C388&ssl=1\"><\/a><a href=\"https:\/\/i0.wp.com\/www.easydaykhaolak.com\/wp-content\/uploads\/2016\/07\/Phi-Phi-Islands-Khao-Lak-Tours-Dream-Lagoon.jpg?fit=620%2C413&ssl=1\"><img decoding=\"async\" title=\"Phi Phi Islands Khao Lak Tours &#8211; Dream Lagoon\" alt=\"\" src=\"https:\/\/i0.wp.com\/www.easydaykhaolak.com\/wp-content\/uploads\/2016\/07\/Phi-Phi-Islands-Khao-Lak-Tours-Dream-Lagoon.jpg?fit=83%2C55&ssl=1\" data-big=\"https:\/\/i0.wp.com\/www.easydaykhaolak.com\/wp-content\/uploads\/2016\/07\/Phi-Phi-Islands-Khao-Lak-Tours-Dream-Lagoon.jpg?fit=620%2C413&ssl=1\"><\/a><a href=\"https:\/\/i0.wp.com\/www.easydaykhaolak.com\/wp-content\/uploads\/2016\/07\/Phi-Phi-Islands-Khao-Lak-Tours-Lunch-Time.jpg?fit=620%2C360&ssl=1\"><img decoding=\"async\" title=\"Phi Phi Islands Khao Lak Tours &#8211; Lunch Time\" alt=\"\" src=\"https:\/\/i0.wp.com\/www.easydaykhaolak.com\/wp-content\/uploads\/2016\/07\/Phi-Phi-Islands-Khao-Lak-Tours-Lunch-Time.jpg?fit=95%2C55&ssl=1\" data-big=\"https:\/\/i0.wp.com\/www.easydaykhaolak.com\/wp-content\/uploads\/2016\/07\/Phi-Phi-Islands-Khao-Lak-Tours-Lunch-Time.jpg?fit=620%2C360&ssl=1\"><\/a><a href=\"https:\/\/i0.wp.com\/www.easydaykhaolak.com\/wp-content\/uploads\/2016\/07\/Phi-Phi-Islands-Khao-Lak-Tours-Maya-Bay.jpg?fit=620%2C408&ssl=1\"><img decoding=\"async\" title=\"Phi Phi Islands Khao Lak Tours &#8211; Maya Bay\" alt=\"\" src=\"https:\/\/i0.wp.com\/www.easydaykhaolak.com\/wp-content\/uploads\/2016\/07\/Phi-Phi-Islands-Khao-Lak-Tours-Maya-Bay.jpg?fit=84%2C55&ssl=1\" data-big=\"https:\/\/i0.wp.com\/www.easydaykhaolak.com\/wp-content\/uploads\/2016\/07\/Phi-Phi-Islands-Khao-Lak-Tours-Maya-Bay.jpg?fit=620%2C408&ssl=1\"><\/a><a href=\"https:\/\/i0.wp.com\/www.easydaykhaolak.com\/wp-content\/uploads\/2016\/07\/Phi-Phi-Islands-Khao-Lak-Tours-Piley-Cove-Lagoon.jpg?fit=620%2C388&ssl=1\"><img decoding=\"async\" title=\"Phi Phi Islands Khao Lak Tours &#8211; Piley Cove Lagoon\" alt=\"\" src=\"https:\/\/i0.wp.com\/www.easydaykhaolak.com\/wp-content\/uploads\/2016\/07\/Phi-Phi-Islands-Khao-Lak-Tours-Piley-Cove-Lagoon.jpg?fit=88%2C55&ssl=1\" data-big=\"https:\/\/i0.wp.com\/www.easydaykhaolak.com\/wp-content\/uploads\/2016\/07\/Phi-Phi-Islands-Khao-Lak-Tours-Piley-Cove-Lagoon.jpg?fit=620%2C388&ssl=1\"><\/a><a href=\"https:\/\/i0.wp.com\/www.easydaykhaolak.com\/wp-content\/uploads\/2016\/07\/Phi-Phi-Islands-Khao-Lak-Tours-Snorkeling.jpg?fit=620%2C382&ssl=1\"><img decoding=\"async\" title=\"Phi Phi Islands Khao Lak Tours &#8211; Snorkeling\" alt=\"\" src=\"https:\/\/i0.wp.com\/www.easydaykhaolak.com\/wp-content\/uploads\/2016\/07\/Phi-Phi-Islands-Khao-Lak-Tours-Snorkeling.jpg?fit=89%2C55&ssl=1\" data-big=\"https:\/\/i0.wp.com\/www.easydaykhaolak.com\/wp-content\/uploads\/2016\/07\/Phi-Phi-Islands-Khao-Lak-Tours-Snorkeling.jpg?fit=620%2C382&ssl=1\"><\/a><a href=\"https:\/\/i0.wp.com\/www.easydaykhaolak.com\/wp-content\/uploads\/2016\/07\/Phi-Phi-Islands-Khao-Lak-Tours-Speed-boat-at-Maya-bay.jpg?fit=620%2C388&ssl=1\"><img decoding=\"async\" title=\"Phi Phi Islands Khao Lak Tours &#8211; Speed boat at Maya bay\" alt=\"\" src=\"https:\/\/i0.wp.com\/www.easydaykhaolak.com\/wp-content\/uploads\/2016\/07\/Phi-Phi-Islands-Khao-Lak-Tours-Speed-boat-at-Maya-bay.jpg?fit=88%2C55&ssl=1\" data-big=\"https:\/\/i0.wp.com\/www.easydaykhaolak.com\/wp-content\/uploads\/2016\/07\/Phi-Phi-Islands-Khao-Lak-Tours-Speed-boat-at-Maya-bay.jpg?fit=620%2C388&ssl=1\"><\/a><\/div>\n\n\n\n<h2 class=\"wp-block-heading\">Phi Phi Speedboot Tour&nbsp;&#8211; Tourplan<\/h2>\n\n\n\n<ul class=\"wp-block-list\">\n<li>05.00 &#8211; Hotel Abholung im Norden von Khao Lak und Transfer zur Royal Phuket Mariner in Phuket.<\/li>\n\n\n\n<li>07.30 &#8211; Abfahrt mit dem Speedboot nach Phi Phi Island.<\/li>\n\n\n\n<li>08.30 &#8211; Ankunft\u00a0in der Maya Bay bei Phi Phi Ley Island. Rundfahrt\u00a0und Schnorcheln\u00a0rund um\u00a0Phi Phi Island:\n<ul class=\"wp-block-list\">\n<li><strong>Besuch von Phi Phi Don Village oder Phi Phi Aussichtspunkt.<\/strong><\/li>\n\n\n\n<li><strong>Besuch der\u00a0Maya Bay<\/strong><\/li>\n\n\n\n<li><strong>Viking\u00a0H\u00f6hle<\/strong><\/li>\n\n\n\n<li><strong>Phi Ley Cove &#8222;Die Lagune&#8220;<\/strong><\/li>\n\n\n\n<li><strong>Monkey Beach &amp;\u00a0<\/strong><strong>2 Schnorchel Einheiten\u00a0<\/strong>f\u00fcr jeweils 40 Minuten.<\/li>\n<\/ul>\n<\/li>\n\n\n\n<li>13:00 &#8211; Pik Nik Thail\u00e4ndisches Mittagessen am Strand von\u00a0Bamboo Island mit zus\u00e4tzlicher Zeit f\u00fcr Strand und baden.<\/li>\n\n\n\n<li>14:00 &#8211; Abfahrt zur\u00fcck zur\u00a0Royal Phuket Marina.<\/li>\n\n\n\n<li>15:00 &#8211; Ankunft im Hafen und R\u00fcckfahrt zu Ihrem Hotel in\u00a0Khao Lak.<\/li>\n\n\n\n<li>17.30 &#8211; Ankunft in\u00a0Khao Lak.<\/li>\n<\/ul>\n\n\n\n<h2 class=\"wp-block-heading\">Kontakt&nbsp;&#8211; Khao Lak Phi Phi Speedboot&nbsp;Ausflug<\/h2>\n\n\n\n<p>Wenn Sie auf der Suche nach weiteren Phi Phi Island Ausfl\u00fcgen sind, dann empfehlen wir Ihnen eine Tour mit einer \u00dcbernachtung wo man das Nachtleben am Strand von Phi Phi Island voll genie\u00dfen kann. Schreiben Sie einfach was\u00a0Sie sich vorstellen unten in die Wunschliste und wir werden Ihnen ein unverbindliches Angebot zukommen lassen.<\/p>\n\n\n\n\t\t\t\t\t\t<script>\n\t\t\t\t\t\t\twindow.hsFormsOnReady = window.hsFormsOnReady || [];\n\t\t\t\t\t\t\twindow.hsFormsOnReady.push(()=>{\n\t\t\t\t\t\t\t\thbspt.forms.create({\n\t\t\t\t\t\t\t\t\tportalId: 3413662,\n\t\t\t\t\t\t\t\t\tformId: \"51775174-3b69-4a05-9e8f-ce47dfab9464\",\n\t\t\t\t\t\t\t\t\ttarget: \"#hbspt-form-1775357566000-2009557849\",\n\t\t\t\t\t\t\t\t\tregion: \"na1\",\n\t\t\t\t\t\t\t\t\t\n\t\t\t\t\t\t\t})});\n\t\t\t\t\t\t<\/script>\n\t\t\t\t\t\t<div class=\"hbspt-form\" id=\"hbspt-form-1775357566000-2009557849\"><\/div>\n","protected":false},"excerpt":{"rendered":"<p>Khao Lak Phi Phi Speedboot Ausflug &#8211; T\u00e4glich&nbsp;Phi Phi&nbsp;Rundfahrt&nbsp;&amp; Schnorchel Ausflug&nbsp;mit dem Speedboot von&nbsp;Phuket Island. Khao Lak Phi Phi Speedboot Ausflug&nbsp;Inklusive : Khao Lak Phi Phi Speedboot Ausflug Phi Phi [&hellip;]<\/p>\n","protected":false},"author":4,"featured_media":12960,"parent":1078,"menu_order":0,"comment_status":"closed","ping_status":"closed","template":"","meta":{"_et_pb_use_builder":"","_et_pb_old_content":"","_et_gb_content_width":"","content-type":"","footnotes":""},"class_list":["post-13124","page","type-page","status-publish","has-post-thumbnail","hentry"],"yoast_head":"<!-- This site is optimized with the Yoast SEO plugin v27.3 - https:\/\/yoast.com\/product\/yoast-seo-wordpress\/ -->\n<title>Phi Phi Speedboot Ausflug - T\u00e4glich Easy Day Khao Lak Ausfl\u00fcge<\/title>\n<meta name=\"description\" content=\"Phi Phi Speedboot Ausflug - T\u00e4glich von Khao Lak zur Phi Phi Rundfahrt &amp; Schnorchel Ausflug mit dem Speedboot von Phuket Island.\" \/>\n<meta name=\"robots\" content=\"index, follow, max-snippet:-1, max-image-preview:large, max-video-preview:-1\" \/>\n<link rel=\"canonical\" href=\"https:\/\/www.easydaykhaolak.com\/de\/khao-lak-ausfluge\/phi-phi-island-touren\/phi-phi-speedboot-ausflug\/\" \/>\n<meta property=\"og:locale\" content=\"de_DE\" \/>\n<meta property=\"og:type\" content=\"article\" \/>\n<meta property=\"og:title\" content=\"Phi Phi Speedboot Ausflug - T\u00e4glich Easy Day Khao Lak Ausfl\u00fcge\" \/>\n<meta property=\"og:description\" content=\"Phi Phi Speedboot Ausflug - T\u00e4glich von Khao Lak zur Phi Phi Rundfahrt &amp; Schnorchel Ausflug mit dem Speedboot von Phuket Island.\" \/>\n<meta property=\"og:url\" content=\"https:\/\/www.easydaykhaolak.com\/de\/khao-lak-ausfluge\/phi-phi-island-touren\/phi-phi-speedboot-ausflug\/\" \/>\n<meta property=\"og:site_name\" content=\"Easy Day Khao Lak\" \/>\n<meta property=\"article:modified_time\" content=\"2024-06-21T10:03:58+00:00\" \/>\n<meta property=\"og:image\" content=\"https:\/\/www.easydaykhaolak.com\/wp-content\/uploads\/2016\/07\/Phi-Phi-Islands-Khao-Lak-Tours-Dream-Lagoon.jpg\" \/>\n\t<meta property=\"og:image:width\" content=\"800\" \/>\n\t<meta property=\"og:image:height\" content=\"533\" \/>\n\t<meta property=\"og:image:type\" content=\"image\/jpeg\" \/>\n<meta name=\"twitter:label1\" content=\"Gesch\u00e4tzte Lesezeit\" \/>\n\t<meta name=\"twitter:data1\" content=\"2\u00a0Minuten\" \/>\n<script type=\"application\/ld+json\" class=\"yoast-schema-graph\">{\"@context\":\"https:\\\/\\\/schema.org\",\"@graph\":[{\"@type\":\"WebPage\",\"@id\":\"https:\\\/\\\/www.easydaykhaolak.com\\\/de\\\/khao-lak-ausfluge\\\/phi-phi-island-touren\\\/phi-phi-speedboot-ausflug\\\/\",\"url\":\"https:\\\/\\\/www.easydaykhaolak.com\\\/de\\\/khao-lak-ausfluge\\\/phi-phi-island-touren\\\/phi-phi-speedboot-ausflug\\\/\",\"name\":\"Phi Phi Speedboot Ausflug - T\u00e4glich Easy Day Khao Lak Ausfl\u00fcge\",\"isPartOf\":{\"@id\":\"https:\\\/\\\/www.easydaykhaolak.com\\\/#website\"},\"primaryImageOfPage\":{\"@id\":\"https:\\\/\\\/www.easydaykhaolak.com\\\/de\\\/khao-lak-ausfluge\\\/phi-phi-island-touren\\\/phi-phi-speedboot-ausflug\\\/#primaryimage\"},\"image\":{\"@id\":\"https:\\\/\\\/www.easydaykhaolak.com\\\/de\\\/khao-lak-ausfluge\\\/phi-phi-island-touren\\\/phi-phi-speedboot-ausflug\\\/#primaryimage\"},\"thumbnailUrl\":\"https:\\\/\\\/i0.wp.com\\\/www.easydaykhaolak.com\\\/wp-content\\\/uploads\\\/2016\\\/07\\\/Phi-Phi-Islands-Khao-Lak-Tours-Dream-Lagoon.jpg?fit=800%2C533&ssl=1\",\"datePublished\":\"2016-09-12T10:33:56+00:00\",\"dateModified\":\"2024-06-21T10:03:58+00:00\",\"description\":\"Phi Phi Speedboot Ausflug - T\u00e4glich von Khao Lak zur Phi Phi Rundfahrt & Schnorchel Ausflug mit dem Speedboot von Phuket Island.\",\"breadcrumb\":{\"@id\":\"https:\\\/\\\/www.easydaykhaolak.com\\\/de\\\/khao-lak-ausfluge\\\/phi-phi-island-touren\\\/phi-phi-speedboot-ausflug\\\/#breadcrumb\"},\"inLanguage\":\"de\",\"potentialAction\":[{\"@type\":\"ReadAction\",\"target\":[\"https:\\\/\\\/www.easydaykhaolak.com\\\/de\\\/khao-lak-ausfluge\\\/phi-phi-island-touren\\\/phi-phi-speedboot-ausflug\\\/\"]}]},{\"@type\":\"ImageObject\",\"inLanguage\":\"de\",\"@id\":\"https:\\\/\\\/www.easydaykhaolak.com\\\/de\\\/khao-lak-ausfluge\\\/phi-phi-island-touren\\\/phi-phi-speedboot-ausflug\\\/#primaryimage\",\"url\":\"https:\\\/\\\/i0.wp.com\\\/www.easydaykhaolak.com\\\/wp-content\\\/uploads\\\/2016\\\/07\\\/Phi-Phi-Islands-Khao-Lak-Tours-Dream-Lagoon.jpg?fit=800%2C533&ssl=1\",\"contentUrl\":\"https:\\\/\\\/i0.wp.com\\\/www.easydaykhaolak.com\\\/wp-content\\\/uploads\\\/2016\\\/07\\\/Phi-Phi-Islands-Khao-Lak-Tours-Dream-Lagoon.jpg?fit=800%2C533&ssl=1\",\"width\":800,\"height\":533},{\"@type\":\"BreadcrumbList\",\"@id\":\"https:\\\/\\\/www.easydaykhaolak.com\\\/de\\\/khao-lak-ausfluge\\\/phi-phi-island-touren\\\/phi-phi-speedboot-ausflug\\\/#breadcrumb\",\"itemListElement\":[{\"@type\":\"ListItem\",\"position\":1,\"name\":\"Home\",\"item\":\"https:\\\/\\\/www.easydaykhaolak.com\\\/\"},{\"@type\":\"ListItem\",\"position\":2,\"name\":\"Khao Lak Ausfl\u00fcge &#038; Touren\",\"item\":\"https:\\\/\\\/www.easydaykhaolak.com\\\/de\\\/khao-lak-ausfluge\\\/\"},{\"@type\":\"ListItem\",\"position\":3,\"name\":\"Phi Phi Island Touren\",\"item\":\"https:\\\/\\\/www.easydaykhaolak.com\\\/de\\\/khao-lak-ausfluge\\\/phi-phi-island-touren\\\/\"},{\"@type\":\"ListItem\",\"position\":4,\"name\":\"Phi Phi Speedboot Ausflug\"}]},{\"@type\":\"WebSite\",\"@id\":\"https:\\\/\\\/www.easydaykhaolak.com\\\/#website\",\"url\":\"https:\\\/\\\/www.easydaykhaolak.com\\\/\",\"name\":\"Easy Day Khao Lak\",\"description\":\"Ihr Partner in Khao Lak f\u00fcr Ausfl\u00fcge & Touren\",\"publisher\":{\"@id\":\"https:\\\/\\\/www.easydaykhaolak.com\\\/#organization\"},\"potentialAction\":[{\"@type\":\"SearchAction\",\"target\":{\"@type\":\"EntryPoint\",\"urlTemplate\":\"https:\\\/\\\/www.easydaykhaolak.com\\\/?s={search_term_string}\"},\"query-input\":{\"@type\":\"PropertyValueSpecification\",\"valueRequired\":true,\"valueName\":\"search_term_string\"}}],\"inLanguage\":\"de\"},{\"@type\":\"Organization\",\"@id\":\"https:\\\/\\\/www.easydaykhaolak.com\\\/#organization\",\"name\":\"ED1 Ltd., Part.\",\"url\":\"https:\\\/\\\/www.easydaykhaolak.com\\\/\",\"logo\":{\"@type\":\"ImageObject\",\"inLanguage\":\"de\",\"@id\":\"https:\\\/\\\/www.easydaykhaolak.com\\\/#\\\/schema\\\/logo\\\/image\\\/\",\"url\":\"https:\\\/\\\/www.easydaykhaolak.com\\\/wp-content\\\/uploads\\\/2016\\\/04\\\/Easy-Day-Thailand-Site-Icon.png\",\"contentUrl\":\"https:\\\/\\\/www.easydaykhaolak.com\\\/wp-content\\\/uploads\\\/2016\\\/04\\\/Easy-Day-Thailand-Site-Icon.png\",\"width\":512,\"height\":512,\"caption\":\"ED1 Ltd., Part.\"},\"image\":{\"@id\":\"https:\\\/\\\/www.easydaykhaolak.com\\\/#\\\/schema\\\/logo\\\/image\\\/\"}}]}<\/script>\n<!-- \/ Yoast SEO plugin. -->","yoast_head_json":{"title":"Phi Phi Speedboot Ausflug - T\u00e4glich Easy Day Khao Lak Ausfl\u00fcge","description":"Phi Phi Speedboot Ausflug - T\u00e4glich von Khao Lak zur Phi Phi Rundfahrt & Schnorchel Ausflug mit dem Speedboot von Phuket Island.","robots":{"index":"index","follow":"follow","max-snippet":"max-snippet:-1","max-image-preview":"max-image-preview:large","max-video-preview":"max-video-preview:-1"},"canonical":"https:\/\/www.easydaykhaolak.com\/de\/khao-lak-ausfluge\/phi-phi-island-touren\/phi-phi-speedboot-ausflug\/","og_locale":"de_DE","og_type":"article","og_title":"Phi Phi Speedboot Ausflug - T\u00e4glich Easy Day Khao Lak Ausfl\u00fcge","og_description":"Phi Phi Speedboot Ausflug - T\u00e4glich von Khao Lak zur Phi Phi Rundfahrt & Schnorchel Ausflug mit dem Speedboot von Phuket Island.","og_url":"https:\/\/www.easydaykhaolak.com\/de\/khao-lak-ausfluge\/phi-phi-island-touren\/phi-phi-speedboot-ausflug\/","og_site_name":"Easy Day Khao Lak","article_modified_time":"2024-06-21T10:03:58+00:00","og_image":[{"width":800,"height":533,"url":"https:\/\/www.easydaykhaolak.com\/wp-content\/uploads\/2016\/07\/Phi-Phi-Islands-Khao-Lak-Tours-Dream-Lagoon.jpg","type":"image\/jpeg"}],"twitter_misc":{"Gesch\u00e4tzte Lesezeit":"2\u00a0Minuten"},"schema":{"@context":"https:\/\/schema.org","@graph":[{"@type":"WebPage","@id":"https:\/\/www.easydaykhaolak.com\/de\/khao-lak-ausfluge\/phi-phi-island-touren\/phi-phi-speedboot-ausflug\/","url":"https:\/\/www.easydaykhaolak.com\/de\/khao-lak-ausfluge\/phi-phi-island-touren\/phi-phi-speedboot-ausflug\/","name":"Phi Phi Speedboot Ausflug - T\u00e4glich Easy Day Khao Lak Ausfl\u00fcge","isPartOf":{"@id":"https:\/\/www.easydaykhaolak.com\/#website"},"primaryImageOfPage":{"@id":"https:\/\/www.easydaykhaolak.com\/de\/khao-lak-ausfluge\/phi-phi-island-touren\/phi-phi-speedboot-ausflug\/#primaryimage"},"image":{"@id":"https:\/\/www.easydaykhaolak.com\/de\/khao-lak-ausfluge\/phi-phi-island-touren\/phi-phi-speedboot-ausflug\/#primaryimage"},"thumbnailUrl":"https:\/\/i0.wp.com\/www.easydaykhaolak.com\/wp-content\/uploads\/2016\/07\/Phi-Phi-Islands-Khao-Lak-Tours-Dream-Lagoon.jpg?fit=800%2C533&ssl=1","datePublished":"2016-09-12T10:33:56+00:00","dateModified":"2024-06-21T10:03:58+00:00","description":"Phi Phi Speedboot Ausflug - T\u00e4glich von Khao Lak zur Phi Phi Rundfahrt & Schnorchel Ausflug mit dem Speedboot von Phuket Island.","breadcrumb":{"@id":"https:\/\/www.easydaykhaolak.com\/de\/khao-lak-ausfluge\/phi-phi-island-touren\/phi-phi-speedboot-ausflug\/#breadcrumb"},"inLanguage":"de","potentialAction":[{"@type":"ReadAction","target":["https:\/\/www.easydaykhaolak.com\/de\/khao-lak-ausfluge\/phi-phi-island-touren\/phi-phi-speedboot-ausflug\/"]}]},{"@type":"ImageObject","inLanguage":"de","@id":"https:\/\/www.easydaykhaolak.com\/de\/khao-lak-ausfluge\/phi-phi-island-touren\/phi-phi-speedboot-ausflug\/#primaryimage","url":"https:\/\/i0.wp.com\/www.easydaykhaolak.com\/wp-content\/uploads\/2016\/07\/Phi-Phi-Islands-Khao-Lak-Tours-Dream-Lagoon.jpg?fit=800%2C533&ssl=1","contentUrl":"https:\/\/i0.wp.com\/www.easydaykhaolak.com\/wp-content\/uploads\/2016\/07\/Phi-Phi-Islands-Khao-Lak-Tours-Dream-Lagoon.jpg?fit=800%2C533&ssl=1","width":800,"height":533},{"@type":"BreadcrumbList","@id":"https:\/\/www.easydaykhaolak.com\/de\/khao-lak-ausfluge\/phi-phi-island-touren\/phi-phi-speedboot-ausflug\/#breadcrumb","itemListElement":[{"@type":"ListItem","position":1,"name":"Home","item":"https:\/\/www.easydaykhaolak.com\/"},{"@type":"ListItem","position":2,"name":"Khao Lak Ausfl\u00fcge &#038; Touren","item":"https:\/\/www.easydaykhaolak.com\/de\/khao-lak-ausfluge\/"},{"@type":"ListItem","position":3,"name":"Phi Phi Island Touren","item":"https:\/\/www.easydaykhaolak.com\/de\/khao-lak-ausfluge\/phi-phi-island-touren\/"},{"@type":"ListItem","position":4,"name":"Phi Phi Speedboot Ausflug"}]},{"@type":"WebSite","@id":"https:\/\/www.easydaykhaolak.com\/#website","url":"https:\/\/www.easydaykhaolak.com\/","name":"Easy Day Khao Lak","description":"Ihr Partner in Khao Lak f\u00fcr Ausfl\u00fcge & Touren","publisher":{"@id":"https:\/\/www.easydaykhaolak.com\/#organization"},"potentialAction":[{"@type":"SearchAction","target":{"@type":"EntryPoint","urlTemplate":"https:\/\/www.easydaykhaolak.com\/?s={search_term_string}"},"query-input":{"@type":"PropertyValueSpecification","valueRequired":true,"valueName":"search_term_string"}}],"inLanguage":"de"},{"@type":"Organization","@id":"https:\/\/www.easydaykhaolak.com\/#organization","name":"ED1 Ltd., Part.","url":"https:\/\/www.easydaykhaolak.com\/","logo":{"@type":"ImageObject","inLanguage":"de","@id":"https:\/\/www.easydaykhaolak.com\/#\/schema\/logo\/image\/","url":"https:\/\/www.easydaykhaolak.com\/wp-content\/uploads\/2016\/04\/Easy-Day-Thailand-Site-Icon.png","contentUrl":"https:\/\/www.easydaykhaolak.com\/wp-content\/uploads\/2016\/04\/Easy-Day-Thailand-Site-Icon.png","width":512,"height":512,"caption":"ED1 Ltd., Part."},"image":{"@id":"https:\/\/www.easydaykhaolak.com\/#\/schema\/logo\/image\/"}}]}},"jetpack_shortlink":"https:\/\/wp.me\/Pg4etg-3pG","jetpack-related-posts":[],"jetpack_sharing_enabled":true,"_links":{"self":[{"href":"https:\/\/www.easydaykhaolak.com\/de\/wp-json\/wp\/v2\/pages\/13124","targetHints":{"allow":["GET"]}}],"collection":[{"href":"https:\/\/www.easydaykhaolak.com\/de\/wp-json\/wp\/v2\/pages"}],"about":[{"href":"https:\/\/www.easydaykhaolak.com\/de\/wp-json\/wp\/v2\/types\/page"}],"author":[{"embeddable":true,"href":"https:\/\/www.easydaykhaolak.com\/de\/wp-json\/wp\/v2\/users\/4"}],"replies":[{"embeddable":true,"href":"https:\/\/www.easydaykhaolak.com\/de\/wp-json\/wp\/v2\/comments?post=13124"}],"version-history":[{"count":0,"href":"https:\/\/www.easydaykhaolak.com\/de\/wp-json\/wp\/v2\/pages\/13124\/revisions"}],"up":[{"embeddable":true,"href":"https:\/\/www.easydaykhaolak.com\/de\/wp-json\/wp\/v2\/pages\/1078"}],"wp:featuredmedia":[{"embeddable":true,"href":"https:\/\/www.easydaykhaolak.com\/de\/wp-json\/wp\/v2\/media\/12960"}],"wp:attachment":[{"href":"https:\/\/www.easydaykhaolak.com\/de\/wp-json\/wp\/v2\/media?parent=13124"}],"curies":[{"name":"wp","href":"https:\/\/api.w.org\/{rel}","templated":true}]}}