{"id":1233,"date":"2014-07-24T02:44:13","date_gmt":"2014-07-24T02:44:13","guid":{"rendered":"https:\/\/www.easydaykhaolak.com\/?page_id=1233"},"modified":"2024-06-21T17:46:07","modified_gmt":"2024-06-21T10:46:07","slug":"khao-lak-hotels","status":"publish","type":"page","link":"https:\/\/www.easydaykhaolak.com\/de\/khao-lak-hotels\/","title":{"rendered":"Khao Lak Hotels"},"content":{"rendered":"\n<p>Khao Lak Hotels empfohlen und angeboten von Easy Day Thailand, Ihr Reisepartner vor Ort.<\/p>\n\n\n\n<h2 class=\"wp-block-heading\">Nang Thong Beach Hotels<\/h2>\n\n\n<div class=\"wp-block-image\">\n<figure class=\"alignleft\"><a href=\"https:\/\/www.easydaykhaolak.com\/de\/khao-lak-hotels\/baan-khao-lak\/\"><img data-recalc-dims=\"1\" loading=\"lazy\" decoding=\"async\" width=\"150\" height=\"150\" src=\"https:\/\/i0.wp.com\/www.easydaykhaolak.com\/wp-content\/uploads\/2014\/04\/Pool4.jpg?resize=150%2C150&#038;ssl=1\" alt=\"Pool at Baan KhaoLak Resort - Easy Day Khao Lak Hotels\" class=\"wp-image-470\" srcset=\"https:\/\/i0.wp.com\/www.easydaykhaolak.com\/wp-content\/uploads\/2014\/04\/Pool4.jpg?resize=150%2C150&amp;ssl=1 150w, https:\/\/i0.wp.com\/www.easydaykhaolak.com\/wp-content\/uploads\/2014\/04\/Pool4.jpg?zoom=2&amp;resize=150%2C150&amp;ssl=1 300w\" sizes=\"(max-width: 150px) 100vw, 150px\" \/><\/a><figcaption class=\"wp-element-caption\">Pool at Baan KhaoLak Resort<\/figcaption><\/figure>\n<\/div>\n\n\n<h3 class=\"wp-block-heading\"><a title=\"Baan KhaoLak Resort\" href=\"https:\/\/www.easydaykhaolak.com\/de\/khao-lak-hotels\/baan-khao-lak\/\">Baan Khao Lak Resort<\/a><\/h3>\n\n\n\n<p>Das Baan Khao Lak Resort liegt am Nang Thong Beach. Ein wundersch\u00f6ner Strand in einer ruhigen Gegend was gleichzeitig nicht weit vom Zentrum ist. Sehr gut ausgestattete Zimmer und sch\u00f6ne Poolanlage sind die Grundlage f\u00fcr einen unvergessenen Urlaub in Thailand.<\/p>\n\n\n\n<p><strong><span style=\"color: #ff0000;\">3 Tage \/ 2 N\u00e4chte<\/span> &#8211; Preise in <\/strong><strong>Thai Baht <\/strong><strong>pro Person ab: <\/strong><strong>3,400<\/strong><\/p>\n\n\n\n<p class=\"has-text-align-right\"><a title=\"Baan KhaoLak Resort\" href=\"https:\/\/www.easydaykhaolak.com\/de\/khao-lak-hotels\/baan-khao-lak\/\">Mehr Infos<\/a><\/p>\n\n\n<div class=\"divider\"><\/div>\n\n\n<div class=\"wp-block-image\">\n<figure class=\"alignleft\"><a href=\"https:\/\/www.easydaykhaolak.com\/de\/khao-lak-hotels\/baan-krating\/\"><img data-recalc-dims=\"1\" loading=\"lazy\" decoding=\"async\" width=\"150\" height=\"150\" src=\"https:\/\/i0.wp.com\/www.easydaykhaolak.com\/wp-content\/uploads\/2014\/04\/View2.jpg?resize=150%2C150&#038;ssl=1\" alt=\"Baan Krating Pool View - Easy day Khao Lak Hotels\" class=\"wp-image-190\" srcset=\"https:\/\/i0.wp.com\/www.easydaykhaolak.com\/wp-content\/uploads\/2014\/04\/View2.jpg?resize=150%2C150&amp;ssl=1 150w, https:\/\/i0.wp.com\/www.easydaykhaolak.com\/wp-content\/uploads\/2014\/04\/View2.jpg?zoom=2&amp;resize=150%2C150&amp;ssl=1 300w\" sizes=\"(max-width: 150px) 100vw, 150px\" \/><\/a><figcaption class=\"wp-element-caption\">Baan Krating Pool View<\/figcaption><\/figure>\n<\/div>\n\n\n<h3 class=\"wp-block-heading\"><a title=\"Baan Krating Khao Lak Resort\" href=\"https:\/\/www.easydaykhaolak.com\/de\/khao-lak-hotels\/baan-krating\/\">Baan Krating Khao Lak Resort<\/a><\/h3>\n\n\n\n<p>Das Baan Krating Khao Lak Resort liegt etwas abgelegen und verf\u00fcgt \u00fcber einen spektakul\u00e4ren Ausblick auf die Andamanensee. Nicht weit vom Hotel befindet sich der Nationalpark Lum Rue und der sch\u00f6ne Nang Thong Strand. Familienhotel mit Poolanlage.<\/p>\n\n\n\n<p><strong><span style=\"color: #ff0000;\">3 Tage \/ 2 N\u00e4chte<\/span> &#8211; Preise in <\/strong><strong>Thai Baht pro<\/strong><strong> Person ab <\/strong><strong>3,100<\/strong><\/p>\n\n\n\n<p class=\"has-text-align-right\"><a title=\"Baan Krating Khao Lak Resort\" href=\"https:\/\/www.easydaykhaolak.com\/de\/khao-lak-hotels\/baan-krating\/\">Mehr Infos<\/a><\/p>\n\n\n<div class=\"divider\"><\/div>\n\n\n<div class=\"wp-block-image\">\n<figure class=\"alignleft\"><a href=\"https:\/\/www.easydaykhaolak.com\/de\/khao-lak-hotels\/sands\/\"><img data-recalc-dims=\"1\" loading=\"lazy\" decoding=\"async\" width=\"150\" height=\"150\" src=\"https:\/\/i0.wp.com\/www.easydaykhaolak.com\/wp-content\/uploads\/2014\/04\/Garden.jpg?resize=150%2C150&#038;ssl=1\" alt=\"The Sands Garden\" class=\"wp-image-254\" srcset=\"https:\/\/i0.wp.com\/www.easydaykhaolak.com\/wp-content\/uploads\/2014\/04\/Garden.jpg?resize=150%2C150&amp;ssl=1 150w, https:\/\/i0.wp.com\/www.easydaykhaolak.com\/wp-content\/uploads\/2014\/04\/Garden.jpg?zoom=2&amp;resize=150%2C150&amp;ssl=1 300w\" sizes=\"(max-width: 150px) 100vw, 150px\" \/><\/a><figcaption class=\"wp-element-caption\">The Sands Garden<\/figcaption><\/figure>\n<\/div>\n\n\n<h3 class=\"wp-block-heading\"><a title=\"The Sands Khao Lak Resort\" href=\"https:\/\/www.easydaykhaolak.com\/de\/khao-lak-hotels\/sands\/\">The Sands Khao Lak<\/a><\/h3>\n\n\n\n<p>Das Hotel liegt direkt am Nong Thong Strand umgeben von gr\u00fcnen H\u00fcgeln, ist es eines der sch\u00f6nsten und anspruchsvollsten in der Umgebung von Khao Lak. Stillvoll eingerichtete Zimmer mit Meerblick und einem Service wie man ihn nicht alle Tage bekommt.<\/p>\n\n\n\n<p><strong><span style=\"color: #ff0000;\">3 Tage \/ 2 N\u00e4chte<\/span> &#8211; Preise in <\/strong><strong>Thai Baht <\/strong><strong>pro Person ab <\/strong><strong>5,400<\/strong><\/p>\n\n\n\n<p class=\"has-text-align-right\"><a title=\"Baan Krating Khao Lak Resort\" href=\"https:\/\/www.easydaykhaolak.com\/de\/khao-lak-hotels\/sands\/\">Mehr Infos<\/a><\/p>\n\n\n<div class=\"divider\"><\/div>\n\n\n<div class=\"wp-block-image\">\n<figure class=\"alignleft\"><a href=\"https:\/\/www.easydaykhaolak.com\/de\/khao-lak-hotels\/the-leaf-at-the-sands-khao-lak\/\"><img data-recalc-dims=\"1\" loading=\"lazy\" decoding=\"async\" width=\"150\" height=\"150\" src=\"https:\/\/i0.wp.com\/www.easydaykhaolak.com\/wp-content\/uploads\/2014\/06\/los-1.jpg?resize=150%2C150&#038;ssl=1\" alt=\"The Leaf Khao Lak Resort\" class=\"wp-image-559\" srcset=\"https:\/\/i0.wp.com\/www.easydaykhaolak.com\/wp-content\/uploads\/2014\/06\/los-1.jpg?resize=150%2C150&amp;ssl=1 150w, https:\/\/i0.wp.com\/www.easydaykhaolak.com\/wp-content\/uploads\/2014\/06\/los-1.jpg?resize=300%2C300&amp;ssl=1 300w, https:\/\/i0.wp.com\/www.easydaykhaolak.com\/wp-content\/uploads\/2014\/06\/los-1.jpg?resize=55%2C55&amp;ssl=1 55w, https:\/\/i0.wp.com\/www.easydaykhaolak.com\/wp-content\/uploads\/2014\/06\/los-1.jpg?w=338&amp;ssl=1 338w\" sizes=\"(max-width: 150px) 100vw, 150px\" \/><\/a><figcaption class=\"wp-element-caption\">The Leaf Khao Lak Resort<\/figcaption><\/figure>\n<\/div>\n\n\n<h3 class=\"wp-block-heading\"><a title=\"The Leaf Khao Lak\" href=\"https:\/\/www.easydaykhaolak.com\/de\/khao-lak-hotels\/the-leaf-at-the-sands-khao-lak\/\">The Leaf Khao Lak<\/a><\/h3>\n\n\n\n<p>The Leaf liegt von gr\u00fcnen H\u00fcgeln umgeben, ebenfalls am Strand von Nang Thong und ist nur ein Katzensprung zum Herzen von Khao Lak entfernt. Ein wundersch\u00f6ner tropischer Garten und die Poolanlage mit Bar, garantiert Ihnen eine Atmosph\u00e4re der Extraklasse.<\/p>\n\n\n\n<p><strong><span style=\"color: #ff0000;\">3 Tage \/ 2 N\u00e4chte<\/span> &#8211; Preise in <\/strong><strong>Thai Baht <\/strong><strong>pro Person ab <\/strong><strong>3,200<br><\/strong><\/p>\n\n\n\n<p class=\"has-text-align-right\"><a title=\"The Leaf Khao Lak\" href=\"https:\/\/www.easydaykhaolak.com\/de\/khao-lak-hotels\/the-leaf-at-the-sands-khao-lak\/\">Mehr Infos<\/a><\/p>\n\n\n<div class=\"divider\"><\/div>\n\n\n<div class=\"wp-block-image\">\n<figure class=\"alignleft\"><a href=\"https:\/\/www.easydaykhaolak.com\/de\/khao-lak-hotels\/khao-lak-palm-hill\/\"><img data-recalc-dims=\"1\" loading=\"lazy\" decoding=\"async\" width=\"150\" height=\"150\" src=\"https:\/\/i0.wp.com\/www.easydaykhaolak.com\/wp-content\/uploads\/2014\/04\/Pool3.jpg?resize=150%2C150&#038;ssl=1\" alt=\"Palm Hill Pool\" class=\"wp-image-238\"\/><\/a><figcaption class=\"wp-element-caption\">Palm Hill Pool<\/figcaption><\/figure>\n<\/div>\n\n\n<h3 class=\"wp-block-heading\"><a title=\"Khao Lak Palm Hill Resort\" href=\"https:\/\/www.easydaykhaolak.com\/de\/khao-lak-hotels\/khao-lak-palm-hill\/\">Khao Lak Palm Hill<\/a><\/h3>\n\n\n\n<p>Mitten in Khao Lak und ca. 10 min vom Strand entfernt liegt das Palm Hill. Unterschiedliche Zimmer stehen hier zur Verf\u00fcgung, wobei die beliebtesten direkt am Pool sind. Ein paar Schritte aus dem Hotel finden Sie Restaurants, Shops und gen\u00fcgend M\u00f6glichkeiten zur Unterhaltung.<\/p>\n\n\n\n<p><strong><span style=\"color: #ff0000;\">3 Tage \/ 2 N\u00e4chte<\/span> &#8211; Preise in <\/strong><strong>Thai Baht <\/strong><strong>pro Person ab <\/strong><strong>3,200<br><\/strong><\/p>\n\n\n\n<p class=\"has-text-align-right\"><a title=\"Khao Lak Palm Hill Resort\" href=\"https:\/\/www.easydaykhaolak.com\/de\/khao-lak-hotels\/khao-lak-palm-hill\/\">Mehr Infos<\/a><\/p>\n\n\n<div class=\"divider\"><\/div>\n\n\n<div class=\"wp-block-image\">\n<figure class=\"alignleft\"><a href=\"https:\/\/www.easydaykhaolak.com\/de\/khao-lak-hotels\/mai-khao-lak\/\"><img data-recalc-dims=\"1\" loading=\"lazy\" decoding=\"async\" width=\"150\" height=\"150\" src=\"https:\/\/i0.wp.com\/www.easydaykhaolak.com\/wp-content\/uploads\/2014\/04\/Mai-khaolak-Deluxe-Pool-Access.jpg?resize=150%2C150&#038;ssl=1\" alt=\"Mai khaolak Deluxe Pool Access\" class=\"wp-image-223\"\/><\/a><figcaption class=\"wp-element-caption\">Mai khaolak Deluxe Pool<\/figcaption><\/figure>\n<\/div>\n\n\n<h3 class=\"wp-block-heading\"><a title=\"Mai Khao Lak Resort\" href=\"https:\/\/www.easydaykhaolak.com\/de\/khao-lak-hotels\/mai-khao-lak\/\">Mai Khao Lak Resort<\/a><\/h3>\n\n\n\n<p>Das Hotel was sich in der oberen Preisklasse bewegt, liegt direkt am Strand von Khao Lak. Wundersch\u00f6ne Suiten und noch sch\u00f6nere Strand Villen stehen hier den G\u00e4sten zur Verf\u00fcgung. Vom Hotel sind es nur ein paar Min. bis in die Stadt wo man Abends gem\u00fctlich schlendern kann.<\/p>\n\n\n\n<p><strong><span style=\"color: #ff0000;\">3 Tage \/ 2 N\u00e4chte<\/span> &#8211; Preise in <\/strong><strong>Thai Baht <\/strong><strong>pro Person&nbsp; <\/strong><strong>5,400<\/strong><\/p>\n\n\n\n<p class=\"has-text-align-right\"><a title=\"Mai Khao Lak Resort\" href=\"https:\/\/www.easydaykhaolak.com\/de\/khao-lak-hotels\/mai-khao-lak\/\">Mehr Infos<\/a><\/p>\n\n\n<div class=\"divider\"><\/div>\n\n\n<div class=\"wp-block-image\">\n<figure class=\"alignleft\"><a href=\"https:\/\/www.easydaykhaolak.com\/de\/khao-lak-hotels\/monochrom-resort-khao-lak\/\"><img data-recalc-dims=\"1\" loading=\"lazy\" decoding=\"async\" width=\"150\" height=\"150\" src=\"https:\/\/i0.wp.com\/www.easydaykhaolak.com\/wp-content\/uploads\/2014\/06\/chill-1.jpg?resize=150%2C150&#038;ssl=1\" alt=\"Monochrom Resort Khao Lak, Thailand\" class=\"wp-image-697\" srcset=\"https:\/\/i0.wp.com\/www.easydaykhaolak.com\/wp-content\/uploads\/2014\/06\/chill-1.jpg?resize=150%2C150&amp;ssl=1 150w, https:\/\/i0.wp.com\/www.easydaykhaolak.com\/wp-content\/uploads\/2014\/06\/chill-1.jpg?zoom=2&amp;resize=150%2C150&amp;ssl=1 300w, https:\/\/i0.wp.com\/www.easydaykhaolak.com\/wp-content\/uploads\/2014\/06\/chill-1.jpg?zoom=3&amp;resize=150%2C150&amp;ssl=1 450w\" sizes=\"(max-width: 150px) 100vw, 150px\" \/><\/a><figcaption class=\"wp-element-caption\">Monochrom Resort Pool<\/figcaption><\/figure>\n<\/div>\n\n\n<h3 class=\"wp-block-heading\"><a title=\"Monochrome Resort\" href=\"https:\/\/www.easydaykhaolak.com\/de\/khao-lak-hotels\/monochrom-resort-khao-lak\/\">Monochrome Resort<\/a><\/h3>\n\n\n\n<p><span id=\"result_box\" lang=\"de\"><span class=\"hps\">Dieses Resort<\/span> ist <span class=\"hps\">nur f\u00fcr Erwachsene<\/span> <span class=\"hps\">und bietet moderne Zimmer mit luxuri\u00f6ser Einrichtung. Vom Hotel sind es ca. 300m bis zum Bang Niang Beach, wof\u00fcr ein Transfer zur Verf\u00fcgung steht. Ausgestattet mit Pool, Fitness Center und Yoga Studio ist f\u00fcr den aktiven Urlaub gesorgt.<br><\/span><\/span><\/p>\n\n\n\n<p><strong><span style=\"color: #ff0000;\">3 Tage \/ 2 N\u00e4chte<\/span> &#8211; Preise in <\/strong><strong>Thai Baht <\/strong><strong>pro Person ab <\/strong><strong>[monochrom_3d2n]<\/strong><\/p>\n\n\n\n<p class=\"has-text-align-right\"><a title=\"Monochrome Resort\" href=\"https:\/\/www.easydaykhaolak.com\/de\/khao-lak-hotels\/monochrom-resort-khao-lak\/\">Mehr Infos<\/a><\/p>\n\n\n<div class=\"divider\"><\/div>\n\n\n<div class=\"wp-block-image\">\n<figure class=\"alignleft\"><a href=\"https:\/\/www.easydaykhaolak.com\/de\/khao-lak-hotels\/emerald-beach\/\"><img data-recalc-dims=\"1\" loading=\"lazy\" decoding=\"async\" width=\"150\" height=\"150\" src=\"https:\/\/i0.wp.com\/www.easydaykhaolak.com\/wp-content\/uploads\/2014\/04\/Pool2.jpg?resize=150%2C150&#038;ssl=1\" alt=\"Emerald Beach Pool\" class=\"wp-image-213\" srcset=\"https:\/\/i0.wp.com\/www.easydaykhaolak.com\/wp-content\/uploads\/2014\/04\/Pool2.jpg?resize=150%2C150&amp;ssl=1 150w, https:\/\/i0.wp.com\/www.easydaykhaolak.com\/wp-content\/uploads\/2014\/04\/Pool2.jpg?zoom=2&amp;resize=150%2C150&amp;ssl=1 300w\" sizes=\"(max-width: 150px) 100vw, 150px\" \/><\/a><figcaption class=\"wp-element-caption\">Emerald Beach Pool<\/figcaption><\/figure>\n<\/div>\n\n\n<h3 class=\"wp-block-heading\"><a title=\"Emerald Beach Resort\" href=\"https:\/\/www.easydaykhaolak.com\/de\/khao-lak-hotels\/emerald-beach\/\">Emerald Beach Resort<\/a><\/h3>\n\n\n\n<p>Dieses Resort befindet sich an einem privat Strand von Khao Lak mit einem tropischen Garten und einer super Poolanlage mit separaten Bereich f\u00fcr Kinder. Geniessen Sie thail\u00e4ndische Kultur und Gastfreundschaft in einer der sch\u00f6nsten Resorts von Khao Lak.<\/p>\n\n\n\n<p><strong><span style=\"color: #ff0000;\">3 Tage \/ 2 N\u00e4chte<\/span> &#8211; Preise in <\/strong><strong>Thai Baht <\/strong><strong>pro Person ab <\/strong><strong>4,200<br><\/strong><\/p>\n\n\n\n<p class=\"has-text-align-right\"><a title=\"Emerald Beach Resort\" href=\"https:\/\/www.easydaykhaolak.com\/de\/khao-lak-hotels\/emerald-beach\/\">Mehr Infos<\/a><\/p>\n\n\n<div class=\"divider\"><\/div>\n\n\n\n<h2 class=\"wp-block-heading\">\u00a0Informieren Sie uns f\u00fcr Ihr Hotel in Khao Lak<\/h2>\n\n\n\n\t\t\t\t\t\t<script>\n\t\t\t\t\t\t\twindow.hsFormsOnReady = window.hsFormsOnReady || [];\n\t\t\t\t\t\t\twindow.hsFormsOnReady.push(()=>{\n\t\t\t\t\t\t\t\thbspt.forms.create({\n\t\t\t\t\t\t\t\t\tportalId: 3413662,\n\t\t\t\t\t\t\t\t\tformId: \"51775174-3b69-4a05-9e8f-ce47dfab9464\",\n\t\t\t\t\t\t\t\t\ttarget: \"#hbspt-form-1775465710000-3277830682\",\n\t\t\t\t\t\t\t\t\tregion: \"na1\",\n\t\t\t\t\t\t\t\t\t\n\t\t\t\t\t\t\t})});\n\t\t\t\t\t\t<\/script>\n\t\t\t\t\t\t<div class=\"hbspt-form\" id=\"hbspt-form-1775465710000-3277830682\"><\/div>\n","protected":false},"excerpt":{"rendered":"<p>Khao Lak Hotels empfohlen und angeboten von Easy Day Thailand, Ihr Reisepartner vor Ort. Nang Thong Beach Hotels Baan Khao Lak Resort Das Baan Khao Lak Resort liegt am Nang [&hellip;]<\/p>\n","protected":false},"author":2,"featured_media":0,"parent":0,"menu_order":0,"comment_status":"closed","ping_status":"open","template":"","meta":{"_et_pb_use_builder":"","_et_pb_old_content":"","_et_gb_content_width":"","content-type":"","footnotes":""},"class_list":["post-1233","page","type-page","status-publish","hentry"],"yoast_head":"<!-- This site is optimized with the Yoast SEO plugin v27.3 - https:\/\/yoast.com\/product\/yoast-seo-wordpress\/ -->\n<title>Khao Lak Hotels - Empfohlen von Easy Day Khao Lak<\/title>\n<meta name=\"description\" content=\"Khao Lak Hotels - Empfohlen von Easy Day Khao Lak. Hotels in allen Preislagen von 3 Sterne bis 5 Sterne Luxus Hotel am Starnd von Khao Lak. Lesen Sie mehr!\" \/>\n<meta name=\"robots\" content=\"index, follow, max-snippet:-1, max-image-preview:large, max-video-preview:-1\" \/>\n<link rel=\"canonical\" href=\"https:\/\/www.easydaykhaolak.com\/de\/khao-lak-hotels\/\" \/>\n<meta property=\"og:locale\" content=\"de_DE\" \/>\n<meta property=\"og:type\" content=\"article\" \/>\n<meta property=\"og:title\" content=\"Khao Lak Hotels - Empfohlen von Easy Day Khao Lak\" \/>\n<meta property=\"og:description\" content=\"Khao Lak Hotels - Empfohlen von Easy Day Khao Lak. Hotels in allen Preislagen von 3 Sterne bis 5 Sterne Luxus Hotel am Starnd von Khao Lak. Lesen Sie mehr!\" \/>\n<meta property=\"og:url\" content=\"https:\/\/www.easydaykhaolak.com\/de\/khao-lak-hotels\/\" \/>\n<meta property=\"og:site_name\" content=\"Easy Day Khao Lak\" \/>\n<meta property=\"article:modified_time\" content=\"2024-06-21T10:46:07+00:00\" \/>\n<meta property=\"og:image\" content=\"https:\/\/www.easydaykhaolak.com\/wp-content\/uploads\/2014\/04\/Pool4-150x150.jpg\" \/>\n<meta name=\"twitter:label1\" content=\"Gesch\u00e4tzte Lesezeit\" \/>\n\t<meta name=\"twitter:data1\" content=\"4\u00a0Minuten\" \/>\n<script type=\"application\/ld+json\" class=\"yoast-schema-graph\">{\"@context\":\"https:\\\/\\\/schema.org\",\"@graph\":[{\"@type\":\"WebPage\",\"@id\":\"https:\\\/\\\/www.easydaykhaolak.com\\\/de\\\/khao-lak-hotels\\\/\",\"url\":\"https:\\\/\\\/www.easydaykhaolak.com\\\/de\\\/khao-lak-hotels\\\/\",\"name\":\"Khao Lak Hotels - Empfohlen von Easy Day Khao Lak\",\"isPartOf\":{\"@id\":\"https:\\\/\\\/www.easydaykhaolak.com\\\/#website\"},\"primaryImageOfPage\":{\"@id\":\"https:\\\/\\\/www.easydaykhaolak.com\\\/de\\\/khao-lak-hotels\\\/#primaryimage\"},\"image\":{\"@id\":\"https:\\\/\\\/www.easydaykhaolak.com\\\/de\\\/khao-lak-hotels\\\/#primaryimage\"},\"thumbnailUrl\":\"https:\\\/\\\/www.easydaykhaolak.com\\\/wp-content\\\/uploads\\\/2014\\\/04\\\/Pool4-150x150.jpg\",\"datePublished\":\"2014-07-24T02:44:13+00:00\",\"dateModified\":\"2024-06-21T10:46:07+00:00\",\"description\":\"Khao Lak Hotels - Empfohlen von Easy Day Khao Lak. Hotels in allen Preislagen von 3 Sterne bis 5 Sterne Luxus Hotel am Starnd von Khao Lak. Lesen Sie mehr!\",\"breadcrumb\":{\"@id\":\"https:\\\/\\\/www.easydaykhaolak.com\\\/de\\\/khao-lak-hotels\\\/#breadcrumb\"},\"inLanguage\":\"de\",\"potentialAction\":[{\"@type\":\"ReadAction\",\"target\":[\"https:\\\/\\\/www.easydaykhaolak.com\\\/de\\\/khao-lak-hotels\\\/\"]}]},{\"@type\":\"ImageObject\",\"inLanguage\":\"de\",\"@id\":\"https:\\\/\\\/www.easydaykhaolak.com\\\/de\\\/khao-lak-hotels\\\/#primaryimage\",\"url\":\"https:\\\/\\\/www.easydaykhaolak.com\\\/wp-content\\\/uploads\\\/2014\\\/04\\\/Pool4-150x150.jpg\",\"contentUrl\":\"https:\\\/\\\/www.easydaykhaolak.com\\\/wp-content\\\/uploads\\\/2014\\\/04\\\/Pool4-150x150.jpg\"},{\"@type\":\"BreadcrumbList\",\"@id\":\"https:\\\/\\\/www.easydaykhaolak.com\\\/de\\\/khao-lak-hotels\\\/#breadcrumb\",\"itemListElement\":[{\"@type\":\"ListItem\",\"position\":1,\"name\":\"Home\",\"item\":\"https:\\\/\\\/www.easydaykhaolak.com\\\/\"},{\"@type\":\"ListItem\",\"position\":2,\"name\":\"Khao Lak Hotels\"}]},{\"@type\":\"WebSite\",\"@id\":\"https:\\\/\\\/www.easydaykhaolak.com\\\/#website\",\"url\":\"https:\\\/\\\/www.easydaykhaolak.com\\\/\",\"name\":\"Easy Day Khao Lak\",\"description\":\"Ihr Partner in Khao Lak f\u00fcr Ausfl\u00fcge & Touren\",\"publisher\":{\"@id\":\"https:\\\/\\\/www.easydaykhaolak.com\\\/#organization\"},\"potentialAction\":[{\"@type\":\"SearchAction\",\"target\":{\"@type\":\"EntryPoint\",\"urlTemplate\":\"https:\\\/\\\/www.easydaykhaolak.com\\\/?s={search_term_string}\"},\"query-input\":{\"@type\":\"PropertyValueSpecification\",\"valueRequired\":true,\"valueName\":\"search_term_string\"}}],\"inLanguage\":\"de\"},{\"@type\":\"Organization\",\"@id\":\"https:\\\/\\\/www.easydaykhaolak.com\\\/#organization\",\"name\":\"ED1 Ltd., Part.\",\"url\":\"https:\\\/\\\/www.easydaykhaolak.com\\\/\",\"logo\":{\"@type\":\"ImageObject\",\"inLanguage\":\"de\",\"@id\":\"https:\\\/\\\/www.easydaykhaolak.com\\\/#\\\/schema\\\/logo\\\/image\\\/\",\"url\":\"https:\\\/\\\/www.easydaykhaolak.com\\\/wp-content\\\/uploads\\\/2016\\\/04\\\/Easy-Day-Thailand-Site-Icon.png\",\"contentUrl\":\"https:\\\/\\\/www.easydaykhaolak.com\\\/wp-content\\\/uploads\\\/2016\\\/04\\\/Easy-Day-Thailand-Site-Icon.png\",\"width\":512,\"height\":512,\"caption\":\"ED1 Ltd., Part.\"},\"image\":{\"@id\":\"https:\\\/\\\/www.easydaykhaolak.com\\\/#\\\/schema\\\/logo\\\/image\\\/\"}}]}<\/script>\n<!-- \/ Yoast SEO plugin. -->","yoast_head_json":{"title":"Khao Lak Hotels - Empfohlen von Easy Day Khao Lak","description":"Khao Lak Hotels - Empfohlen von Easy Day Khao Lak. Hotels in allen Preislagen von 3 Sterne bis 5 Sterne Luxus Hotel am Starnd von Khao Lak. Lesen Sie mehr!","robots":{"index":"index","follow":"follow","max-snippet":"max-snippet:-1","max-image-preview":"max-image-preview:large","max-video-preview":"max-video-preview:-1"},"canonical":"https:\/\/www.easydaykhaolak.com\/de\/khao-lak-hotels\/","og_locale":"de_DE","og_type":"article","og_title":"Khao Lak Hotels - Empfohlen von Easy Day Khao Lak","og_description":"Khao Lak Hotels - Empfohlen von Easy Day Khao Lak. Hotels in allen Preislagen von 3 Sterne bis 5 Sterne Luxus Hotel am Starnd von Khao Lak. Lesen Sie mehr!","og_url":"https:\/\/www.easydaykhaolak.com\/de\/khao-lak-hotels\/","og_site_name":"Easy Day Khao Lak","article_modified_time":"2024-06-21T10:46:07+00:00","og_image":[{"url":"https:\/\/www.easydaykhaolak.com\/wp-content\/uploads\/2014\/04\/Pool4-150x150.jpg","type":"","width":"","height":""}],"twitter_misc":{"Gesch\u00e4tzte Lesezeit":"4\u00a0Minuten"},"schema":{"@context":"https:\/\/schema.org","@graph":[{"@type":"WebPage","@id":"https:\/\/www.easydaykhaolak.com\/de\/khao-lak-hotels\/","url":"https:\/\/www.easydaykhaolak.com\/de\/khao-lak-hotels\/","name":"Khao Lak Hotels - Empfohlen von Easy Day Khao Lak","isPartOf":{"@id":"https:\/\/www.easydaykhaolak.com\/#website"},"primaryImageOfPage":{"@id":"https:\/\/www.easydaykhaolak.com\/de\/khao-lak-hotels\/#primaryimage"},"image":{"@id":"https:\/\/www.easydaykhaolak.com\/de\/khao-lak-hotels\/#primaryimage"},"thumbnailUrl":"https:\/\/www.easydaykhaolak.com\/wp-content\/uploads\/2014\/04\/Pool4-150x150.jpg","datePublished":"2014-07-24T02:44:13+00:00","dateModified":"2024-06-21T10:46:07+00:00","description":"Khao Lak Hotels - Empfohlen von Easy Day Khao Lak. Hotels in allen Preislagen von 3 Sterne bis 5 Sterne Luxus Hotel am Starnd von Khao Lak. Lesen Sie mehr!","breadcrumb":{"@id":"https:\/\/www.easydaykhaolak.com\/de\/khao-lak-hotels\/#breadcrumb"},"inLanguage":"de","potentialAction":[{"@type":"ReadAction","target":["https:\/\/www.easydaykhaolak.com\/de\/khao-lak-hotels\/"]}]},{"@type":"ImageObject","inLanguage":"de","@id":"https:\/\/www.easydaykhaolak.com\/de\/khao-lak-hotels\/#primaryimage","url":"https:\/\/www.easydaykhaolak.com\/wp-content\/uploads\/2014\/04\/Pool4-150x150.jpg","contentUrl":"https:\/\/www.easydaykhaolak.com\/wp-content\/uploads\/2014\/04\/Pool4-150x150.jpg"},{"@type":"BreadcrumbList","@id":"https:\/\/www.easydaykhaolak.com\/de\/khao-lak-hotels\/#breadcrumb","itemListElement":[{"@type":"ListItem","position":1,"name":"Home","item":"https:\/\/www.easydaykhaolak.com\/"},{"@type":"ListItem","position":2,"name":"Khao Lak Hotels"}]},{"@type":"WebSite","@id":"https:\/\/www.easydaykhaolak.com\/#website","url":"https:\/\/www.easydaykhaolak.com\/","name":"Easy Day Khao Lak","description":"Ihr Partner in Khao Lak f\u00fcr Ausfl\u00fcge & Touren","publisher":{"@id":"https:\/\/www.easydaykhaolak.com\/#organization"},"potentialAction":[{"@type":"SearchAction","target":{"@type":"EntryPoint","urlTemplate":"https:\/\/www.easydaykhaolak.com\/?s={search_term_string}"},"query-input":{"@type":"PropertyValueSpecification","valueRequired":true,"valueName":"search_term_string"}}],"inLanguage":"de"},{"@type":"Organization","@id":"https:\/\/www.easydaykhaolak.com\/#organization","name":"ED1 Ltd., Part.","url":"https:\/\/www.easydaykhaolak.com\/","logo":{"@type":"ImageObject","inLanguage":"de","@id":"https:\/\/www.easydaykhaolak.com\/#\/schema\/logo\/image\/","url":"https:\/\/www.easydaykhaolak.com\/wp-content\/uploads\/2016\/04\/Easy-Day-Thailand-Site-Icon.png","contentUrl":"https:\/\/www.easydaykhaolak.com\/wp-content\/uploads\/2016\/04\/Easy-Day-Thailand-Site-Icon.png","width":512,"height":512,"caption":"ED1 Ltd., Part."},"image":{"@id":"https:\/\/www.easydaykhaolak.com\/#\/schema\/logo\/image\/"}}]}},"jetpack_shortlink":"https:\/\/wp.me\/Pg4etg-jT","jetpack-related-posts":[],"jetpack_sharing_enabled":true,"_links":{"self":[{"href":"https:\/\/www.easydaykhaolak.com\/de\/wp-json\/wp\/v2\/pages\/1233","targetHints":{"allow":["GET"]}}],"collection":[{"href":"https:\/\/www.easydaykhaolak.com\/de\/wp-json\/wp\/v2\/pages"}],"about":[{"href":"https:\/\/www.easydaykhaolak.com\/de\/wp-json\/wp\/v2\/types\/page"}],"author":[{"embeddable":true,"href":"https:\/\/www.easydaykhaolak.com\/de\/wp-json\/wp\/v2\/users\/2"}],"replies":[{"embeddable":true,"href":"https:\/\/www.easydaykhaolak.com\/de\/wp-json\/wp\/v2\/comments?post=1233"}],"version-history":[{"count":0,"href":"https:\/\/www.easydaykhaolak.com\/de\/wp-json\/wp\/v2\/pages\/1233\/revisions"}],"wp:attachment":[{"href":"https:\/\/www.easydaykhaolak.com\/de\/wp-json\/wp\/v2\/media?parent=1233"}],"curies":[{"name":"wp","href":"https:\/\/api.w.org\/{rel}","templated":true}]}}